{"id":740250,"date":"2025-03-03T18:07:33","date_gmt":"2025-03-03T17:07:33","guid":{"rendered":"https:\/\/stoic-curie.212-227-153-4.plesk.page\/producto\/mz-daljinski-upravljac-gore-dolje-2-tipke\/"},"modified":"2026-02-25T00:00:42","modified_gmt":"2026-02-25T00:00:42","slug":"mz-daljinski-upravljac-gore-dolje-2-tipke","status":"publish","type":"product","link":"https:\/\/stoic-curie.212-227-153-4.plesk.page\/hr\/product\/mz-daljinski-upravljac-gore-dolje-2-tipke\/","title":{"rendered":"Mz daljinski upravljac, gore-dolje, 2 tipke"},"content":{"rendered":"<p>Mz daljinski upravljac, gore-dolje, 2 tipke &#8211; <\/p>\n<p>Ru\u010dna daljinska kontrola vitla Up-Down s produ\u017enim kabelom od 4 metra. Robusno i vodootporno ku\u0107i\u0161te od samozapaljivih poliesterskih smola, kompletno s vodootpornim priklju\u010dkom i nosa\u010dem za monta\u017eu. Univerzalno napajanje od 10-32V. Dimenzije 170(195) x 78 x 40 mm.<\/p>\n","protected":false},"excerpt":{"rendered":"<p>Mz daljinski upravljac, gore-dolje, 2 tipke &#8211; Ru\u010dna daljinska kontrola vitla Up-Down s produ\u017enim kabelom od 4 metra. Robusno i<\/p>\n","protected":false},"featured_media":5938491,"comment_status":"open","ping_status":"closed","template":"","meta":[],"product_brand":[3161],"product_cat":[1611],"product_tag":[],"class_list":{"0":"post-740250","1":"product","2":"type-product","3":"status-publish","4":"has-post-thumbnail","6":"product_brand-mz-electronic-hr","7":"product_cat-vitla-quick","9":"first","10":"instock","11":"shipping-taxable","12":"purchasable","13":"product-type-simple"},"_links":{"self":[{"href":"https:\/\/stoic-curie.212-227-153-4.plesk.page\/hr\/wp-json\/wp\/v2\/product\/740250","targetHints":{"allow":["GET"]}}],"collection":[{"href":"https:\/\/stoic-curie.212-227-153-4.plesk.page\/hr\/wp-json\/wp\/v2\/product"}],"about":[{"href":"https:\/\/stoic-curie.212-227-153-4.plesk.page\/hr\/wp-json\/wp\/v2\/types\/product"}],"replies":[{"embeddable":true,"href":"https:\/\/stoic-curie.212-227-153-4.plesk.page\/hr\/wp-json\/wp\/v2\/comments?post=740250"}],"version-history":[{"count":0,"href":"https:\/\/stoic-curie.212-227-153-4.plesk.page\/hr\/wp-json\/wp\/v2\/product\/740250\/revisions"}],"wp:featuredmedia":[{"embeddable":true,"href":"https:\/\/stoic-curie.212-227-153-4.plesk.page\/hr\/wp-json\/wp\/v2\/media\/5938491"}],"wp:attachment":[{"href":"https:\/\/stoic-curie.212-227-153-4.plesk.page\/hr\/wp-json\/wp\/v2\/media?parent=740250"}],"wp:term":[{"taxonomy":"product_brand","embeddable":true,"href":"https:\/\/stoic-curie.212-227-153-4.plesk.page\/hr\/wp-json\/wp\/v2\/product_brand?post=740250"},{"taxonomy":"product_cat","embeddable":true,"href":"https:\/\/stoic-curie.212-227-153-4.plesk.page\/hr\/wp-json\/wp\/v2\/product_cat?post=740250"},{"taxonomy":"product_tag","embeddable":true,"href":"https:\/\/stoic-curie.212-227-153-4.plesk.page\/hr\/wp-json\/wp\/v2\/product_tag?post=740250"}],"curies":[{"name":"wp","href":"https:\/\/api.w.org\/{rel}","templated":true}]}}