{"id":740254,"date":"2025-03-03T18:07:34","date_gmt":"2025-03-03T17:07:34","guid":{"rendered":"https:\/\/stoic-curie.212-227-153-4.plesk.page\/producto\/quick-dzepni-odasiljac-4-tipke-nije-za-pramcani-potisnik\/"},"modified":"2026-02-25T00:00:42","modified_gmt":"2026-02-25T00:00:42","slug":"quick-dzepni-odasiljac-4-tipke-nije-za-pramcani-potisnik","status":"publish","type":"product","link":"https:\/\/stoic-curie.212-227-153-4.plesk.page\/hr\/product\/quick-dzepni-odasiljac-4-tipke-nije-za-pramcani-potisnik\/","title":{"rendered":"Quick d\u017eepni oda\u0161iljac 4 tipke ( nije za pramcani potisnik)"},"content":{"rendered":"<p>Quick d\u017eepni oda\u0161iljac 4 tipke ( nije za pramcani potisnik) &#8211; <\/p>\n<p>D\u017eepna radio daljinska kontrola za vjetroturbine, davite, prolaze itd. Vi\u0161e prijemnika mo\u017ee se kontrolirati istom daljinskom kontrolom. Dvije funkcije mogu se aktivirati istovremeno. Plutaju\u0107i, IP67 vodootporan.<\/p>\n","protected":false},"excerpt":{"rendered":"<p>Quick d\u017eepni oda\u0161iljac 4 tipke ( nije za pramcani potisnik) &#8211; D\u017eepna radio daljinska kontrola za vjetroturbine, davite, prolaze itd.<\/p>\n","protected":false},"featured_media":5938493,"comment_status":"open","ping_status":"closed","template":"","meta":[],"product_brand":[3281],"product_cat":[1611],"product_tag":[],"class_list":{"0":"post-740254","1":"product","2":"type-product","3":"status-publish","4":"has-post-thumbnail","6":"product_brand-quick-hr","7":"product_cat-vitla-quick","9":"first","10":"instock","11":"shipping-taxable","12":"purchasable","13":"product-type-simple"},"_links":{"self":[{"href":"https:\/\/stoic-curie.212-227-153-4.plesk.page\/hr\/wp-json\/wp\/v2\/product\/740254","targetHints":{"allow":["GET"]}}],"collection":[{"href":"https:\/\/stoic-curie.212-227-153-4.plesk.page\/hr\/wp-json\/wp\/v2\/product"}],"about":[{"href":"https:\/\/stoic-curie.212-227-153-4.plesk.page\/hr\/wp-json\/wp\/v2\/types\/product"}],"replies":[{"embeddable":true,"href":"https:\/\/stoic-curie.212-227-153-4.plesk.page\/hr\/wp-json\/wp\/v2\/comments?post=740254"}],"version-history":[{"count":0,"href":"https:\/\/stoic-curie.212-227-153-4.plesk.page\/hr\/wp-json\/wp\/v2\/product\/740254\/revisions"}],"wp:featuredmedia":[{"embeddable":true,"href":"https:\/\/stoic-curie.212-227-153-4.plesk.page\/hr\/wp-json\/wp\/v2\/media\/5938493"}],"wp:attachment":[{"href":"https:\/\/stoic-curie.212-227-153-4.plesk.page\/hr\/wp-json\/wp\/v2\/media?parent=740254"}],"wp:term":[{"taxonomy":"product_brand","embeddable":true,"href":"https:\/\/stoic-curie.212-227-153-4.plesk.page\/hr\/wp-json\/wp\/v2\/product_brand?post=740254"},{"taxonomy":"product_cat","embeddable":true,"href":"https:\/\/stoic-curie.212-227-153-4.plesk.page\/hr\/wp-json\/wp\/v2\/product_cat?post=740254"},{"taxonomy":"product_tag","embeddable":true,"href":"https:\/\/stoic-curie.212-227-153-4.plesk.page\/hr\/wp-json\/wp\/v2\/product_tag?post=740254"}],"curies":[{"name":"wp","href":"https:\/\/api.w.org\/{rel}","templated":true}]}}