{"id":740255,"date":"2025-03-03T18:07:34","date_gmt":"2025-03-03T17:07:34","guid":{"rendered":"https:\/\/stoic-curie.212-227-153-4.plesk.page\/producto\/mz-lancani-brojac\/"},"modified":"2026-02-25T00:00:42","modified_gmt":"2026-02-25T00:00:42","slug":"mz-lancani-brojac","status":"publish","type":"product","link":"https:\/\/stoic-curie.212-227-153-4.plesk.page\/hr\/product\/mz-lancani-brojac\/","title":{"rendered":"Mz lancani brojac"},"content":{"rendered":"<p>Mz lancani brojac &#8211; <\/p>\n<p>Prijenosna daljinska kontrola za brojanje lanaca za sidra. S ekranom koji broji duljinu otpustene lanca. Vodootporan, s produ\u017enim kabelom od 3 metra, vodonepropusnom konektorom i monta\u017enom dr\u017ea\u010dem. Univerzalno napajanje 12\/24V.<\/p>\n","protected":false},"excerpt":{"rendered":"<p>Mz lancani brojac &#8211; Prijenosna daljinska kontrola za brojanje lanaca za sidra. S ekranom koji broji duljinu otpustene lanca. Vodootporan,<\/p>\n","protected":false},"featured_media":5938494,"comment_status":"open","ping_status":"closed","template":"","meta":[],"product_brand":[3161],"product_cat":[1611],"product_tag":[],"class_list":{"0":"post-740255","1":"product","2":"type-product","3":"status-publish","4":"has-post-thumbnail","6":"product_brand-mz-electronic-hr","7":"product_cat-vitla-quick","9":"first","10":"instock","11":"shipping-taxable","12":"purchasable","13":"product-type-simple"},"_links":{"self":[{"href":"https:\/\/stoic-curie.212-227-153-4.plesk.page\/hr\/wp-json\/wp\/v2\/product\/740255","targetHints":{"allow":["GET"]}}],"collection":[{"href":"https:\/\/stoic-curie.212-227-153-4.plesk.page\/hr\/wp-json\/wp\/v2\/product"}],"about":[{"href":"https:\/\/stoic-curie.212-227-153-4.plesk.page\/hr\/wp-json\/wp\/v2\/types\/product"}],"replies":[{"embeddable":true,"href":"https:\/\/stoic-curie.212-227-153-4.plesk.page\/hr\/wp-json\/wp\/v2\/comments?post=740255"}],"version-history":[{"count":0,"href":"https:\/\/stoic-curie.212-227-153-4.plesk.page\/hr\/wp-json\/wp\/v2\/product\/740255\/revisions"}],"wp:featuredmedia":[{"embeddable":true,"href":"https:\/\/stoic-curie.212-227-153-4.plesk.page\/hr\/wp-json\/wp\/v2\/media\/5938494"}],"wp:attachment":[{"href":"https:\/\/stoic-curie.212-227-153-4.plesk.page\/hr\/wp-json\/wp\/v2\/media?parent=740255"}],"wp:term":[{"taxonomy":"product_brand","embeddable":true,"href":"https:\/\/stoic-curie.212-227-153-4.plesk.page\/hr\/wp-json\/wp\/v2\/product_brand?post=740255"},{"taxonomy":"product_cat","embeddable":true,"href":"https:\/\/stoic-curie.212-227-153-4.plesk.page\/hr\/wp-json\/wp\/v2\/product_cat?post=740255"},{"taxonomy":"product_tag","embeddable":true,"href":"https:\/\/stoic-curie.212-227-153-4.plesk.page\/hr\/wp-json\/wp\/v2\/product_tag?post=740255"}],"curies":[{"name":"wp","href":"https:\/\/api.w.org\/{rel}","templated":true}]}}