{"id":740258,"date":"2025-03-03T18:07:35","date_gmt":"2025-03-03T17:07:35","guid":{"rendered":"https:\/\/stoic-curie.212-227-153-4.plesk.page\/producto\/quick-rucni-daljinski-upravljac-4-tipke\/"},"modified":"2026-02-25T00:00:42","modified_gmt":"2026-02-25T00:00:42","slug":"quick-rucni-daljinski-upravljac-4-tipke","status":"publish","type":"product","link":"https:\/\/stoic-curie.212-227-153-4.plesk.page\/hr\/product\/quick-rucni-daljinski-upravljac-4-tipke\/","title":{"rendered":"Quick ru\u010dni daljinski upravljac, 4 tipke"},"content":{"rendered":"<p>Quick ru\u010dni daljinski upravljac, 4 tipke &#8211; <\/p>\n<p>Be\u017ei\u010dna daljinska kontrola za sidrene vitlove, davite, mostove itd. Vi\u0161e prijemnika mo\u017ee se kontrolirati istom daljinskom kontrolom. Dvije funkcije mogu biti aktivirane istovremeno. Tipkovnica sa LED pozadinskim osvjetljenjem. Plutaju\u0107i, IP67 vodootporan.<\/p>\n","protected":false},"excerpt":{"rendered":"<p>Quick ru\u010dni daljinski upravljac, 4 tipke &#8211; Be\u017ei\u010dna daljinska kontrola za sidrene vitlove, davite, mostove itd. Vi\u0161e prijemnika mo\u017ee se<\/p>\n","protected":false},"featured_media":5938498,"comment_status":"open","ping_status":"closed","template":"","meta":[],"product_brand":[3281],"product_cat":[1611],"product_tag":[],"class_list":{"0":"post-740258","1":"product","2":"type-product","3":"status-publish","4":"has-post-thumbnail","6":"product_brand-quick-hr","7":"product_cat-vitla-quick","9":"first","10":"instock","11":"shipping-taxable","12":"purchasable","13":"product-type-simple"},"_links":{"self":[{"href":"https:\/\/stoic-curie.212-227-153-4.plesk.page\/hr\/wp-json\/wp\/v2\/product\/740258","targetHints":{"allow":["GET"]}}],"collection":[{"href":"https:\/\/stoic-curie.212-227-153-4.plesk.page\/hr\/wp-json\/wp\/v2\/product"}],"about":[{"href":"https:\/\/stoic-curie.212-227-153-4.plesk.page\/hr\/wp-json\/wp\/v2\/types\/product"}],"replies":[{"embeddable":true,"href":"https:\/\/stoic-curie.212-227-153-4.plesk.page\/hr\/wp-json\/wp\/v2\/comments?post=740258"}],"version-history":[{"count":0,"href":"https:\/\/stoic-curie.212-227-153-4.plesk.page\/hr\/wp-json\/wp\/v2\/product\/740258\/revisions"}],"wp:featuredmedia":[{"embeddable":true,"href":"https:\/\/stoic-curie.212-227-153-4.plesk.page\/hr\/wp-json\/wp\/v2\/media\/5938498"}],"wp:attachment":[{"href":"https:\/\/stoic-curie.212-227-153-4.plesk.page\/hr\/wp-json\/wp\/v2\/media?parent=740258"}],"wp:term":[{"taxonomy":"product_brand","embeddable":true,"href":"https:\/\/stoic-curie.212-227-153-4.plesk.page\/hr\/wp-json\/wp\/v2\/product_brand?post=740258"},{"taxonomy":"product_cat","embeddable":true,"href":"https:\/\/stoic-curie.212-227-153-4.plesk.page\/hr\/wp-json\/wp\/v2\/product_cat?post=740258"},{"taxonomy":"product_tag","embeddable":true,"href":"https:\/\/stoic-curie.212-227-153-4.plesk.page\/hr\/wp-json\/wp\/v2\/product_tag?post=740258"}],"curies":[{"name":"wp","href":"https:\/\/api.w.org\/{rel}","templated":true}]}}