{"id":740259,"date":"2025-03-03T18:07:35","date_gmt":"2025-03-03T17:07:35","guid":{"rendered":"https:\/\/stoic-curie.212-227-153-4.plesk.page\/producto\/quick-prijemnici-2-kanala\/"},"modified":"2026-02-25T00:00:42","modified_gmt":"2026-02-25T00:00:42","slug":"quick-prijemnici-2-kanala","status":"publish","type":"product","link":"https:\/\/stoic-curie.212-227-153-4.plesk.page\/hr\/product\/quick-prijemnici-2-kanala\/","title":{"rendered":"Quick RRC Prijemnici 2 Kanala"},"content":{"rendered":"<p>Quick RRC Prijemnici 2 Kanala &#8211; <\/p>\n<p>Radio daljinski upravlja\u010di s prijemnicima od 2 do 12 releja\/kanala, univerzalno napajanje 12\/24V i optimizirana potro\u0161nja energije od 25mA. S LED indikatorima radnog statusa u 7 razina i prikaznim indikatorom. Inverzija polariteta i za\u0161tita od niskog napona baterije. Mo\u017ee pohraniti do 50 oda\u0161ilja\u010da. Dvije funkcije mogu biti aktivirane istovremeno. Mo\u017ee se spojiti na vanjsku antenu.<\/p>\n","protected":false},"excerpt":{"rendered":"<p>Quick RRC Prijemnici 2 Kanala &#8211; Radio daljinski upravlja\u010di s prijemnicima od 2 do 12 releja\/kanala, univerzalno napajanje 12\/24V i<\/p>\n","protected":false},"featured_media":5938500,"comment_status":"open","ping_status":"closed","template":"","meta":[],"product_brand":[3281],"product_cat":[1611],"product_tag":[],"class_list":{"0":"post-740259","1":"product","2":"type-product","3":"status-publish","4":"has-post-thumbnail","6":"product_brand-quick-hr","7":"product_cat-vitla-quick","9":"first","10":"instock","11":"shipping-taxable","12":"purchasable","13":"product-type-simple"},"_links":{"self":[{"href":"https:\/\/stoic-curie.212-227-153-4.plesk.page\/hr\/wp-json\/wp\/v2\/product\/740259","targetHints":{"allow":["GET"]}}],"collection":[{"href":"https:\/\/stoic-curie.212-227-153-4.plesk.page\/hr\/wp-json\/wp\/v2\/product"}],"about":[{"href":"https:\/\/stoic-curie.212-227-153-4.plesk.page\/hr\/wp-json\/wp\/v2\/types\/product"}],"replies":[{"embeddable":true,"href":"https:\/\/stoic-curie.212-227-153-4.plesk.page\/hr\/wp-json\/wp\/v2\/comments?post=740259"}],"version-history":[{"count":0,"href":"https:\/\/stoic-curie.212-227-153-4.plesk.page\/hr\/wp-json\/wp\/v2\/product\/740259\/revisions"}],"wp:featuredmedia":[{"embeddable":true,"href":"https:\/\/stoic-curie.212-227-153-4.plesk.page\/hr\/wp-json\/wp\/v2\/media\/5938500"}],"wp:attachment":[{"href":"https:\/\/stoic-curie.212-227-153-4.plesk.page\/hr\/wp-json\/wp\/v2\/media?parent=740259"}],"wp:term":[{"taxonomy":"product_brand","embeddable":true,"href":"https:\/\/stoic-curie.212-227-153-4.plesk.page\/hr\/wp-json\/wp\/v2\/product_brand?post=740259"},{"taxonomy":"product_cat","embeddable":true,"href":"https:\/\/stoic-curie.212-227-153-4.plesk.page\/hr\/wp-json\/wp\/v2\/product_cat?post=740259"},{"taxonomy":"product_tag","embeddable":true,"href":"https:\/\/stoic-curie.212-227-153-4.plesk.page\/hr\/wp-json\/wp\/v2\/product_tag?post=740259"}],"curies":[{"name":"wp","href":"https:\/\/api.w.org\/{rel}","templated":true}]}}