{"id":740266,"date":"2025-03-03T18:07:37","date_gmt":"2025-03-03T17:07:37","guid":{"rendered":"https:\/\/stoic-curie.212-227-153-4.plesk.page\/producto\/quick-daljinski-upravljac-gore-dolje-2-tipke-led-svijetiljka\/"},"modified":"2026-02-25T00:00:43","modified_gmt":"2026-02-25T00:00:43","slug":"quick-daljinski-upravljac-gore-dolje-2-tipke-led-svijetiljka","status":"publish","type":"product","link":"https:\/\/stoic-curie.212-227-153-4.plesk.page\/hr\/product\/quick-daljinski-upravljac-gore-dolje-2-tipke-led-svijetiljka\/","title":{"rendered":"Quick daljinski upravljac gore-dolje 2 tipke + led svijetiljka"},"content":{"rendered":"<p>Quick daljinski upravljac gore-dolje 2 tipke + led svijetiljka &#8211; <\/p>\n<p>Prijenosna daljinska upravlja\u010dka jedinica s mogu\u0107no\u0161\u0107u podizanja i spu\u0161tanja s produ\u017enim kablom od 4,2 metra. Vodootporna, s vodonepropusnom utika\u010dem i nosa\u010dem. Univerzalno napajanje 12\/24V. Dostupno s ili bez LED svjetiljke.<\/p>\n","protected":false},"excerpt":{"rendered":"<p>Quick daljinski upravljac gore-dolje 2 tipke + led svijetiljka &#8211; Prijenosna daljinska upravlja\u010dka jedinica s mogu\u0107no\u0161\u0107u podizanja i spu\u0161tanja s<\/p>\n","protected":false},"featured_media":5938502,"comment_status":"open","ping_status":"closed","template":"","meta":[],"product_brand":[3281],"product_cat":[1611],"product_tag":[],"class_list":{"0":"post-740266","1":"product","2":"type-product","3":"status-publish","4":"has-post-thumbnail","6":"product_brand-quick-hr","7":"product_cat-vitla-quick","9":"first","10":"instock","11":"shipping-taxable","12":"purchasable","13":"product-type-simple"},"_links":{"self":[{"href":"https:\/\/stoic-curie.212-227-153-4.plesk.page\/hr\/wp-json\/wp\/v2\/product\/740266","targetHints":{"allow":["GET"]}}],"collection":[{"href":"https:\/\/stoic-curie.212-227-153-4.plesk.page\/hr\/wp-json\/wp\/v2\/product"}],"about":[{"href":"https:\/\/stoic-curie.212-227-153-4.plesk.page\/hr\/wp-json\/wp\/v2\/types\/product"}],"replies":[{"embeddable":true,"href":"https:\/\/stoic-curie.212-227-153-4.plesk.page\/hr\/wp-json\/wp\/v2\/comments?post=740266"}],"version-history":[{"count":0,"href":"https:\/\/stoic-curie.212-227-153-4.plesk.page\/hr\/wp-json\/wp\/v2\/product\/740266\/revisions"}],"wp:featuredmedia":[{"embeddable":true,"href":"https:\/\/stoic-curie.212-227-153-4.plesk.page\/hr\/wp-json\/wp\/v2\/media\/5938502"}],"wp:attachment":[{"href":"https:\/\/stoic-curie.212-227-153-4.plesk.page\/hr\/wp-json\/wp\/v2\/media?parent=740266"}],"wp:term":[{"taxonomy":"product_brand","embeddable":true,"href":"https:\/\/stoic-curie.212-227-153-4.plesk.page\/hr\/wp-json\/wp\/v2\/product_brand?post=740266"},{"taxonomy":"product_cat","embeddable":true,"href":"https:\/\/stoic-curie.212-227-153-4.plesk.page\/hr\/wp-json\/wp\/v2\/product_cat?post=740266"},{"taxonomy":"product_tag","embeddable":true,"href":"https:\/\/stoic-curie.212-227-153-4.plesk.page\/hr\/wp-json\/wp\/v2\/product_tag?post=740266"}],"curies":[{"name":"wp","href":"https:\/\/api.w.org\/{rel}","templated":true}]}}