{"id":740267,"date":"2025-03-03T18:07:37","date_gmt":"2025-03-03T17:07:37","guid":{"rendered":"https:\/\/stoic-curie.212-227-153-4.plesk.page\/producto\/quick-daljinski-upravljac-hrc-visenamjenski-8-tipki-led-svjetiljka\/"},"modified":"2026-02-25T00:00:43","modified_gmt":"2026-02-25T00:00:43","slug":"quick-daljinski-upravljac-hrc-visenamjenski-8-tipki-led-svjetiljka","status":"publish","type":"product","link":"https:\/\/stoic-curie.212-227-153-4.plesk.page\/hr\/product\/quick-daljinski-upravljac-hrc-visenamjenski-8-tipki-led-svjetiljka\/","title":{"rendered":"Quick daljinski upravljac HRC Vi\u0161enamjenski 8 tipki + led svjetiljka"},"content":{"rendered":"<p>Quick daljinski upravljac HRC Vi\u0161enamjenski 8 tipki + led svjetiljka &#8211; <\/p>\n<p>HRC vodonepropusne ru\u010dne daljinske upravlja\u010de koristi se za upravljanje dizalicama, rampama, morskim ljestvama, vitlovima itd. Izra\u0111eni su s gumenim umetcima otpornih na udarce radi boljeg hvata. S kablom koji se mo\u017ee produ\u017eiti do 4,2 metra, vodonepromivim utika\u010dem, nosa\u010dem i integriranim LED svjetlom na zahtjev.<\/p>\n","protected":false},"excerpt":{"rendered":"<p>Quick daljinski upravljac HRC Vi\u0161enamjenski 8 tipki + led svjetiljka &#8211; HRC vodonepropusne ru\u010dne daljinske upravlja\u010de koristi se za upravljanje<\/p>\n","protected":false},"featured_media":5938505,"comment_status":"open","ping_status":"closed","template":"","meta":[],"product_brand":[3281],"product_cat":[1611],"product_tag":[],"class_list":{"0":"post-740267","1":"product","2":"type-product","3":"status-publish","4":"has-post-thumbnail","6":"product_brand-quick-hr","7":"product_cat-vitla-quick","9":"first","10":"instock","11":"shipping-taxable","12":"purchasable","13":"product-type-simple"},"_links":{"self":[{"href":"https:\/\/stoic-curie.212-227-153-4.plesk.page\/hr\/wp-json\/wp\/v2\/product\/740267","targetHints":{"allow":["GET"]}}],"collection":[{"href":"https:\/\/stoic-curie.212-227-153-4.plesk.page\/hr\/wp-json\/wp\/v2\/product"}],"about":[{"href":"https:\/\/stoic-curie.212-227-153-4.plesk.page\/hr\/wp-json\/wp\/v2\/types\/product"}],"replies":[{"embeddable":true,"href":"https:\/\/stoic-curie.212-227-153-4.plesk.page\/hr\/wp-json\/wp\/v2\/comments?post=740267"}],"version-history":[{"count":0,"href":"https:\/\/stoic-curie.212-227-153-4.plesk.page\/hr\/wp-json\/wp\/v2\/product\/740267\/revisions"}],"wp:featuredmedia":[{"embeddable":true,"href":"https:\/\/stoic-curie.212-227-153-4.plesk.page\/hr\/wp-json\/wp\/v2\/media\/5938505"}],"wp:attachment":[{"href":"https:\/\/stoic-curie.212-227-153-4.plesk.page\/hr\/wp-json\/wp\/v2\/media?parent=740267"}],"wp:term":[{"taxonomy":"product_brand","embeddable":true,"href":"https:\/\/stoic-curie.212-227-153-4.plesk.page\/hr\/wp-json\/wp\/v2\/product_brand?post=740267"},{"taxonomy":"product_cat","embeddable":true,"href":"https:\/\/stoic-curie.212-227-153-4.plesk.page\/hr\/wp-json\/wp\/v2\/product_cat?post=740267"},{"taxonomy":"product_tag","embeddable":true,"href":"https:\/\/stoic-curie.212-227-153-4.plesk.page\/hr\/wp-json\/wp\/v2\/product_tag?post=740267"}],"curies":[{"name":"wp","href":"https:\/\/api.w.org\/{rel}","templated":true}]}}