{"id":740269,"date":"2025-03-03T18:07:37","date_gmt":"2025-03-03T17:07:37","guid":{"rendered":"https:\/\/stoic-curie.212-227-153-4.plesk.page\/producto\/sidreno-vitlo-quick-genius-gp2-250w-12v-6mm-lanac\/"},"modified":"2026-02-25T00:00:43","modified_gmt":"2026-02-25T00:00:43","slug":"sidreno-vitlo-quick-genius-gp2-250w-12v-6mm-lanac","status":"publish","type":"product","link":"https:\/\/stoic-curie.212-227-153-4.plesk.page\/hr\/product\/sidreno-vitlo-quick-genius-gp2-250w-12v-6mm-lanac\/","title":{"rendered":"Sidreno vitlo Quick Genius GP2 250W 12v &#8211; 6mm lanac"},"content":{"rendered":"<p>Sidreno vitlo Quick Genius GP2 250W 12v &#8211; 6mm lanac &#8211; <\/p>\n<p style=\"color: rgb(34, 34, 34); font-family: Arial, Helvetica, sans-serif; font-size: small;\">Sretni smo \u0161to mo\u017eemo predstaviti Anchor Windlass Quick Genius GP2 1200 (12V, 250W). Va\u017eno je napomenuti da ovaj specifi\u010dni model ne uklju\u010duje automatsku funkciju slobodnog pada. Dizajniran posebno za primjene na palubi, ovaj sidreni ure\u0111aj kombinira funkcionalnost u\u017eeta i lanaca. Ima \u010dvrsto anodizirano aluminijsko ku\u0107i\u0161te, dodatno opremljeno komponentama za vu\u010du od bronce i nehr\u0111aju\u0107eg \u010delika. Osim toga, opremljen je senzorom broja\u010da lanca i ima motor otporan na vodu klase IP66, \u0161to osigurava pouzdanu uporabu u raznim morskim okru\u017eenjima. Paket tako\u0111er dolazi s kontrolnom kutijom i ru\u010dkom, \u0161to olak\u0161ava upotrebu.<\/p>\n<p style=\"color: rgb(34, 34, 34); font-family: Arial, Helvetica, sans-serif; font-size: small;\">Genius GP2 Horizontalni sidreni ure\u0111aj idealan je za plovila du\u017eine od 6 do 9 metara (20 do 30 stopa). Njegovo aluminijsko ku\u0107i\u0161te pobolj\u0161ano je zavr\u0161nom obradom otpornom na hr\u0111u radi pove\u0107ane izdr\u017eljivosti. Gypsy, koja prihva\u0107a i u\u017ee i lanac, opremljena je senzorom broja\u010da lanca, dok sidrena ma\u0161ina uklju\u010duje pritisni okvir za pobolj\u0161anu funkcionalnost. Njegov kompaktni i robusni dizajn omogu\u0107uje ugradnju u uskim prostorima bez gubitka snage.<\/p>\n<p style=\"color: rgb(34, 34, 34); font-family: Arial, Helvetica, sans-serif; font-size: small;\">Klju\u010dne specifikacije su sljede\u0107e:<\/p>\n<ul style=\"color: rgb(34, 34, 34); font-family: Arial, Helvetica, sans-serif; font-size: small;\">\n<li>Tambur: Ne<\/li>\n<li>Snaga motora: 250 W<\/li>\n<li>Ulazni napon: 12 V<\/li>\n<li>Maksimalna vu\u010dna sila: 550 kg<\/li>\n<li>Maksimalno radno optere\u0107enje: 170 kg<\/li>\n<li>Radno optere\u0107enje: 50 kg<\/li>\n<li>Brzina lanca na radnom optere\u0107enju: 25 m\/min<\/li>\n<li>Potro\u0161nja struje na radnom optere\u0107enju: 35 A<\/li>\n<li>Debljina palube: 20-40 mm<\/li>\n<li>Te\u017eina: 9 kg<\/li>\n<li>Gypsy veli\u010dina: 6 mm<\/li>\n<\/ul>\n<p style=\"color: rgb(34, 34, 34); font-family: Arial, Helvetica, sans-serif; font-size: small;\">Ovaj sidreni ure\u0111aj je izvrsna opcija za vlasnike plovila koji tra\u017ee pouzdano i visokokvalitetno rje\u0161enje za sidrenje.<\/p>\n","protected":false},"excerpt":{"rendered":"<p>Sidreno vitlo Quick Genius GP2 250W 12v &#8211; 6mm lanac &#8211; Sretni smo \u0161to mo\u017eemo predstaviti Anchor Windlass Quick Genius<\/p>\n","protected":false},"featured_media":5938507,"comment_status":"open","ping_status":"closed","template":"","meta":[],"product_brand":[3281],"product_cat":[1611],"product_tag":[],"class_list":{"0":"post-740269","1":"product","2":"type-product","3":"status-publish","4":"has-post-thumbnail","6":"product_brand-quick-hr","7":"product_cat-vitla-quick","9":"first","10":"instock","11":"shipping-taxable","12":"purchasable","13":"product-type-simple"},"_links":{"self":[{"href":"https:\/\/stoic-curie.212-227-153-4.plesk.page\/hr\/wp-json\/wp\/v2\/product\/740269","targetHints":{"allow":["GET"]}}],"collection":[{"href":"https:\/\/stoic-curie.212-227-153-4.plesk.page\/hr\/wp-json\/wp\/v2\/product"}],"about":[{"href":"https:\/\/stoic-curie.212-227-153-4.plesk.page\/hr\/wp-json\/wp\/v2\/types\/product"}],"replies":[{"embeddable":true,"href":"https:\/\/stoic-curie.212-227-153-4.plesk.page\/hr\/wp-json\/wp\/v2\/comments?post=740269"}],"version-history":[{"count":0,"href":"https:\/\/stoic-curie.212-227-153-4.plesk.page\/hr\/wp-json\/wp\/v2\/product\/740269\/revisions"}],"wp:featuredmedia":[{"embeddable":true,"href":"https:\/\/stoic-curie.212-227-153-4.plesk.page\/hr\/wp-json\/wp\/v2\/media\/5938507"}],"wp:attachment":[{"href":"https:\/\/stoic-curie.212-227-153-4.plesk.page\/hr\/wp-json\/wp\/v2\/media?parent=740269"}],"wp:term":[{"taxonomy":"product_brand","embeddable":true,"href":"https:\/\/stoic-curie.212-227-153-4.plesk.page\/hr\/wp-json\/wp\/v2\/product_brand?post=740269"},{"taxonomy":"product_cat","embeddable":true,"href":"https:\/\/stoic-curie.212-227-153-4.plesk.page\/hr\/wp-json\/wp\/v2\/product_cat?post=740269"},{"taxonomy":"product_tag","embeddable":true,"href":"https:\/\/stoic-curie.212-227-153-4.plesk.page\/hr\/wp-json\/wp\/v2\/product_tag?post=740269"}],"curies":[{"name":"wp","href":"https:\/\/api.w.org\/{rel}","templated":true}]}}