{"id":740270,"date":"2025-03-03T18:07:38","date_gmt":"2025-03-03T17:07:38","guid":{"rendered":"https:\/\/stoic-curie.212-227-153-4.plesk.page\/producto\/sidreno-vitlo-quick-gp2-500w-12v-6mm-lanac\/"},"modified":"2026-02-25T00:00:43","modified_gmt":"2026-02-25T00:00:43","slug":"sidreno-vitlo-quick-gp2-500w-12v-6mm-lanac","status":"publish","type":"product","link":"https:\/\/stoic-curie.212-227-153-4.plesk.page\/hr\/product\/sidreno-vitlo-quick-gp2-500w-12v-6mm-lanac\/","title":{"rendered":"Sidreno vitlo Quick Genius GP2 500W 12v &#8211; 6mm lanac"},"content":{"rendered":"<p>Sidreno vitlo Quick Genius GP2 500W 12v &#8211; 6mm lanac &#8211; <\/p>\n<p>Predstavljamo Genius GP2 1500 Horizontalni Sidreni Vre\u0107i, dizajniran za \u010damce od 6 do 10 metara (20 do 33 stopa). Ova sidrena vija\u010da dostupna je samo u gypsy modelu.<\/p>\n<p>Izgra\u0111en s aluminijskom bazom i ku\u0107i\u0161tem anodiziranim, zajedno s bron\u010danim i nehr\u0111aju\u0107im \u010deli\u010dnim komponentama za vu\u010du, ovaj vija\u010d je napravljen da traje. Uklju\u010duje senzor brojila lanca, ru\u010dni sustav slobodnog pada lanca i dugme za pritisak za jednostavno rukovanje. Motor je ocijenjen IP66 za vodootpornu za\u0161titu i dolazi s kontrolnom kutijom i ru\u010dkom.<\/p>\n<p>Aluminijsko ku\u0107i\u0161te ima tvrd oksidni premaz za dodatnu izdr\u017eljivost. Rope\/chain gypsy je opremljen senzorom brojila lanca, a pritisni arm pobolj\u0161ava funkcionalnost. Njegov kompaktni, robusni i mo\u0107an dizajn omogu\u0107ava lako uklapanje u uske prostore. Vija\u010d se isporu\u010duje s relej kutijom i gypsy, dostupnim s ili bez bubnja.<\/p>\n<p>Klju\u010dne specifikacije uklju\u010duju:<\/p>\n<ul>\n<li>Bubanj: Ne<\/li>\n<li>Snaga motora: 500 W<\/li>\n<li>Ulazni napon: 12 V<\/li>\n<li>Maksimalno povla\u010denje: 680 kg<\/li>\n<li>Maksimalno radno optere\u0107enje: 250 kg<\/li>\n<li>Radno optere\u0107enje: 85 kg<\/li>\n<li>Brzina lanca pri radnom optere\u0107enju: 10 m\/min<\/li>\n<li>Struja pri radnom optere\u0107enju: 76 A<\/li>\n<li>Debljina palube: 20-40 mm<\/li>\n<li>Peso: 10,2 kg<\/li>\n<li>Gypsy veli\u010dina: 6 mm<\/li>\n<\/ul>\n<p>Ovaj vija\u010d kombinira snagu i efikasnost, \u0161to ga \u010dini odli\u010dnim izborom za va\u0161e potrebe plovidbe.<\/p>\n","protected":false},"excerpt":{"rendered":"<p>Sidreno vitlo Quick Genius GP2 500W 12v &#8211; 6mm lanac &#8211; Predstavljamo Genius GP2 1500 Horizontalni Sidreni Vre\u0107i, dizajniran za<\/p>\n","protected":false},"featured_media":5938509,"comment_status":"open","ping_status":"closed","template":"","meta":[],"product_brand":[3281],"product_cat":[1611],"product_tag":[],"class_list":{"0":"post-740270","1":"product","2":"type-product","3":"status-publish","4":"has-post-thumbnail","6":"product_brand-quick-hr","7":"product_cat-vitla-quick","9":"first","10":"instock","11":"shipping-taxable","12":"purchasable","13":"product-type-simple"},"_links":{"self":[{"href":"https:\/\/stoic-curie.212-227-153-4.plesk.page\/hr\/wp-json\/wp\/v2\/product\/740270","targetHints":{"allow":["GET"]}}],"collection":[{"href":"https:\/\/stoic-curie.212-227-153-4.plesk.page\/hr\/wp-json\/wp\/v2\/product"}],"about":[{"href":"https:\/\/stoic-curie.212-227-153-4.plesk.page\/hr\/wp-json\/wp\/v2\/types\/product"}],"replies":[{"embeddable":true,"href":"https:\/\/stoic-curie.212-227-153-4.plesk.page\/hr\/wp-json\/wp\/v2\/comments?post=740270"}],"version-history":[{"count":0,"href":"https:\/\/stoic-curie.212-227-153-4.plesk.page\/hr\/wp-json\/wp\/v2\/product\/740270\/revisions"}],"wp:featuredmedia":[{"embeddable":true,"href":"https:\/\/stoic-curie.212-227-153-4.plesk.page\/hr\/wp-json\/wp\/v2\/media\/5938509"}],"wp:attachment":[{"href":"https:\/\/stoic-curie.212-227-153-4.plesk.page\/hr\/wp-json\/wp\/v2\/media?parent=740270"}],"wp:term":[{"taxonomy":"product_brand","embeddable":true,"href":"https:\/\/stoic-curie.212-227-153-4.plesk.page\/hr\/wp-json\/wp\/v2\/product_brand?post=740270"},{"taxonomy":"product_cat","embeddable":true,"href":"https:\/\/stoic-curie.212-227-153-4.plesk.page\/hr\/wp-json\/wp\/v2\/product_cat?post=740270"},{"taxonomy":"product_tag","embeddable":true,"href":"https:\/\/stoic-curie.212-227-153-4.plesk.page\/hr\/wp-json\/wp\/v2\/product_tag?post=740270"}],"curies":[{"name":"wp","href":"https:\/\/api.w.org\/{rel}","templated":true}]}}