{"id":740271,"date":"2025-03-03T18:07:38","date_gmt":"2025-03-03T17:07:38","guid":{"rendered":"https:\/\/stoic-curie.212-227-153-4.plesk.page\/producto\/sidreno-vitlo-quick-genius-gp2-500w-ff-12v-lanac-od-6mm\/"},"modified":"2026-02-25T00:00:43","modified_gmt":"2026-02-25T00:00:43","slug":"sidreno-vitlo-quick-genius-gp2-500w-ff-12v-lanac-od-6mm","status":"publish","type":"product","link":"https:\/\/stoic-curie.212-227-153-4.plesk.page\/hr\/product\/sidreno-vitlo-quick-genius-gp2-500w-ff-12v-lanac-od-6mm\/","title":{"rendered":"Sidreno vitlo Quick Genius GP2 500W FF 12V &#8211; lanac od 6mm"},"content":{"rendered":"<p>Sidreno vitlo Quick Genius GP2 500W FF 12V &#8211; lanac od 6mm &#8211; <\/p>\n<p style=\"color: rgb(34, 34, 34); font-family: Arial, Helvetica, sans-serif; font-size: small;\">Predstavljamo Genius GP2 1500 Horizontal Windlass, koji sadr\u017ei automatski sustav slobodnog pada koji olak\u0161ava u\u010dinkovito upravljanje sidrom. Ova vitlo izra\u0111ena je od \u010dvrste anodizirane aluminijske baze i ku\u0107i\u0161ta, a dodatno je poja\u010dana komponentama za vu\u010du od bronce i nehr\u0111aju\u0107eg \u010delika. Opremljeno je senzorom brojila lanca, ru\u010dnim mehanizmom za slobodni pad lanca i dugmetom za pritisak radi boljeg nadzora. Motor ima IP66 ocjenu za vodootpornu za\u0161titu, \u010dime se osigurava njegova dugovje\u010dnost u morskim uvjetima. Potpuni paket uklju\u010duje kontrolnu kutiju i ru\u010dku za jednostavno upravljanje.<\/p>\n<p style=\"color: rgb(34, 34, 34); font-family: Arial, Helvetica, sans-serif; font-size: small;\">Istaknute karakteristike uklju\u010duju:<\/p>\n<ul style=\"color: rgb(34, 34, 34); font-family: Arial, Helvetica, sans-serif; font-size: small;\">\n<li>Anodizirano aluminijsko ku\u0107i\u0161te s \u010dvrstim oksidnim slojem za pove\u0107anu izdr\u017eljivost.<\/li>\n<li>Uvo\u0111enje u\u017ee\/lanca povezano s senzorom brojila lanca za to\u010dno pra\u0107enje.<\/li>\n<li>Ruka za pritisak koja pobolj\u0161ava operativnu u\u010dinkovitost.<\/li>\n<li>Njezina kompaktna i \u010dvrsta konstrukcija omogu\u0107uje instalaciju u sku\u010denim prostorima.<\/li>\n<li>Dolazi s relejnom kutijom i gypsy (bubanj nije uklju\u010den).<\/li>\n<li>IP66 vodootporni motori za pouzdane performanse.<\/li>\n<\/ul>\n<p style=\"color: rgb(34, 34, 34); font-family: Arial, Helvetica, sans-serif; font-size: small;\">Varijanta Genius GP2 1500D, koja uklju\u010duje i gypsy i bubanj, pogodna je za plovila duljine od 6 do 10 metara (20 do 33 stope).<\/p>\n<p style=\"color: rgb(34, 34, 34); font-family: Arial, Helvetica, sans-serif; font-size: small;\">Tehni\u010dke specifikacije uklju\u010duju:<\/p>\n<ul style=\"color: rgb(34, 34, 34); font-family: Arial, Helvetica, sans-serif; font-size: small;\">\n<li>Snaga motora: 500 W<\/li>\n<li>Naponski ulaz: 12 V<\/li>\n<li>Maksimalna vu\u010dna snaga: 680 kg<\/li>\n<li>Maksimalna radna optere\u0107enja: 250 kg<\/li>\n<li>Radno optere\u0107enje: 85 kg<\/li>\n<li>Brzina lanca pri radnom optere\u0107enju: 10 m\/min<\/li>\n<li>Potro\u0161nja struje pri radnom optere\u0107enju: 76 A<\/li>\n<li>Debljina palube: 20-40 mm<\/li>\n<li>Te\u017eina: 11,5 kg<\/li>\n<li>Veli\u010dina gypsy: 6 mm<\/li>\n<\/ul>\n<p style=\"color: rgb(34, 34, 34); font-family: Arial, Helvetica, sans-serif; font-size: small;\">Ovo vitlo predstavlja izvrstan izbor za vlasnike brodova u potrazi za pouzdanim i mo\u0107nim rje\u0161enjem za sidrenje.<\/p>\n","protected":false},"excerpt":{"rendered":"<p>Sidreno vitlo Quick Genius GP2 500W FF 12V &#8211; lanac od 6mm &#8211; Predstavljamo Genius GP2 1500 Horizontal Windlass, koji<\/p>\n","protected":false},"featured_media":5938512,"comment_status":"open","ping_status":"closed","template":"","meta":[],"product_brand":[3281],"product_cat":[1611],"product_tag":[],"class_list":{"0":"post-740271","1":"product","2":"type-product","3":"status-publish","4":"has-post-thumbnail","6":"product_brand-quick-hr","7":"product_cat-vitla-quick","9":"first","10":"instock","11":"shipping-taxable","12":"purchasable","13":"product-type-simple"},"_links":{"self":[{"href":"https:\/\/stoic-curie.212-227-153-4.plesk.page\/hr\/wp-json\/wp\/v2\/product\/740271","targetHints":{"allow":["GET"]}}],"collection":[{"href":"https:\/\/stoic-curie.212-227-153-4.plesk.page\/hr\/wp-json\/wp\/v2\/product"}],"about":[{"href":"https:\/\/stoic-curie.212-227-153-4.plesk.page\/hr\/wp-json\/wp\/v2\/types\/product"}],"replies":[{"embeddable":true,"href":"https:\/\/stoic-curie.212-227-153-4.plesk.page\/hr\/wp-json\/wp\/v2\/comments?post=740271"}],"version-history":[{"count":0,"href":"https:\/\/stoic-curie.212-227-153-4.plesk.page\/hr\/wp-json\/wp\/v2\/product\/740271\/revisions"}],"wp:featuredmedia":[{"embeddable":true,"href":"https:\/\/stoic-curie.212-227-153-4.plesk.page\/hr\/wp-json\/wp\/v2\/media\/5938512"}],"wp:attachment":[{"href":"https:\/\/stoic-curie.212-227-153-4.plesk.page\/hr\/wp-json\/wp\/v2\/media?parent=740271"}],"wp:term":[{"taxonomy":"product_brand","embeddable":true,"href":"https:\/\/stoic-curie.212-227-153-4.plesk.page\/hr\/wp-json\/wp\/v2\/product_brand?post=740271"},{"taxonomy":"product_cat","embeddable":true,"href":"https:\/\/stoic-curie.212-227-153-4.plesk.page\/hr\/wp-json\/wp\/v2\/product_cat?post=740271"},{"taxonomy":"product_tag","embeddable":true,"href":"https:\/\/stoic-curie.212-227-153-4.plesk.page\/hr\/wp-json\/wp\/v2\/product_tag?post=740271"}],"curies":[{"name":"wp","href":"https:\/\/api.w.org\/{rel}","templated":true}]}}