{"id":740272,"date":"2025-03-03T18:07:38","date_gmt":"2025-03-03T17:07:38","guid":{"rendered":"https:\/\/stoic-curie.212-227-153-4.plesk.page\/producto\/sidreno-vitlo-quick-gp2-800w-12v-lanac-od-8mm\/"},"modified":"2026-02-25T00:00:43","modified_gmt":"2026-02-25T00:00:43","slug":"sidreno-vitlo-quick-gp2-800w-12v-lanac-od-8mm","status":"publish","type":"product","link":"https:\/\/stoic-curie.212-227-153-4.plesk.page\/hr\/product\/sidreno-vitlo-quick-gp2-800w-12v-lanac-od-8mm\/","title":{"rendered":"Sidreno vitlo Quick Genius GP2 800W 12v &#8211; lanac od 8mm"},"content":{"rendered":"<p>Sidreno vitlo Quick Genius GP2 800W 12v &#8211; lanac od 8mm &#8211; <\/p>\n<p style=\"color: rgb(34, 34, 34); font-family: Arial, Helvetica, sans-serif; font-size: small;\">Predstavljamo Windlass Genius GP2 2000 12 sidrenu vitlo. Ova robusna jedinica ima anodiziranu aluminijsku bazu i ku\u0107i\u0161te, zajedno sa trajnim komponentama od mesinga i nehr\u0111aju\u0107eg \u010delika. Uklju\u010duje senzor za mjerenje lanca, ru\u010dni sustav slobodnog pada lanca i polugu pritiska za jednostavno upravljanje. Motor je IP66 ocijenjen za vodonepropusnu za\u0161titu i dolazi s kontrolnom kutijom i ru\u010dkom.<\/p>\n<p style=\"color: rgb(34, 34, 34); font-family: Arial, Helvetica, sans-serif; font-size: small;\">Aluminijska ku\u0107i\u0161te obra\u0111eno je tvrdim oksidnim premazom radi dodatne izdr\u017eljivosti. Rope\/chain gypsy opremljena je senzorom za mjerenje lanca, a pritisna ruka pobolj\u0161ava funkcionalnost. Kompaktna, \u010dvrsta i sna\u017ena, ova vitla savr\u0161eno se uklapa u uske prostore.<\/p>\n<p style=\"color: rgb(34, 34, 34); font-family: Arial, Helvetica, sans-serif; font-size: small;\">Isporu\u010duje se s relej kutijom i gypsijem, dostupnim s ili bez bubnja. IP66 vodonepropusni motori jam\u010de pouzdanu izvedbu u razli\u010ditim uvjetima.<\/p>\n<p style=\"color: rgb(34, 34, 34); font-family: Arial, Helvetica, sans-serif; font-size: small;\">Za one koji tra\u017ee opciju automatskog slobodnog pada, tako\u0111er su dostupne FF verzije.<\/p>\n<p style=\"color: rgb(34, 34, 34); font-family: Arial, Helvetica, sans-serif; font-size: small;\">Genius GP2 2000 12 gypsy je dizajniran za \u010damce od 8 do 13 metara (26 do 43 stope).<\/p>\n<p style=\"color: rgb(34, 34, 34); font-family: Arial, Helvetica, sans-serif; font-size: small;\">Tehni\u010dki podaci:<\/p>\n<ul style=\"color: rgb(34, 34, 34); font-family: Arial, Helvetica, sans-serif; font-size: small;\">\n<li>Bubanj: Ne<\/li>\n<li>Snaga motora: 800 W<\/li>\n<li>Ulazni napon: 12 V<\/li>\n<li>Maksimalna vu\u010da: 900 kg<\/li>\n<li>Maksimalna radna optere\u0107enja: 350 kg<\/li>\n<li>Radna optere\u0107enja: 120 kg<\/li>\n<li>Brzina lanca pri radnom optere\u0107enju: 20 m\/min<\/li>\n<li>Trenutna apsorpcija pri radnom optere\u0107enju: 96 A<\/li>\n<li>Debljina palube: 20-40 mm<\/li>\n<li>Te\u017eina: 10,2 kg<\/li>\n<li>Gypsy veli\u010dina: 8 mm<\/li>\n<\/ul>\n","protected":false},"excerpt":{"rendered":"<p>Sidreno vitlo Quick Genius GP2 800W 12v &#8211; lanac od 8mm &#8211; Predstavljamo Windlass Genius GP2 2000 12 sidrenu vitlo.<\/p>\n","protected":false},"featured_media":5938515,"comment_status":"open","ping_status":"closed","template":"","meta":[],"product_brand":[3281],"product_cat":[1611],"product_tag":[],"class_list":{"0":"post-740272","1":"product","2":"type-product","3":"status-publish","4":"has-post-thumbnail","6":"product_brand-quick-hr","7":"product_cat-vitla-quick","9":"first","10":"instock","11":"shipping-taxable","12":"purchasable","13":"product-type-simple"},"_links":{"self":[{"href":"https:\/\/stoic-curie.212-227-153-4.plesk.page\/hr\/wp-json\/wp\/v2\/product\/740272","targetHints":{"allow":["GET"]}}],"collection":[{"href":"https:\/\/stoic-curie.212-227-153-4.plesk.page\/hr\/wp-json\/wp\/v2\/product"}],"about":[{"href":"https:\/\/stoic-curie.212-227-153-4.plesk.page\/hr\/wp-json\/wp\/v2\/types\/product"}],"replies":[{"embeddable":true,"href":"https:\/\/stoic-curie.212-227-153-4.plesk.page\/hr\/wp-json\/wp\/v2\/comments?post=740272"}],"version-history":[{"count":0,"href":"https:\/\/stoic-curie.212-227-153-4.plesk.page\/hr\/wp-json\/wp\/v2\/product\/740272\/revisions"}],"wp:featuredmedia":[{"embeddable":true,"href":"https:\/\/stoic-curie.212-227-153-4.plesk.page\/hr\/wp-json\/wp\/v2\/media\/5938515"}],"wp:attachment":[{"href":"https:\/\/stoic-curie.212-227-153-4.plesk.page\/hr\/wp-json\/wp\/v2\/media?parent=740272"}],"wp:term":[{"taxonomy":"product_brand","embeddable":true,"href":"https:\/\/stoic-curie.212-227-153-4.plesk.page\/hr\/wp-json\/wp\/v2\/product_brand?post=740272"},{"taxonomy":"product_cat","embeddable":true,"href":"https:\/\/stoic-curie.212-227-153-4.plesk.page\/hr\/wp-json\/wp\/v2\/product_cat?post=740272"},{"taxonomy":"product_tag","embeddable":true,"href":"https:\/\/stoic-curie.212-227-153-4.plesk.page\/hr\/wp-json\/wp\/v2\/product_tag?post=740272"}],"curies":[{"name":"wp","href":"https:\/\/api.w.org\/{rel}","templated":true}]}}