{"id":740273,"date":"2025-03-03T18:07:38","date_gmt":"2025-03-03T17:07:38","guid":{"rendered":"https:\/\/stoic-curie.212-227-153-4.plesk.page\/producto\/sidreno-vitlo-quick-genius-gp2-800w-ff-12v-8mm-lanac\/"},"modified":"2026-02-25T00:00:43","modified_gmt":"2026-02-25T00:00:43","slug":"sidreno-vitlo-quick-genius-gp2-800w-ff-12v-8mm-lanac","status":"publish","type":"product","link":"https:\/\/stoic-curie.212-227-153-4.plesk.page\/hr\/product\/sidreno-vitlo-quick-genius-gp2-800w-ff-12v-8mm-lanac\/","title":{"rendered":"Sidreno vitlo Quick Genius GP2 800W FF 12v &#8211; 8mm lanac"},"content":{"rendered":"<p>Sidreno vitlo Quick Genius GP2 800W FF 12v &#8211; 8mm lanac &#8211; <\/p>\n<p style=\"color: rgb(34, 34, 34); font-family: Arial, Helvetica, sans-serif; font-size: small;\">Genius GP2 2000 12 Horizontalna vitlo opremljena je automatskim sustavom slobodnog pada, posebno dizajniranim za u\u010dinkovito upravljanje sidrom. Odlikuje se robusnom konstrukcijom s anodiziranom aluminijskom podlogom i ku\u0107i\u0161tem, dopunjenim komponentama od bron\u010dane i nehr\u0111aju\u0107e \u010delika, osiguravaju\u0107i trajnost i visoke performanse. Ovo vitlo opremljeno je senzorom broja\u010da lanca, ru\u010dnim mehanizmom slobodnog pada i pritiskom za pobolj\u0161avanje operativne kontrole. Motor je ocijenjen s IP66, \u0161to osigurava vodonepropusnu za\u0161titu i pouzdanu funkcionalnost u raznim morskim okru\u017eenjima. Ure\u0111aj dolazi s kontrolnom kutijom i ru\u010dkom, olak\u0161avaju\u0107i rad.<\/p>\n<p style=\"color: rgb(34, 34, 34); font-family: Arial, Helvetica, sans-serif; font-size: small;\">Istaknute zna\u010dajke uklju\u010duju:<\/p>\n<ul style=\"color: rgb(34, 34, 34); font-family: Arial, Helvetica, sans-serif; font-size: small;\">\n<li>Anodizirano aluminijsko ku\u0107i\u0161te s \u010dvrstim oksidnim premazom za ve\u0107u trajnost.<\/li>\n<li>U\u017ee\/lancana gypsy koja uklju\u010duje senzor brojila lanca za to\u010dno pra\u0107enje.<\/li>\n<li>Pritiskom armature koja pobolj\u0161ava operativnu u\u010dinkovitost.<\/li>\n<li>Kompaktni i \u010dvrsti dizajn, idealan za ugradnju u uskim prostorima.<\/li>\n<li>Dolazi s relejskom kutijom i gypsy, dostupnom s ili bez bubnja.<\/li>\n<li>Motori s IP66 ocjenom vodonepropusnosti za dosljedne performanse.<\/li>\n<\/ul>\n<p style=\"color: rgb(34, 34, 34); font-family: Arial, Helvetica, sans-serif; font-size: small;\">Model Genius GP2 2000 1p pogodan je za plovila duljine od 8 do 13 metara (26 do 43 stope).<\/p>\n<p style=\"color: rgb(34, 34, 34); font-family: Arial, Helvetica, sans-serif; font-size: small;\">Tehni\u010dke zna\u010dajke:<\/p>\n<ul style=\"color: rgb(34, 34, 34); font-family: Arial, Helvetica, sans-serif; font-size: small;\">\n<li>Snaga motora: 800 W<\/li>\n<li>Napon: 12 V<\/li>\n<li>Maksimalna vu\u010da: 900 kg<\/li>\n<li>Maksimalna radna optere\u0107enja: 350 kg<\/li>\n<li>Radna optere\u0107enja: 120 kg<\/li>\n<li>Brzina lanca pri radnom optere\u0107enju: 20 m\/min<\/li>\n<li>Uzimanje struje pri radnom optere\u0107enju: 96 A<\/li>\n<li>Debljina palube: 20-40 mm<\/li>\n<li>Te\u017eina: 11,5 kg<\/li>\n<li>Veli\u010dina gypsy: 8 mm<\/li>\n<\/ul>\n<p style=\"color: rgb(34, 34, 34); font-family: Arial, Helvetica, sans-serif; font-size: small;\">Ovo vitlo kombinuje snagu s efikasno\u0161\u0107u, \u0161to ga \u010dini izvanrednom opcijom za vlasnike brodova koji tra\u017ee pouzdana re\u0161enja za sidrenje.<\/p>\n","protected":false},"excerpt":{"rendered":"<p>Sidreno vitlo Quick Genius GP2 800W FF 12v &#8211; 8mm lanac &#8211; Genius GP2 2000 12 Horizontalna vitlo opremljena je<\/p>\n","protected":false},"featured_media":5938512,"comment_status":"open","ping_status":"closed","template":"","meta":[],"product_brand":[3281],"product_cat":[1611],"product_tag":[],"class_list":{"0":"post-740273","1":"product","2":"type-product","3":"status-publish","4":"has-post-thumbnail","6":"product_brand-quick-hr","7":"product_cat-vitla-quick","9":"first","10":"instock","11":"shipping-taxable","12":"purchasable","13":"product-type-simple"},"_links":{"self":[{"href":"https:\/\/stoic-curie.212-227-153-4.plesk.page\/hr\/wp-json\/wp\/v2\/product\/740273","targetHints":{"allow":["GET"]}}],"collection":[{"href":"https:\/\/stoic-curie.212-227-153-4.plesk.page\/hr\/wp-json\/wp\/v2\/product"}],"about":[{"href":"https:\/\/stoic-curie.212-227-153-4.plesk.page\/hr\/wp-json\/wp\/v2\/types\/product"}],"replies":[{"embeddable":true,"href":"https:\/\/stoic-curie.212-227-153-4.plesk.page\/hr\/wp-json\/wp\/v2\/comments?post=740273"}],"version-history":[{"count":0,"href":"https:\/\/stoic-curie.212-227-153-4.plesk.page\/hr\/wp-json\/wp\/v2\/product\/740273\/revisions"}],"wp:featuredmedia":[{"embeddable":true,"href":"https:\/\/stoic-curie.212-227-153-4.plesk.page\/hr\/wp-json\/wp\/v2\/media\/5938512"}],"wp:attachment":[{"href":"https:\/\/stoic-curie.212-227-153-4.plesk.page\/hr\/wp-json\/wp\/v2\/media?parent=740273"}],"wp:term":[{"taxonomy":"product_brand","embeddable":true,"href":"https:\/\/stoic-curie.212-227-153-4.plesk.page\/hr\/wp-json\/wp\/v2\/product_brand?post=740273"},{"taxonomy":"product_cat","embeddable":true,"href":"https:\/\/stoic-curie.212-227-153-4.plesk.page\/hr\/wp-json\/wp\/v2\/product_cat?post=740273"},{"taxonomy":"product_tag","embeddable":true,"href":"https:\/\/stoic-curie.212-227-153-4.plesk.page\/hr\/wp-json\/wp\/v2\/product_tag?post=740273"}],"curies":[{"name":"wp","href":"https:\/\/api.w.org\/{rel}","templated":true}]}}