{"id":740274,"date":"2025-03-03T18:07:39","date_gmt":"2025-03-03T17:07:39","guid":{"rendered":"https:\/\/stoic-curie.212-227-153-4.plesk.page\/producto\/macerator-pumpa-bw40-12-u-40-litara-u-minuti\/"},"modified":"2026-02-25T00:00:43","modified_gmt":"2026-02-25T00:00:43","slug":"macerator-pumpa-bw40-12-u-40-litara-u-minuti","status":"publish","type":"product","link":"https:\/\/stoic-curie.212-227-153-4.plesk.page\/hr\/product\/macerator-pumpa-bw40-12-u-40-litara-u-minuti\/","title":{"rendered":"Macerator pumpa BW40 12 u 40 litara u minuti"},"content":{"rendered":"<p>Macerator pumpa BW40 12 u 40 litara u minuti &#8211; <\/p>\n<p>BW40 pumpa za maceraciju za ispiranje WC-a. Samo-uspijeva do 1,2 m. Tijelo od termo-polimera. Rotiraju\u0107i reza\u010d usitnjava otpad prije nego \u0161to se pumpa u ili iz spremnika. Napomena: Pumpa treba biti priklju\u010dena \u0161to bli\u017ee izlazu za ispu\u0161tanje spremnika. Ulaz \u00d8 38 mm \/ izlaz \u00d8 25 mm.<\/p>\n","protected":false},"excerpt":{"rendered":"<p>Macerator pumpa BW40 12 u 40 litara u minuti &#8211; BW40 pumpa za maceraciju za ispiranje WC-a. Samo-uspijeva do 1,2<\/p>\n","protected":false},"featured_media":5938520,"comment_status":"open","ping_status":"closed","template":"","meta":[],"product_brand":[3046],"product_cat":[1672,1675,1649],"product_tag":[],"class_list":{"0":"post-740274","1":"product","2":"type-product","3":"status-publish","4":"has-post-thumbnail","6":"product_brand-johnson-marine-hr","7":"product_cat-brodske-pumpe-za-otpadne-vode","8":"product_cat-brodski-wc","9":"product_cat-spremnici-za-otpadne-vode","11":"first","12":"instock","13":"shipping-taxable","14":"purchasable","15":"product-type-simple"},"_links":{"self":[{"href":"https:\/\/stoic-curie.212-227-153-4.plesk.page\/hr\/wp-json\/wp\/v2\/product\/740274","targetHints":{"allow":["GET"]}}],"collection":[{"href":"https:\/\/stoic-curie.212-227-153-4.plesk.page\/hr\/wp-json\/wp\/v2\/product"}],"about":[{"href":"https:\/\/stoic-curie.212-227-153-4.plesk.page\/hr\/wp-json\/wp\/v2\/types\/product"}],"replies":[{"embeddable":true,"href":"https:\/\/stoic-curie.212-227-153-4.plesk.page\/hr\/wp-json\/wp\/v2\/comments?post=740274"}],"version-history":[{"count":0,"href":"https:\/\/stoic-curie.212-227-153-4.plesk.page\/hr\/wp-json\/wp\/v2\/product\/740274\/revisions"}],"wp:featuredmedia":[{"embeddable":true,"href":"https:\/\/stoic-curie.212-227-153-4.plesk.page\/hr\/wp-json\/wp\/v2\/media\/5938520"}],"wp:attachment":[{"href":"https:\/\/stoic-curie.212-227-153-4.plesk.page\/hr\/wp-json\/wp\/v2\/media?parent=740274"}],"wp:term":[{"taxonomy":"product_brand","embeddable":true,"href":"https:\/\/stoic-curie.212-227-153-4.plesk.page\/hr\/wp-json\/wp\/v2\/product_brand?post=740274"},{"taxonomy":"product_cat","embeddable":true,"href":"https:\/\/stoic-curie.212-227-153-4.plesk.page\/hr\/wp-json\/wp\/v2\/product_cat?post=740274"},{"taxonomy":"product_tag","embeddable":true,"href":"https:\/\/stoic-curie.212-227-153-4.plesk.page\/hr\/wp-json\/wp\/v2\/product_tag?post=740274"}],"curies":[{"name":"wp","href":"https:\/\/api.w.org\/{rel}","templated":true}]}}