{"id":740277,"date":"2025-03-03T18:07:39","date_gmt":"2025-03-03T17:07:39","guid":{"rendered":"https:\/\/stoic-curie.212-227-153-4.plesk.page\/producto\/johnson-ta3p10-19-24v-macerator-pumpa\/"},"modified":"2026-02-25T00:00:43","modified_gmt":"2026-02-25T00:00:43","slug":"johnson-ta3p10-19-24v-macerator-pumpa","status":"publish","type":"product","link":"https:\/\/stoic-curie.212-227-153-4.plesk.page\/hr\/product\/johnson-ta3p10-19-24v-macerator-pumpa\/","title":{"rendered":"Johnson Ta3p10-19 24V macerator pumpa"},"content":{"rendered":"<p>Johnson Ta3p10-19 24V macerator pumpa &#8211; <\/p>\n<p>Johnson maceratorska pumpa za pra\u017enjenje odlagali\u0161nih spremnika. Samostoje\u0107a do 2 m. Tijelo od termo-polimera. Rotacijski rezni stroj usitnjava otpad prije nego \u0161to se pumpa u ili iz spremnika. Ulaz \u00d8 38 mm \/ izlaz \u00d8 25 mm.<\/p>\n","protected":false},"excerpt":{"rendered":"<p>Johnson Ta3p10-19 24V macerator pumpa &#8211; Johnson maceratorska pumpa za pra\u017enjenje odlagali\u0161nih spremnika. Samostoje\u0107a do 2 m. Tijelo od termo-polimera.<\/p>\n","protected":false},"featured_media":5938521,"comment_status":"open","ping_status":"closed","template":"","meta":[],"product_brand":[3046],"product_cat":[1672,1675,1649],"product_tag":[],"class_list":{"0":"post-740277","1":"product","2":"type-product","3":"status-publish","4":"has-post-thumbnail","6":"product_brand-johnson-marine-hr","7":"product_cat-brodske-pumpe-za-otpadne-vode","8":"product_cat-brodski-wc","9":"product_cat-spremnici-za-otpadne-vode","11":"first","12":"instock","13":"shipping-taxable","14":"purchasable","15":"product-type-simple"},"_links":{"self":[{"href":"https:\/\/stoic-curie.212-227-153-4.plesk.page\/hr\/wp-json\/wp\/v2\/product\/740277","targetHints":{"allow":["GET"]}}],"collection":[{"href":"https:\/\/stoic-curie.212-227-153-4.plesk.page\/hr\/wp-json\/wp\/v2\/product"}],"about":[{"href":"https:\/\/stoic-curie.212-227-153-4.plesk.page\/hr\/wp-json\/wp\/v2\/types\/product"}],"replies":[{"embeddable":true,"href":"https:\/\/stoic-curie.212-227-153-4.plesk.page\/hr\/wp-json\/wp\/v2\/comments?post=740277"}],"version-history":[{"count":0,"href":"https:\/\/stoic-curie.212-227-153-4.plesk.page\/hr\/wp-json\/wp\/v2\/product\/740277\/revisions"}],"wp:featuredmedia":[{"embeddable":true,"href":"https:\/\/stoic-curie.212-227-153-4.plesk.page\/hr\/wp-json\/wp\/v2\/media\/5938521"}],"wp:attachment":[{"href":"https:\/\/stoic-curie.212-227-153-4.plesk.page\/hr\/wp-json\/wp\/v2\/media?parent=740277"}],"wp:term":[{"taxonomy":"product_brand","embeddable":true,"href":"https:\/\/stoic-curie.212-227-153-4.plesk.page\/hr\/wp-json\/wp\/v2\/product_brand?post=740277"},{"taxonomy":"product_cat","embeddable":true,"href":"https:\/\/stoic-curie.212-227-153-4.plesk.page\/hr\/wp-json\/wp\/v2\/product_cat?post=740277"},{"taxonomy":"product_tag","embeddable":true,"href":"https:\/\/stoic-curie.212-227-153-4.plesk.page\/hr\/wp-json\/wp\/v2\/product_tag?post=740277"}],"curies":[{"name":"wp","href":"https:\/\/api.w.org\/{rel}","templated":true}]}}