{"id":740278,"date":"2025-03-03T18:07:39","date_gmt":"2025-03-03T17:07:39","guid":{"rendered":"https:\/\/stoic-curie.212-227-153-4.plesk.page\/producto\/macerator-pumpa-ocean-24-u-47-l-min\/"},"modified":"2026-02-25T00:00:43","modified_gmt":"2026-02-25T00:00:43","slug":"macerator-pumpa-ocean-24-u-47-l-min","status":"publish","type":"product","link":"https:\/\/stoic-curie.212-227-153-4.plesk.page\/hr\/product\/macerator-pumpa-ocean-24-u-47-l-min\/","title":{"rendered":"Macerator pumpa Ocean 24 u 47 L \/ min"},"content":{"rendered":"<p>Macerator pumpa Ocean 24 u 47 L \/ min &#8211; <\/p>\n<p>Bron\u010dana Ocean maceratorska pumpa za ispiranje WC-a.<br \/>Samosisava do 2 m, vertikalni uspon do 5 m.<br \/>Rotacijski reza\u010d usitnjava otpad prije nego \u0161to se pumpa u ili iz spremnika.<br \/>Napomena: Pumpa bi trebala biti spojena \u0161to je mogu\u0107e bli\u017ee izlaznom otvoru spremnika.<br \/>Ulaz \u00d8 38 mm \/ izlaz \u00d8 25 mm.<\/p>\n","protected":false},"excerpt":{"rendered":"<p>Macerator pumpa Ocean 24 u 47 L \/ min &#8211; Bron\u010dana Ocean maceratorska pumpa za ispiranje WC-a.Samosisava do 2 m,<\/p>\n","protected":false},"featured_media":5938522,"comment_status":"open","ping_status":"closed","template":"","meta":[],"product_brand":[3141],"product_cat":[1672,1675,1649],"product_tag":[],"class_list":{"0":"post-740278","1":"product","2":"type-product","3":"status-publish","4":"has-post-thumbnail","6":"product_brand-matromarine-hr","7":"product_cat-brodske-pumpe-za-otpadne-vode","8":"product_cat-brodski-wc","9":"product_cat-spremnici-za-otpadne-vode","11":"first","12":"instock","13":"shipping-taxable","14":"purchasable","15":"product-type-simple"},"_links":{"self":[{"href":"https:\/\/stoic-curie.212-227-153-4.plesk.page\/hr\/wp-json\/wp\/v2\/product\/740278","targetHints":{"allow":["GET"]}}],"collection":[{"href":"https:\/\/stoic-curie.212-227-153-4.plesk.page\/hr\/wp-json\/wp\/v2\/product"}],"about":[{"href":"https:\/\/stoic-curie.212-227-153-4.plesk.page\/hr\/wp-json\/wp\/v2\/types\/product"}],"replies":[{"embeddable":true,"href":"https:\/\/stoic-curie.212-227-153-4.plesk.page\/hr\/wp-json\/wp\/v2\/comments?post=740278"}],"version-history":[{"count":0,"href":"https:\/\/stoic-curie.212-227-153-4.plesk.page\/hr\/wp-json\/wp\/v2\/product\/740278\/revisions"}],"wp:featuredmedia":[{"embeddable":true,"href":"https:\/\/stoic-curie.212-227-153-4.plesk.page\/hr\/wp-json\/wp\/v2\/media\/5938522"}],"wp:attachment":[{"href":"https:\/\/stoic-curie.212-227-153-4.plesk.page\/hr\/wp-json\/wp\/v2\/media?parent=740278"}],"wp:term":[{"taxonomy":"product_brand","embeddable":true,"href":"https:\/\/stoic-curie.212-227-153-4.plesk.page\/hr\/wp-json\/wp\/v2\/product_brand?post=740278"},{"taxonomy":"product_cat","embeddable":true,"href":"https:\/\/stoic-curie.212-227-153-4.plesk.page\/hr\/wp-json\/wp\/v2\/product_cat?post=740278"},{"taxonomy":"product_tag","embeddable":true,"href":"https:\/\/stoic-curie.212-227-153-4.plesk.page\/hr\/wp-json\/wp\/v2\/product_tag?post=740278"}],"curies":[{"name":"wp","href":"https:\/\/api.w.org\/{rel}","templated":true}]}}