{"id":740279,"date":"2025-03-03T18:07:40","date_gmt":"2025-03-03T17:07:40","guid":{"rendered":"https:\/\/stoic-curie.212-227-153-4.plesk.page\/producto\/membranska-pumpa-viking-power-vacuum-12v-24lt-mn-10-13373-07\/"},"modified":"2026-02-25T00:00:43","modified_gmt":"2026-02-25T00:00:43","slug":"membranska-pumpa-viking-power-vacuum-12v-24lt-mn-10-13373-07","status":"publish","type":"product","link":"https:\/\/stoic-curie.212-227-153-4.plesk.page\/hr\/product\/membranska-pumpa-viking-power-vacuum-12v-24lt-mn-10-13373-07\/","title":{"rendered":"Membranska pumpa Viking Power Vacuum 12V 24lt \/ mn 10-13373-07"},"content":{"rendered":"<p>Membranska pumpa Viking Power Vacuum 12V 24lt \/ mn 10-13373-07 &#8211; <\/p>\n<p>SPX Johnson Viking Vacuum samousisna membranska pumpa, opremljena s dvostrukim protutlak ventilima, bez potrebe za filtrima. Tako\u0111er se koristi za prijenos sive ili \u010dak nemacerirane otpadne vode iz spremnika do dok-stanice ili u more. Mo\u017ee se ru\u010dno napajati u slu\u010daju nu\u017ede. Lako se instalira bilo gdje, zahvaljuju\u0107i 360\u00b0 rotiraju\u0107oj glavi pumpe, mo\u017ee se postaviti u razli\u010dite konfiguracije pumpe\/motora. Dizajnirana s prijenosom podr\u017eanim kugli\u010dnim le\u017eajevima za dug \u017eivot. Ne samo da mo\u017ee raditi na suho, ve\u0107 tako\u0111er mo\u017ee bez problema upravljati mje\u0161avinom zraka i vode. Iako je pokre\u0107e elektri\u010dni motor, ovu pumpu tako\u0111er se mo\u017ee ru\u010dno upravljati u slu\u010daju nu\u017ede. \u2022 Maksimalni protok 32 Lt\/min \u2022 Dizajnirana za pra\u017enjenje otpadnih voda i bilge \u2022 Lako se instalira, \u010dak i u uskim prostorima \u2022 Tiha rad \u2022 Lako i jeftino odr\u017eavanje \u2022 Samo usisavanje do 2,5 m (8,2 ft) \u2022 Tijelo od visoko udarnog najlona oja\u010danog staklenim vlaknima \u2022 Mo\u017ee raditi na suho i pumpati zrak\/vodenu smjesu \u2022 \u010cvrsta (jednostavna) membrana <\/p>\n","protected":false},"excerpt":{"rendered":"<p>Membranska pumpa Viking Power Vacuum 12V 24lt \/ mn 10-13373-07 &#8211; SPX Johnson Viking Vacuum samousisna membranska pumpa, opremljena s<\/p>\n","protected":false},"featured_media":5938523,"comment_status":"open","ping_status":"closed","template":"","meta":[],"product_brand":[3046],"product_cat":[1672,1649],"product_tag":[],"class_list":{"0":"post-740279","1":"product","2":"type-product","3":"status-publish","4":"has-post-thumbnail","6":"product_brand-johnson-marine-hr","7":"product_cat-brodske-pumpe-za-otpadne-vode","8":"product_cat-spremnici-za-otpadne-vode","10":"first","11":"instock","12":"shipping-taxable","13":"purchasable","14":"product-type-simple"},"_links":{"self":[{"href":"https:\/\/stoic-curie.212-227-153-4.plesk.page\/hr\/wp-json\/wp\/v2\/product\/740279","targetHints":{"allow":["GET"]}}],"collection":[{"href":"https:\/\/stoic-curie.212-227-153-4.plesk.page\/hr\/wp-json\/wp\/v2\/product"}],"about":[{"href":"https:\/\/stoic-curie.212-227-153-4.plesk.page\/hr\/wp-json\/wp\/v2\/types\/product"}],"replies":[{"embeddable":true,"href":"https:\/\/stoic-curie.212-227-153-4.plesk.page\/hr\/wp-json\/wp\/v2\/comments?post=740279"}],"version-history":[{"count":0,"href":"https:\/\/stoic-curie.212-227-153-4.plesk.page\/hr\/wp-json\/wp\/v2\/product\/740279\/revisions"}],"wp:featuredmedia":[{"embeddable":true,"href":"https:\/\/stoic-curie.212-227-153-4.plesk.page\/hr\/wp-json\/wp\/v2\/media\/5938523"}],"wp:attachment":[{"href":"https:\/\/stoic-curie.212-227-153-4.plesk.page\/hr\/wp-json\/wp\/v2\/media?parent=740279"}],"wp:term":[{"taxonomy":"product_brand","embeddable":true,"href":"https:\/\/stoic-curie.212-227-153-4.plesk.page\/hr\/wp-json\/wp\/v2\/product_brand?post=740279"},{"taxonomy":"product_cat","embeddable":true,"href":"https:\/\/stoic-curie.212-227-153-4.plesk.page\/hr\/wp-json\/wp\/v2\/product_cat?post=740279"},{"taxonomy":"product_tag","embeddable":true,"href":"https:\/\/stoic-curie.212-227-153-4.plesk.page\/hr\/wp-json\/wp\/v2\/product_tag?post=740279"}],"curies":[{"name":"wp","href":"https:\/\/api.w.org\/{rel}","templated":true}]}}