{"id":740282,"date":"2025-03-03T18:07:41","date_gmt":"2025-03-03T17:07:41","guid":{"rendered":"https:\/\/stoic-curie.212-227-153-4.plesk.page\/producto\/pumpa-za-punjenje-vode-johnson-24v-11lt-u-minuti-za-brodske-toalete\/"},"modified":"2026-02-25T00:00:43","modified_gmt":"2026-02-25T00:00:43","slug":"pumpa-za-punjenje-vode-johnson-24v-11lt-u-minuti-za-brodske-toalete","status":"publish","type":"product","link":"https:\/\/stoic-curie.212-227-153-4.plesk.page\/hr\/product\/pumpa-za-punjenje-vode-johnson-24v-11lt-u-minuti-za-brodske-toalete\/","title":{"rendered":"Pumpa za punjenje vode Johnson 24v 11lt u minuti za brodske toalete"},"content":{"rendered":"<p>Pumpa za punjenje vode Johnson 24v 11lt u minuti za brodske toalete &#8211; <\/p>\n<p>Johnsonova automatska pumpa za punjenje vode koja se samoprimaju\u0107e koristi se s prekida\u010dem za uklju\u010divanje\/isklju\u010divanje za bilo koju marinadnu WC \u0161koljku od 12V\/24V s vanjskim sustavom ispiranja. Prikladna je za sve Silent Electric modele. Odpima 13 l\/min \/ 3,5 GPM.<\/p>\n","protected":false},"excerpt":{"rendered":"<p>Pumpa za punjenje vode Johnson 24v 11lt u minuti za brodske toalete &#8211; Johnsonova automatska pumpa za punjenje vode koja<\/p>\n","protected":false},"featured_media":5938526,"comment_status":"open","ping_status":"closed","template":"","meta":[],"product_brand":[3046],"product_cat":[1672,1671,1660,1649],"product_tag":[],"class_list":{"0":"post-740282","1":"product","2":"type-product","3":"status-publish","4":"has-post-thumbnail","6":"product_brand-johnson-marine-hr","7":"product_cat-brodske-pumpe-za-otpadne-vode","8":"product_cat-cirkulacijske-crpke","9":"product_cat-pumpe-za-tlak-vode","10":"product_cat-spremnici-za-otpadne-vode","12":"first","13":"instock","14":"shipping-taxable","15":"purchasable","16":"product-type-simple"},"_links":{"self":[{"href":"https:\/\/stoic-curie.212-227-153-4.plesk.page\/hr\/wp-json\/wp\/v2\/product\/740282","targetHints":{"allow":["GET"]}}],"collection":[{"href":"https:\/\/stoic-curie.212-227-153-4.plesk.page\/hr\/wp-json\/wp\/v2\/product"}],"about":[{"href":"https:\/\/stoic-curie.212-227-153-4.plesk.page\/hr\/wp-json\/wp\/v2\/types\/product"}],"replies":[{"embeddable":true,"href":"https:\/\/stoic-curie.212-227-153-4.plesk.page\/hr\/wp-json\/wp\/v2\/comments?post=740282"}],"version-history":[{"count":0,"href":"https:\/\/stoic-curie.212-227-153-4.plesk.page\/hr\/wp-json\/wp\/v2\/product\/740282\/revisions"}],"wp:featuredmedia":[{"embeddable":true,"href":"https:\/\/stoic-curie.212-227-153-4.plesk.page\/hr\/wp-json\/wp\/v2\/media\/5938526"}],"wp:attachment":[{"href":"https:\/\/stoic-curie.212-227-153-4.plesk.page\/hr\/wp-json\/wp\/v2\/media?parent=740282"}],"wp:term":[{"taxonomy":"product_brand","embeddable":true,"href":"https:\/\/stoic-curie.212-227-153-4.plesk.page\/hr\/wp-json\/wp\/v2\/product_brand?post=740282"},{"taxonomy":"product_cat","embeddable":true,"href":"https:\/\/stoic-curie.212-227-153-4.plesk.page\/hr\/wp-json\/wp\/v2\/product_cat?post=740282"},{"taxonomy":"product_tag","embeddable":true,"href":"https:\/\/stoic-curie.212-227-153-4.plesk.page\/hr\/wp-json\/wp\/v2\/product_tag?post=740282"}],"curies":[{"name":"wp","href":"https:\/\/api.w.org\/{rel}","templated":true}]}}