{"id":740286,"date":"2025-03-03T18:07:41","date_gmt":"2025-03-03T17:07:41","guid":{"rendered":"https:\/\/stoic-curie.212-227-153-4.plesk.page\/producto\/rezervna-pumpa-za-rucne-toalete-johnson-aquat\/"},"modified":"2026-02-25T00:00:43","modified_gmt":"2026-02-25T00:00:43","slug":"rezervna-pumpa-za-rucne-toalete-johnson-aquat","status":"publish","type":"product","link":"https:\/\/stoic-curie.212-227-153-4.plesk.page\/hr\/product\/rezervna-pumpa-za-rucne-toalete-johnson-aquat\/","title":{"rendered":"Rezervna pumpa za ru\u010dne toalete Johnson AquaT"},"content":{"rendered":"<p>Rezervna pumpa za ru\u010dne toalete Johnson AquaT &#8211; <\/p>\n<p>Johnson AquaT WC opremljen je ergonomskom ru\u010dno pokretanom pumpom s dvostrukim djelovanjem koja se mo\u017ee montirati s lijeve ili desne strane. Radi s slatkom i slanom vodom te se mo\u017ee montirati iznad ili ispod razine vode. Dostupan je u tri modela: \u00e2\u0080\u00a2 Kompakt &#8211; manji model za ograni\u010dene prostore s okruglim sjedalom \u00e2\u0080\u00a2 Comfort &#8211; ve\u0107i i udobniji s ovalnim sjedalom \u00e2\u0080\u00a2 Super Compact &#8211; manji i lak\u0161i s okruglim sjedalom. Izra\u0111en od izvanredne kvalitete bijelog vitreoznog porculana za savr\u0161enu higijenu. Prakti\u010dan, tih i pouzdan. Sna\u017ena vrtlo\u017ena akcija za u\u010dinkovito ispiranje. Vodilica klipa od mesinga za du\u017ei vijek trajanja. Zatvaranje gornje ventila uz pomo\u0107 opruge za lak\u0161e punjenje. Dvostruki nepovratni ventili s punim promjerom od 38 mm (1 1\/2&#8243;) kako bi se sprije\u010dio povratni tok. Vi\u0161ekutna izlazna cijev za ve\u0107u slobodu monta\u017ee. Dvostruko zape\u010da\u0107eni \u010dep baze za zimsko odvodnjavanje i lak\u0161i pristup \u010di\u0161\u0107enju. Pristupa\u010dne to\u010dke monta\u017ee za br\u017eu instalaciju bez posebnih alata. Fleksibilan uzorak rupa na bazi za lak\u0161u zamjenu s naj\u010de\u0161\u0107im wc-ima na tr\u017ei\u0161tu. Ulaz \u00c3\u00b8 20 mm (3\/4\u00e2\u0080\u009d), izlaz \u00c3\u00b8 38 mm (1\u00e2\u0080\u009d 1\/2). 3 godine jamstva.<\/p>\n","protected":false},"excerpt":{"rendered":"<p>Rezervna pumpa za ru\u010dne toalete Johnson AquaT &#8211; Johnson AquaT WC opremljen je ergonomskom ru\u010dno pokretanom pumpom s dvostrukim djelovanjem<\/p>\n","protected":false},"featured_media":5938543,"comment_status":"open","ping_status":"closed","template":"","meta":[],"product_brand":[3046],"product_cat":[1675],"product_tag":[],"class_list":{"0":"post-740286","1":"product","2":"type-product","3":"status-publish","4":"has-post-thumbnail","6":"product_brand-johnson-marine-hr","7":"product_cat-brodski-wc","9":"first","10":"instock","11":"shipping-taxable","12":"purchasable","13":"product-type-simple"},"_links":{"self":[{"href":"https:\/\/stoic-curie.212-227-153-4.plesk.page\/hr\/wp-json\/wp\/v2\/product\/740286","targetHints":{"allow":["GET"]}}],"collection":[{"href":"https:\/\/stoic-curie.212-227-153-4.plesk.page\/hr\/wp-json\/wp\/v2\/product"}],"about":[{"href":"https:\/\/stoic-curie.212-227-153-4.plesk.page\/hr\/wp-json\/wp\/v2\/types\/product"}],"replies":[{"embeddable":true,"href":"https:\/\/stoic-curie.212-227-153-4.plesk.page\/hr\/wp-json\/wp\/v2\/comments?post=740286"}],"version-history":[{"count":0,"href":"https:\/\/stoic-curie.212-227-153-4.plesk.page\/hr\/wp-json\/wp\/v2\/product\/740286\/revisions"}],"wp:featuredmedia":[{"embeddable":true,"href":"https:\/\/stoic-curie.212-227-153-4.plesk.page\/hr\/wp-json\/wp\/v2\/media\/5938543"}],"wp:attachment":[{"href":"https:\/\/stoic-curie.212-227-153-4.plesk.page\/hr\/wp-json\/wp\/v2\/media?parent=740286"}],"wp:term":[{"taxonomy":"product_brand","embeddable":true,"href":"https:\/\/stoic-curie.212-227-153-4.plesk.page\/hr\/wp-json\/wp\/v2\/product_brand?post=740286"},{"taxonomy":"product_cat","embeddable":true,"href":"https:\/\/stoic-curie.212-227-153-4.plesk.page\/hr\/wp-json\/wp\/v2\/product_cat?post=740286"},{"taxonomy":"product_tag","embeddable":true,"href":"https:\/\/stoic-curie.212-227-153-4.plesk.page\/hr\/wp-json\/wp\/v2\/product_tag?post=740286"}],"curies":[{"name":"wp","href":"https:\/\/api.w.org\/{rel}","templated":true}]}}