{"id":740288,"date":"2025-03-03T18:07:42","date_gmt":"2025-03-03T17:07:42","guid":{"rendered":"https:\/\/stoic-curie.212-227-153-4.plesk.page\/producto\/ocean-24v-elektricni-ventil-za-brodske-toalete\/"},"modified":"2026-02-25T00:00:43","modified_gmt":"2026-02-25T00:00:43","slug":"ocean-24v-elektricni-ventil-za-brodske-toalete","status":"publish","type":"product","link":"https:\/\/stoic-curie.212-227-153-4.plesk.page\/hr\/product\/ocean-24v-elektricni-ventil-za-brodske-toalete\/","title":{"rendered":"Ocean 24v elektricni ventil za brodske toalete"},"content":{"rendered":"<p>Ocean 24v elektricni ventil za brodske toalete &#8211; <\/p>\n<p>Elektri\u010dni WC Ocean Luxury Standard: <br \/>\u2022 Maksimalna ti\u0161ina <br \/>\u2022 Velika udobnost (osje\u0107a se kao kod ku\u0107e) <br \/>\u2022 Minimalna potro\u0161nja vode <br \/>\u2022 Automatska kontrola ulaza\/izlaza vode <br \/>\u2022 Kombinirana pumpna jedinica za odlaganje otpada <br \/>\u2022 Digitalna kontrolna plo\u010da <br \/>\u2022 Duroplast sjedalo s mekim zatvara\u010dem <br \/>\u2022 Materijali otporni na udarce i koroziju <br \/>\u2022 Povratni ventil <br \/>\u2022 Samousisavanje do 1,5 metara visine <br \/>\u2022 Mo\u017ee se montirati iznad ili ispod razine vode <br \/>Mo\u017ee koristiti automatski vodeni sustav ili pumpu za odvodnju instaliranu na brodu za ulaz vode. <br \/>Opremljen je elektroni\u010dkim prekida\u010dem za automatsko reguliranje ulaza i izlaza vode u 2 razli\u010dite faze: prvo se zdjela puni \u010distom vodom, a zatim se otpad ispu\u0161ta, ostavljaju\u0107i zdjelu praznom i \u010distom. <br \/>Treba ga dopuniti pumpom za ispiranje vodom. <br \/>Kada se instalira niz WC-a, potrebna je jedna jedinstvena vodena pumpa za sve WC-a i elektroventil za svaki WC. <br \/>Sukladnost \u00d8 19 mm (3\/4&#8243;), izlaz \u00d8 25\/38 mm (1&#8243;-1&#8243;1\/2). <br \/>Potrosnja 30A na 12V<\/p>\n","protected":false},"excerpt":{"rendered":"<p>Ocean 24v elektricni ventil za brodske toalete &#8211; Elektri\u010dni WC Ocean Luxury Standard: \u2022 Maksimalna ti\u0161ina \u2022 Velika udobnost (osje\u0107a<\/p>\n","protected":false},"featured_media":5938547,"comment_status":"open","ping_status":"closed","template":"","meta":[],"product_brand":[3141],"product_cat":[1675,1649],"product_tag":[],"class_list":{"0":"post-740288","1":"product","2":"type-product","3":"status-publish","4":"has-post-thumbnail","6":"product_brand-matromarine-hr","7":"product_cat-brodski-wc","8":"product_cat-spremnici-za-otpadne-vode","10":"first","11":"instock","12":"shipping-taxable","13":"purchasable","14":"product-type-simple"},"_links":{"self":[{"href":"https:\/\/stoic-curie.212-227-153-4.plesk.page\/hr\/wp-json\/wp\/v2\/product\/740288","targetHints":{"allow":["GET"]}}],"collection":[{"href":"https:\/\/stoic-curie.212-227-153-4.plesk.page\/hr\/wp-json\/wp\/v2\/product"}],"about":[{"href":"https:\/\/stoic-curie.212-227-153-4.plesk.page\/hr\/wp-json\/wp\/v2\/types\/product"}],"replies":[{"embeddable":true,"href":"https:\/\/stoic-curie.212-227-153-4.plesk.page\/hr\/wp-json\/wp\/v2\/comments?post=740288"}],"version-history":[{"count":0,"href":"https:\/\/stoic-curie.212-227-153-4.plesk.page\/hr\/wp-json\/wp\/v2\/product\/740288\/revisions"}],"wp:featuredmedia":[{"embeddable":true,"href":"https:\/\/stoic-curie.212-227-153-4.plesk.page\/hr\/wp-json\/wp\/v2\/media\/5938547"}],"wp:attachment":[{"href":"https:\/\/stoic-curie.212-227-153-4.plesk.page\/hr\/wp-json\/wp\/v2\/media?parent=740288"}],"wp:term":[{"taxonomy":"product_brand","embeddable":true,"href":"https:\/\/stoic-curie.212-227-153-4.plesk.page\/hr\/wp-json\/wp\/v2\/product_brand?post=740288"},{"taxonomy":"product_cat","embeddable":true,"href":"https:\/\/stoic-curie.212-227-153-4.plesk.page\/hr\/wp-json\/wp\/v2\/product_cat?post=740288"},{"taxonomy":"product_tag","embeddable":true,"href":"https:\/\/stoic-curie.212-227-153-4.plesk.page\/hr\/wp-json\/wp\/v2\/product_tag?post=740288"}],"curies":[{"name":"wp","href":"https:\/\/api.w.org\/{rel}","templated":true}]}}