{"id":740292,"date":"2025-03-03T18:07:43","date_gmt":"2025-03-03T17:07:43","guid":{"rendered":"https:\/\/stoic-curie.212-227-153-4.plesk.page\/producto\/kit-za-popravak-elektricnog-wc-a-jabsco-compact\/"},"modified":"2026-02-25T00:00:43","modified_gmt":"2026-02-25T00:00:43","slug":"kit-za-popravak-elektricnog-wc-a-jabsco-compact","status":"publish","type":"product","link":"https:\/\/stoic-curie.212-227-153-4.plesk.page\/hr\/product\/kit-za-popravak-elektricnog-wc-a-jabsco-compact\/","title":{"rendered":"Kit za popravak elektri\u010dnog  WC-a Jabsco Compact"},"content":{"rendered":"<p>Kit za popravak elektri\u010dnog  WC-a Jabsco Compact &#8211; <\/p>\n<p>Macerator za otpad visoke kapacitete Porculanska \u0161koljka Jabsco elektri\u010dna WC \u0161koljka. Jednostavno aktiviranje s jednim gumbom. Samoprona\u0161anje do 1,20 m. Ulaz \u00d8 19 mm \/ izlaz \u00d8 25 mm<\/p>\n","protected":false},"excerpt":{"rendered":"<p>Kit za popravak elektri\u010dnog WC-a Jabsco Compact &#8211; Macerator za otpad visoke kapacitete Porculanska \u0161koljka Jabsco elektri\u010dna WC \u0161koljka. Jednostavno<\/p>\n","protected":false},"featured_media":5938552,"comment_status":"open","ping_status":"closed","template":"","meta":[],"product_brand":[3031],"product_cat":[1675],"product_tag":[],"class_list":{"0":"post-740292","1":"product","2":"type-product","3":"status-publish","4":"has-post-thumbnail","6":"product_brand-jabsco-marine-hr","7":"product_cat-brodski-wc","9":"first","10":"instock","11":"shipping-taxable","12":"purchasable","13":"product-type-simple"},"_links":{"self":[{"href":"https:\/\/stoic-curie.212-227-153-4.plesk.page\/hr\/wp-json\/wp\/v2\/product\/740292","targetHints":{"allow":["GET"]}}],"collection":[{"href":"https:\/\/stoic-curie.212-227-153-4.plesk.page\/hr\/wp-json\/wp\/v2\/product"}],"about":[{"href":"https:\/\/stoic-curie.212-227-153-4.plesk.page\/hr\/wp-json\/wp\/v2\/types\/product"}],"replies":[{"embeddable":true,"href":"https:\/\/stoic-curie.212-227-153-4.plesk.page\/hr\/wp-json\/wp\/v2\/comments?post=740292"}],"version-history":[{"count":0,"href":"https:\/\/stoic-curie.212-227-153-4.plesk.page\/hr\/wp-json\/wp\/v2\/product\/740292\/revisions"}],"wp:featuredmedia":[{"embeddable":true,"href":"https:\/\/stoic-curie.212-227-153-4.plesk.page\/hr\/wp-json\/wp\/v2\/media\/5938552"}],"wp:attachment":[{"href":"https:\/\/stoic-curie.212-227-153-4.plesk.page\/hr\/wp-json\/wp\/v2\/media?parent=740292"}],"wp:term":[{"taxonomy":"product_brand","embeddable":true,"href":"https:\/\/stoic-curie.212-227-153-4.plesk.page\/hr\/wp-json\/wp\/v2\/product_brand?post=740292"},{"taxonomy":"product_cat","embeddable":true,"href":"https:\/\/stoic-curie.212-227-153-4.plesk.page\/hr\/wp-json\/wp\/v2\/product_cat?post=740292"},{"taxonomy":"product_tag","embeddable":true,"href":"https:\/\/stoic-curie.212-227-153-4.plesk.page\/hr\/wp-json\/wp\/v2\/product_tag?post=740292"}],"curies":[{"name":"wp","href":"https:\/\/api.w.org\/{rel}","templated":true}]}}