{"id":740295,"date":"2025-03-03T18:07:44","date_gmt":"2025-03-03T17:07:44","guid":{"rendered":"https:\/\/stoic-curie.212-227-153-4.plesk.page\/producto\/brodski-wc-ocean-laguna-silent-24v\/"},"modified":"2026-02-25T00:00:43","modified_gmt":"2026-02-25T00:00:43","slug":"brodski-wc-ocean-laguna-silent-24v","status":"publish","type":"product","link":"https:\/\/stoic-curie.212-227-153-4.plesk.page\/hr\/product\/brodski-wc-ocean-laguna-silent-24v\/","title":{"rendered":"Brodski WC Ocean Laguna Silent 24v"},"content":{"rendered":"<p>Brodski WC Ocean Laguna Silent 24v &#8211; <\/p>\n<p>Ocean Laguna Silent Hydrovacuum elektri\u010dni WC:<br \/>\u2022 Odli\u010dna udobnost i vrlo tiha<br \/>\u2022 Minimalna potro\u0161nja vode<br \/>\u2022 Automatska kontrola ulaza\/izlaza vode<br \/>\u2022 Kombinirana pumpna jedinica za odvodnju otpada<br \/>\u2022 Kontrolna plo\u010da<br \/>\u2022 Lakirani drveni sjedalo s ti\u0161im zatvaranjem<br \/>\u2022 Materijali otporni na udarce i koroziju<br \/>\u2022 Ventil protiv povratnog toka<br \/>\u2022 Samoozvu\u010dna do 1,5 metara visine<br \/>\u2022 Mo\u017ee se montirati iznad ili ispod razine vode<br \/>Visokou\u010dinkovita pumpa koja omogu\u0107uje odvo\u0111enje otpada do 7 metara visine i na udaljenosti od 70 metara.<br \/>Mo\u017ee koristiti automatski sustav za unos vode ili pumpu za drena\u017eu instaliranu na brodu za ulaz vode.<br \/>Opremljena je elektroni\u010dkim prekida\u010dem koji automatski regulira ulaz i izlaz vode u 2 razli\u010dite faze: prvo se posuda puni \u010distom vodom, a zatim se otpad izbacuje ostavljaju\u0107i posudu praznom i \u010distom.<br \/>Za kompletiranje s pumpom za punjenje toilet s vodom.<br \/>Ulaz \u00d8 19 mm (3\/4&#8221;), izlaz \u00d8 38 mm (1&#8221;1\/2).<\/p>\n","protected":false},"excerpt":{"rendered":"<p>Brodski WC Ocean Laguna Silent 24v &#8211; Ocean Laguna Silent Hydrovacuum elektri\u010dni WC:\u2022 Odli\u010dna udobnost i vrlo tiha\u2022 Minimalna potro\u0161nja<\/p>\n","protected":false},"featured_media":5938559,"comment_status":"open","ping_status":"closed","template":"","meta":[],"product_brand":[3141],"product_cat":[1675],"product_tag":[],"class_list":{"0":"post-740295","1":"product","2":"type-product","3":"status-publish","4":"has-post-thumbnail","6":"product_brand-matromarine-hr","7":"product_cat-brodski-wc","9":"first","10":"instock","11":"shipping-taxable","12":"purchasable","13":"product-type-simple"},"_links":{"self":[{"href":"https:\/\/stoic-curie.212-227-153-4.plesk.page\/hr\/wp-json\/wp\/v2\/product\/740295","targetHints":{"allow":["GET"]}}],"collection":[{"href":"https:\/\/stoic-curie.212-227-153-4.plesk.page\/hr\/wp-json\/wp\/v2\/product"}],"about":[{"href":"https:\/\/stoic-curie.212-227-153-4.plesk.page\/hr\/wp-json\/wp\/v2\/types\/product"}],"replies":[{"embeddable":true,"href":"https:\/\/stoic-curie.212-227-153-4.plesk.page\/hr\/wp-json\/wp\/v2\/comments?post=740295"}],"version-history":[{"count":0,"href":"https:\/\/stoic-curie.212-227-153-4.plesk.page\/hr\/wp-json\/wp\/v2\/product\/740295\/revisions"}],"wp:featuredmedia":[{"embeddable":true,"href":"https:\/\/stoic-curie.212-227-153-4.plesk.page\/hr\/wp-json\/wp\/v2\/media\/5938559"}],"wp:attachment":[{"href":"https:\/\/stoic-curie.212-227-153-4.plesk.page\/hr\/wp-json\/wp\/v2\/media?parent=740295"}],"wp:term":[{"taxonomy":"product_brand","embeddable":true,"href":"https:\/\/stoic-curie.212-227-153-4.plesk.page\/hr\/wp-json\/wp\/v2\/product_brand?post=740295"},{"taxonomy":"product_cat","embeddable":true,"href":"https:\/\/stoic-curie.212-227-153-4.plesk.page\/hr\/wp-json\/wp\/v2\/product_cat?post=740295"},{"taxonomy":"product_tag","embeddable":true,"href":"https:\/\/stoic-curie.212-227-153-4.plesk.page\/hr\/wp-json\/wp\/v2\/product_tag?post=740295"}],"curies":[{"name":"wp","href":"https:\/\/api.w.org\/{rel}","templated":true}]}}