{"id":740299,"date":"2025-03-03T18:07:45","date_gmt":"2025-03-03T17:07:45","guid":{"rendered":"https:\/\/stoic-curie.212-227-153-4.plesk.page\/producto\/spremnik-za-crnu-i-otpadnu-vodu-can-48lt-h280mm\/"},"modified":"2026-02-25T00:00:43","modified_gmt":"2026-02-25T00:00:43","slug":"spremnik-za-crnu-i-otpadnu-vodu-can-48lt-h280mm","status":"publish","type":"product","link":"https:\/\/stoic-curie.212-227-153-4.plesk.page\/hr\/product\/spremnik-za-crnu-i-otpadnu-vodu-can-48lt-h280mm\/","title":{"rendered":"Spremnik za crnu i otpadnu vodu Can 48lt H280mm"},"content":{"rendered":"<p>Spremnik za crnu i otpadnu vodu Can 48lt H280mm &#8211; <\/p>\n<p>Tankovi za otpadne vode\/kanalizaciju od visoko gustog polietilena, opremljeni 10-otvorom poklopcem s uronjenom cijevi, 2 rotiraju\u0107a spojna cijevna koljena 38 mm, 2 ravna 38 mm spojna cijevna koljena, spojni element od nehr\u0111aju\u0107eg \u010delika 16 mm, \u010dep od 1&#8243;1\/4 i \u010dep od 1&#8243;1\/2.<\/p>\n","protected":false},"excerpt":{"rendered":"<p>Spremnik za crnu i otpadnu vodu Can 48lt H280mm &#8211; Tankovi za otpadne vode\/kanalizaciju od visoko gustog polietilena, opremljeni 10-otvorom<\/p>\n","protected":false},"featured_media":5938567,"comment_status":"open","ping_status":"closed","template":"","meta":[],"product_brand":[2856],"product_cat":[1649],"product_tag":[],"class_list":{"0":"post-740299","1":"product","2":"type-product","3":"status-publish","4":"has-post-thumbnail","6":"product_brand-can-marine-hr","7":"product_cat-spremnici-za-otpadne-vode","9":"first","10":"instock","11":"shipping-taxable","12":"purchasable","13":"product-type-simple"},"_links":{"self":[{"href":"https:\/\/stoic-curie.212-227-153-4.plesk.page\/hr\/wp-json\/wp\/v2\/product\/740299","targetHints":{"allow":["GET"]}}],"collection":[{"href":"https:\/\/stoic-curie.212-227-153-4.plesk.page\/hr\/wp-json\/wp\/v2\/product"}],"about":[{"href":"https:\/\/stoic-curie.212-227-153-4.plesk.page\/hr\/wp-json\/wp\/v2\/types\/product"}],"replies":[{"embeddable":true,"href":"https:\/\/stoic-curie.212-227-153-4.plesk.page\/hr\/wp-json\/wp\/v2\/comments?post=740299"}],"version-history":[{"count":0,"href":"https:\/\/stoic-curie.212-227-153-4.plesk.page\/hr\/wp-json\/wp\/v2\/product\/740299\/revisions"}],"wp:featuredmedia":[{"embeddable":true,"href":"https:\/\/stoic-curie.212-227-153-4.plesk.page\/hr\/wp-json\/wp\/v2\/media\/5938567"}],"wp:attachment":[{"href":"https:\/\/stoic-curie.212-227-153-4.plesk.page\/hr\/wp-json\/wp\/v2\/media?parent=740299"}],"wp:term":[{"taxonomy":"product_brand","embeddable":true,"href":"https:\/\/stoic-curie.212-227-153-4.plesk.page\/hr\/wp-json\/wp\/v2\/product_brand?post=740299"},{"taxonomy":"product_cat","embeddable":true,"href":"https:\/\/stoic-curie.212-227-153-4.plesk.page\/hr\/wp-json\/wp\/v2\/product_cat?post=740299"},{"taxonomy":"product_tag","embeddable":true,"href":"https:\/\/stoic-curie.212-227-153-4.plesk.page\/hr\/wp-json\/wp\/v2\/product_tag?post=740299"}],"curies":[{"name":"wp","href":"https:\/\/api.w.org\/{rel}","templated":true}]}}