{"id":740300,"date":"2025-03-03T18:07:45","date_gmt":"2025-03-03T17:07:45","guid":{"rendered":"https:\/\/stoic-curie.212-227-153-4.plesk.page\/producto\/spremnik-za-crnu-i-otpadnu-vodu-can-53lt-h280mm\/"},"modified":"2026-02-25T00:00:43","modified_gmt":"2026-02-25T00:00:43","slug":"spremnik-za-crnu-i-otpadnu-vodu-can-53lt-h280mm","status":"publish","type":"product","link":"https:\/\/stoic-curie.212-227-153-4.plesk.page\/hr\/product\/spremnik-za-crnu-i-otpadnu-vodu-can-53lt-h280mm\/","title":{"rendered":"Spremnik za crnu i otpadnu vodu Can 53lt H280mm"},"content":{"rendered":"<p>Spremnik za crnu i otpadnu vodu Can 53lt H280mm &#8211; <\/p>\n<p>Cisters s visokou gusto\u0107om od polietilena za otpadne vode\/vr\u0161i, opremljene s 10-otvorima, uronjenim cijevima, 2 rotacijska 38 mm cijevna spojna koljena na crijevo, 2 ravne 38 mm cijevne spojnice na crijevo, jedan 16 mm nehr\u0111aju\u0107i \u010delik cijevna spojna na crijevo, 1&#8243;1\/4 \u010dep i 1&#8243;1\/2 \u010dep.<\/p>\n","protected":false},"excerpt":{"rendered":"<p>Spremnik za crnu i otpadnu vodu Can 53lt H280mm &#8211; Cisters s visokou gusto\u0107om od polietilena za otpadne vode\/vr\u0161i, opremljene<\/p>\n","protected":false},"featured_media":5938567,"comment_status":"open","ping_status":"closed","template":"","meta":[],"product_brand":[2856],"product_cat":[1649],"product_tag":[],"class_list":{"0":"post-740300","1":"product","2":"type-product","3":"status-publish","4":"has-post-thumbnail","6":"product_brand-can-marine-hr","7":"product_cat-spremnici-za-otpadne-vode","9":"first","10":"instock","11":"shipping-taxable","12":"purchasable","13":"product-type-simple"},"_links":{"self":[{"href":"https:\/\/stoic-curie.212-227-153-4.plesk.page\/hr\/wp-json\/wp\/v2\/product\/740300","targetHints":{"allow":["GET"]}}],"collection":[{"href":"https:\/\/stoic-curie.212-227-153-4.plesk.page\/hr\/wp-json\/wp\/v2\/product"}],"about":[{"href":"https:\/\/stoic-curie.212-227-153-4.plesk.page\/hr\/wp-json\/wp\/v2\/types\/product"}],"replies":[{"embeddable":true,"href":"https:\/\/stoic-curie.212-227-153-4.plesk.page\/hr\/wp-json\/wp\/v2\/comments?post=740300"}],"version-history":[{"count":0,"href":"https:\/\/stoic-curie.212-227-153-4.plesk.page\/hr\/wp-json\/wp\/v2\/product\/740300\/revisions"}],"wp:featuredmedia":[{"embeddable":true,"href":"https:\/\/stoic-curie.212-227-153-4.plesk.page\/hr\/wp-json\/wp\/v2\/media\/5938567"}],"wp:attachment":[{"href":"https:\/\/stoic-curie.212-227-153-4.plesk.page\/hr\/wp-json\/wp\/v2\/media?parent=740300"}],"wp:term":[{"taxonomy":"product_brand","embeddable":true,"href":"https:\/\/stoic-curie.212-227-153-4.plesk.page\/hr\/wp-json\/wp\/v2\/product_brand?post=740300"},{"taxonomy":"product_cat","embeddable":true,"href":"https:\/\/stoic-curie.212-227-153-4.plesk.page\/hr\/wp-json\/wp\/v2\/product_cat?post=740300"},{"taxonomy":"product_tag","embeddable":true,"href":"https:\/\/stoic-curie.212-227-153-4.plesk.page\/hr\/wp-json\/wp\/v2\/product_tag?post=740300"}],"curies":[{"name":"wp","href":"https:\/\/api.w.org\/{rel}","templated":true}]}}