{"id":740316,"date":"2025-03-03T18:07:49","date_gmt":"2025-03-03T17:07:49","guid":{"rendered":"https:\/\/stoic-curie.212-227-153-4.plesk.page\/producto\/grijac-vode-quick-bxs25\/"},"modified":"2026-02-25T00:00:44","modified_gmt":"2026-02-25T00:00:44","slug":"grijac-vode-quick-bxs25","status":"publish","type":"product","link":"https:\/\/stoic-curie.212-227-153-4.plesk.page\/hr\/product\/grijac-vode-quick-bxs25\/","title":{"rendered":"Grija\u010d vode Quick BXS 25"},"content":{"rendered":"<p>Grija\u010d vode Quick BXS 25 &#8211; <\/p>\n<p style=\"color: rgb(34, 34, 34); font-family: Arial, Helvetica, sans-serif; font-size: small;\">BXS 25 Serija Kvadratni Bojler za Vodu iz Quick Italy<\/p>\n<p style=\"color: rgb(34, 34, 34); font-family: Arial, Helvetica, sans-serif; font-size: small;\">Kvadratni Nautic Bojler posebno je dizajniran za pomorske primjene. Mo\u017ee raditi na obalnoj struji ili uz pomo\u0107 generatora, a opremljen je elektri\u010dnom otporno\u0161\u0107u od 1200W, 220V. Osim toga, uklju\u010duje jedinstveni izmjenjiva\u010d topline koji koristi toplinu iz sustava hla\u0111enja motora, osiguravaju\u0107i da voda ostane sigurna za konzumaciju. Tako\u0111er je opremljen anodom koja \u0161titi od utjecaja elektrolice.<\/p>\n<p style=\"color: rgb(34, 34, 34); font-family: Arial, Helvetica, sans-serif; font-size: small;\">Ovaj bojler za vodu izra\u0111en je od spremnika od nehr\u0111aju\u0107eg \u010delika 316 i izolirane vanjske ovojnice, osiguravaju\u0107i trajnost i u\u010dinkovitost. Ima trogodi\u0161nje jamstvo i zahtijeva set ventila za mije\u0161anje za optimalnu funkcionalnost.<\/p>\n<p style=\"color: rgb(34, 34, 34); font-family: Arial, Helvetica, sans-serif; font-size: small;\">Klju\u010dne zna\u010dajke:<\/p>\n<ul style=\"color: rgb(34, 34, 34); font-family: Arial, Helvetica, sans-serif; font-size: small;\">\n<li>Vanjski cilindar: nehr\u0111aju\u0107i \u010delik, AISI 304<\/li>\n<li>Bojler i grija\u0107i element: nehr\u0111aju\u0107i \u010delik, AISI 316L<\/li>\n<li>Dolazi s monta\u017enom konzolom<\/li>\n<li>Mo\u017ee se instalirati okomito ili vodoravno<\/li>\n<\/ul>\n<p style=\"color: rgb(34, 34, 34); font-family: Arial, Helvetica, sans-serif; font-size: small;\">Specifikacije Quick Nautic Bojlera BXS 25:<\/p>\n<ul style=\"color: rgb(34, 34, 34); font-family: Arial, Helvetica, sans-serif; font-size: small;\">\n<li>Kapacitet: 25 litara<\/li>\n<li>Grija\u0107i element: 1200 W, 220 V<\/li>\n<li>Dimenzije (Dx\u0160xV): 480 x 330 x 330 mm<\/li>\n<li>Te\u017eina: 13.5 kg<\/li>\n<\/ul>\n<p style=\"color: rgb(34, 34, 34); font-family: Arial, Helvetica, sans-serif; font-size: small;\">Ovaj bojler za vodu odli\u010dan je izbor za zaljubljenike u plovidbu koji tra\u017ee pouzdana i u\u010dinkovita rje\u0161enja za grijanje.<\/p>\n","protected":false},"excerpt":{"rendered":"<p>Grija\u010d vode Quick BXS 25 &#8211; BXS 25 Serija Kvadratni Bojler za Vodu iz Quick Italy Kvadratni Nautic Bojler posebno<\/p>\n","protected":false},"featured_media":5938708,"comment_status":"open","ping_status":"closed","template":"","meta":[],"product_brand":[3281],"product_cat":[1651],"product_tag":[],"class_list":{"0":"post-740316","1":"product","2":"type-product","3":"status-publish","4":"has-post-thumbnail","6":"product_brand-quick-hr","7":"product_cat-grijaci-vode","9":"first","10":"instock","11":"shipping-taxable","12":"purchasable","13":"product-type-simple"},"_links":{"self":[{"href":"https:\/\/stoic-curie.212-227-153-4.plesk.page\/hr\/wp-json\/wp\/v2\/product\/740316","targetHints":{"allow":["GET"]}}],"collection":[{"href":"https:\/\/stoic-curie.212-227-153-4.plesk.page\/hr\/wp-json\/wp\/v2\/product"}],"about":[{"href":"https:\/\/stoic-curie.212-227-153-4.plesk.page\/hr\/wp-json\/wp\/v2\/types\/product"}],"replies":[{"embeddable":true,"href":"https:\/\/stoic-curie.212-227-153-4.plesk.page\/hr\/wp-json\/wp\/v2\/comments?post=740316"}],"version-history":[{"count":0,"href":"https:\/\/stoic-curie.212-227-153-4.plesk.page\/hr\/wp-json\/wp\/v2\/product\/740316\/revisions"}],"wp:featuredmedia":[{"embeddable":true,"href":"https:\/\/stoic-curie.212-227-153-4.plesk.page\/hr\/wp-json\/wp\/v2\/media\/5938708"}],"wp:attachment":[{"href":"https:\/\/stoic-curie.212-227-153-4.plesk.page\/hr\/wp-json\/wp\/v2\/media?parent=740316"}],"wp:term":[{"taxonomy":"product_brand","embeddable":true,"href":"https:\/\/stoic-curie.212-227-153-4.plesk.page\/hr\/wp-json\/wp\/v2\/product_brand?post=740316"},{"taxonomy":"product_cat","embeddable":true,"href":"https:\/\/stoic-curie.212-227-153-4.plesk.page\/hr\/wp-json\/wp\/v2\/product_cat?post=740316"},{"taxonomy":"product_tag","embeddable":true,"href":"https:\/\/stoic-curie.212-227-153-4.plesk.page\/hr\/wp-json\/wp\/v2\/product_tag?post=740316"}],"curies":[{"name":"wp","href":"https:\/\/api.w.org\/{rel}","templated":true}]}}