{"id":740317,"date":"2025-03-03T18:07:49","date_gmt":"2025-03-03T17:07:49","guid":{"rendered":"https:\/\/stoic-curie.212-227-153-4.plesk.page\/producto\/brodski-bojler-grijac-vode-quick-bxs40\/"},"modified":"2026-02-25T00:00:44","modified_gmt":"2026-02-25T00:00:44","slug":"brodski-bojler-grijac-vode-quick-bxs40","status":"publish","type":"product","link":"https:\/\/stoic-curie.212-227-153-4.plesk.page\/hr\/product\/brodski-bojler-grijac-vode-quick-bxs40\/","title":{"rendered":"Grija\u010d vode Quick BXS 40"},"content":{"rendered":"<p>Grija\u010d vode Quick BXS 40 &#8211; <\/p>\n<p style=\"color: rgb(34, 34, 34); font-family: Arial, Helvetica, sans-serif; font-size: small;\">Square Nautic Boiler Quick BXS40 je posebno dizajniran za pomorsku upotrebu. Radi na obalnoj struji ili s generatorom, koriste\u0107i 1200W-220V elektri\u010dni otpor. Osim toga, ima jedinstveni izmjenjiva\u010d topline koji mu omogu\u0107uje kori\u0161tenje topline iz rashladnog sustava motora, osiguravaju\u0107i da voda ostane sigurna za pi\u0107e. Uklju\u010dena je anoda koja \u0161titi od u\u010dinaka elektrolize.<\/p>\n<p style=\"color: rgb(34, 34, 34); font-family: Arial, Helvetica, sans-serif; font-size: small;\">Ovaj bojler za vodu je izra\u0111en s rezervoarom od 316 nehr\u0111aju\u0107eg \u010delika i izoliranom ku\u0107i\u0161tem, pru\u017eaju\u0107i izdr\u017eljivost i u\u010dinkovitost. Dolazi s trogodi\u0161njim jamstvom i zahtijeva komplet za mije\u0161anje ventila za optimalne performanse.<\/p>\n<p style=\"color: rgb(34, 34, 34); font-family: Arial, Helvetica, sans-serif; font-size: small;\">Klju\u010dne specifikacije uklju\u010duju:<\/p>\n<ul style=\"color: rgb(34, 34, 34); font-family: Arial, Helvetica, sans-serif; font-size: small;\">\n<li>Vanjski cilindar: AISI 304 nehr\u0111aju\u0107i \u010delik<\/li>\n<li>Rezervoar za vodu i grija\u0107i element: AISI 316L nehr\u0111aju\u0107i \u010delik<\/li>\n<li>Isporu\u010duje se s nosa\u010dem za montiranje<\/li>\n<li>Opcije za vertikalnu ili horizontalnu instalaciju<\/li>\n<\/ul>\n<p style=\"color: rgb(34, 34, 34); font-family: Arial, Helvetica, sans-serif; font-size: small;\">Model: Quick Nautic Boiler BXS 40<\/p>\n<ul style=\"color: rgb(34, 34, 34); font-family: Arial, Helvetica, sans-serif; font-size: small;\">\n<li>Kapacitet: 40 litara<\/li>\n<li>Grija\u0107i element: 1200W, 220V<\/li>\n<li>Dimenzije (D\u017ex\u0160xV): 560 x 380 x 380 mm<\/li>\n<li>Te\u017eina: 17,0 kg<\/li>\n<\/ul>\n<p style=\"color: rgb(34, 34, 34); font-family: Arial, Helvetica, sans-serif; font-size: small;\">Ovaj bojler za vodu izvrstan je izbor za entuzijaste \u010damaca koji tra\u017ee pouzdana i u\u010dinkovita rje\u0161enja za grijanje.<\/p>\n","protected":false},"excerpt":{"rendered":"<p>Grija\u010d vode Quick BXS 40 &#8211; Square Nautic Boiler Quick BXS40 je posebno dizajniran za pomorsku upotrebu. Radi na obalnoj<\/p>\n","protected":false},"featured_media":5938708,"comment_status":"open","ping_status":"closed","template":"","meta":[],"product_brand":[3281],"product_cat":[1651],"product_tag":[],"class_list":{"0":"post-740317","1":"product","2":"type-product","3":"status-publish","4":"has-post-thumbnail","6":"product_brand-quick-hr","7":"product_cat-grijaci-vode","9":"first","10":"instock","11":"shipping-taxable","12":"purchasable","13":"product-type-simple"},"_links":{"self":[{"href":"https:\/\/stoic-curie.212-227-153-4.plesk.page\/hr\/wp-json\/wp\/v2\/product\/740317","targetHints":{"allow":["GET"]}}],"collection":[{"href":"https:\/\/stoic-curie.212-227-153-4.plesk.page\/hr\/wp-json\/wp\/v2\/product"}],"about":[{"href":"https:\/\/stoic-curie.212-227-153-4.plesk.page\/hr\/wp-json\/wp\/v2\/types\/product"}],"replies":[{"embeddable":true,"href":"https:\/\/stoic-curie.212-227-153-4.plesk.page\/hr\/wp-json\/wp\/v2\/comments?post=740317"}],"version-history":[{"count":0,"href":"https:\/\/stoic-curie.212-227-153-4.plesk.page\/hr\/wp-json\/wp\/v2\/product\/740317\/revisions"}],"wp:featuredmedia":[{"embeddable":true,"href":"https:\/\/stoic-curie.212-227-153-4.plesk.page\/hr\/wp-json\/wp\/v2\/media\/5938708"}],"wp:attachment":[{"href":"https:\/\/stoic-curie.212-227-153-4.plesk.page\/hr\/wp-json\/wp\/v2\/media?parent=740317"}],"wp:term":[{"taxonomy":"product_brand","embeddable":true,"href":"https:\/\/stoic-curie.212-227-153-4.plesk.page\/hr\/wp-json\/wp\/v2\/product_brand?post=740317"},{"taxonomy":"product_cat","embeddable":true,"href":"https:\/\/stoic-curie.212-227-153-4.plesk.page\/hr\/wp-json\/wp\/v2\/product_cat?post=740317"},{"taxonomy":"product_tag","embeddable":true,"href":"https:\/\/stoic-curie.212-227-153-4.plesk.page\/hr\/wp-json\/wp\/v2\/product_tag?post=740317"}],"curies":[{"name":"wp","href":"https:\/\/api.w.org\/{rel}","templated":true}]}}