{"id":740318,"date":"2025-03-03T18:07:49","date_gmt":"2025-03-03T17:07:49","guid":{"rendered":"https:\/\/stoic-curie.212-227-153-4.plesk.page\/producto\/grijac-vode-quick-b315-15lt\/"},"modified":"2026-02-25T00:00:44","modified_gmt":"2026-02-25T00:00:44","slug":"grijac-vode-quick-b315-15lt","status":"publish","type":"product","link":"https:\/\/stoic-curie.212-227-153-4.plesk.page\/hr\/product\/grijac-vode-quick-b315-15lt\/","title":{"rendered":"Grija\u010d vode Quick B3 15lt"},"content":{"rendered":"<p>Grija\u010d vode Quick B3 15lt &#8211; <\/p>\n<p style=\"color: rgb(34, 34, 34); font-family: Arial, Helvetica, sans-serif; font-size: small;\">Nautic Boiler grijalice za vodu model Quick B3 pa\u017eljivo su izra\u0111ene za kori\u0161tenje u pomorskim okru\u017eenjima. Dolaze s elektri\u010dnim grija\u010dem snage 1200W-220V, \u0161to ih \u010dini idealnima za rad na docu ili u kombinaciji s generatorom. Osim toga, ove grijalice dizajnirane su s posebnom oblogom izmjenjiva\u010da topline koja u\u010dinkovito koristi toplinu iz sustava hla\u0111enja motora.<\/p>\n<p style=\"color: rgb(34, 34, 34); font-family: Arial, Helvetica, sans-serif; font-size: small;\">Ove kotlove izgra\u0111ene su u skladu s propisima za pitku vodu i uklju\u010duju anodu koja \u0161titi od elektroze. Vanjski omota\u010d je izoliran i izra\u0111en od specijaliziranog kompozitnog materijala, dok je rezervoar napravljen od visokokvalitetnog nehr\u0111aju\u0107eg \u010delika AISI 316. Svaka jedinica dolazi s trogodi\u0161njim jamstvom i preporu\u010duje se kori\u0161tenje s kitom za mije\u0161anje vode.<\/p>\n<p style=\"color: rgb(34, 34, 34); font-family: Arial, Helvetica, sans-serif; font-size: small;\">Grija\u010di serije Quick B3 dostupni su u raznim veli\u010dinama i s rezervoarom izra\u0111enim od visokokvalitetnog nehr\u0111aju\u0107eg \u010delika debljine zida 1,5 mm. Dizajnirani su s \u010dvrstom izolacijom od pjene i jakim plasti\u010dnim ku\u0107i\u0161tem. Svaka grijalice opremljena je sigurnosnim\/anti-povratnim ventilom i elektri\u010dnim grija\u010dem, koji mo\u017ee imati snagu od 500 vata ili 1200 vata.<\/p>\n<p style=\"color: rgb(34, 34, 34); font-family: Arial, Helvetica, sans-serif; font-size: small;\">Model Quick B3 je cilindri\u010dna grijalica za vodu koja koristi incoloy elektri\u010dni grija\u010d, uz podesivi sigurnosni bimetalni termostat. Ovaj model se mo\u017ee pohvaliti izmjenjiva\u010dem topline izra\u0111enim od nehr\u0111aju\u0107eg \u010delika AISI 316L, pru\u017eaju\u0107i kapacitet koji prema\u0161uje mnoge od svojih konkurenta. Unutarnji rezervoar izra\u0111en je od nehr\u0111aju\u0107eg \u010delika AISI 316 debljine 1,5 mm, zavarenog uz pomo\u0107 argonovog za\u0161titnog plina kako bi se pove\u0107ala otpornost na koroziju. Vanj\u0161tina je izra\u0111ena od visoko izdr\u017eljivog plasti\u010dnog kompozitnog materijala.<\/p>\n<p style=\"color: rgb(34, 34, 34); font-family: Arial, Helvetica, sans-serif; font-size: small;\">Jednica je izolirana pjenom od poliuretana visoke gusto\u0107e, koja se injektira izme\u0111u poklopca i rezervoara kako bi se osigurala izvrsna zadr\u017eavanje topline. Model B3 tako\u0111er uklju\u010duje podesive metalne nosa\u010de za svestrano pri\u010dvr\u0161\u0107ivanje u sku\u010denim prostorima. Svaka jedinica dolazi s grijalicom za vodu, monta\u017enim nosa\u010dima i \u010detiri mesingana pribora.<\/p>\n<p style=\"color: rgb(34, 34, 34); font-family: Arial, Helvetica, sans-serif; font-size: small;\">Klju\u010dne karakteristike:<\/p>\n<ul style=\"color: rgb(34, 34, 34); font-family: Arial, Helvetica, sans-serif; font-size: small;\">\n<li>Generira toplu vodu koriste\u0107i elektri\u010dni element, koji uklju\u010duje podesivi sigurnosni bimetalni termostat.<\/li>\n<li>Izmjenjiva\u010d topline s velikom povr\u0161inom za u\u010dinkovitu transfer topline.<\/li>\n<li>Izra\u0111en od visokokvalitetnih materijala.<\/li>\n<li>Ventil za ispu\u0161tanje\/anti-povratni ventil za sigurno ispu\u0161tanje vode kada se ne koristi.<\/li>\n<\/ul>\n<p style=\"color: rgb(34, 34, 34); font-family: Arial, Helvetica, sans-serif; font-size: small;\">Grijalica za vodu: Tip B315<\/p>\n<ul style=\"color: rgb(34, 34, 34); font-family: Arial, Helvetica, sans-serif; font-size: small;\">\n<li>Proizvodi toplu vodu uz pomo\u0107 elektri\u010dnog elementa, opremljenog podesivim sigurnosnim bimetalnim termostatom.<\/li>\n<li>Izmjenjiva\u010d topline s \u0161irokom povr\u0161inom izmjene.<\/li>\n<li>Izra\u0111ena od premium materijala.<\/li>\n<li>Ventil za ispu\u0161tanje\/anti-povratni ventil koji omogu\u0107ava ispu\u0161tanje grijalice kada se ne koristi.<\/li>\n<\/ul>\n<p style=\"color: rgb(34, 34, 34); font-family: Arial, Helvetica, sans-serif; font-size: small;\">Grijalica za vodu Quick B3 15lt:<\/p>\n<ul style=\"color: rgb(34, 34, 34); font-family: Arial, Helvetica, sans-serif; font-size: small;\">\n<li>Promjer: 300 MM<\/li>\n<li>Snaga elektri\u010dnog elementa: 500 W<\/li>\n<li>Duljina: 405 MM<\/li>\n<li>Oblik: Okupan<\/li>\n<li>Kapacitet rezervoara: 15 L<\/li>\n<li>Te\u017eina: 7 KG<\/li>\n<\/ul>\n<p style=\"color: rgb(34, 34, 34); font-family: Arial, Helvetica, sans-serif; font-size: small;\">Tehni\u010dki podaci:<\/p>\n<ul style=\"color: rgb(34, 34, 34); font-family: Arial, Helvetica, sans-serif; font-size: small;\">\n<li>Materijal rezervoara: Nehr\u0111aju\u0107i \u010delik<\/li>\n<li>Toplinska izolacija: Poliuretanska pjena<\/li>\n<li>Vanjski premaz materijala: Kompozit<\/li>\n<li>Pritisak rezervoara (test rada): 800 kPa<\/li>\n<li>Maksimalni radni tlak: 600 kPa<\/li>\n<li>Naponska ocjena elektri\u010dnog elementa: 220 Vac \u00b1 10%<\/li>\n<li>Snaga elektri\u010dnog elementa: 1200 W (Model 12)<\/li>\n<li>Izlazni promjer: 1\/2&#8243;<\/li>\n<\/ul>\n<p style=\"color: rgb(34, 34, 34); font-family: Arial, Helvetica, sans-serif; font-size: small;\">Ovaj detaljan pregled nagla\u0161ava kvalitetu i zna\u010dajke na\u0161ih Nautic Boiler grijala za vodu, osiguravaju\u0107i vam sve potrebne informacije za dono\u0161enje dobro informirane odluke.<\/p>\n","protected":false},"excerpt":{"rendered":"<p>Grija\u010d vode Quick B3 15lt &#8211; Nautic Boiler grijalice za vodu model Quick B3 pa\u017eljivo su izra\u0111ene za kori\u0161tenje u<\/p>\n","protected":false},"featured_media":5938709,"comment_status":"open","ping_status":"closed","template":"","meta":[],"product_brand":[3281],"product_cat":[1651],"product_tag":[],"class_list":{"0":"post-740318","1":"product","2":"type-product","3":"status-publish","4":"has-post-thumbnail","6":"product_brand-quick-hr","7":"product_cat-grijaci-vode","9":"first","10":"instock","11":"shipping-taxable","12":"purchasable","13":"product-type-simple"},"_links":{"self":[{"href":"https:\/\/stoic-curie.212-227-153-4.plesk.page\/hr\/wp-json\/wp\/v2\/product\/740318","targetHints":{"allow":["GET"]}}],"collection":[{"href":"https:\/\/stoic-curie.212-227-153-4.plesk.page\/hr\/wp-json\/wp\/v2\/product"}],"about":[{"href":"https:\/\/stoic-curie.212-227-153-4.plesk.page\/hr\/wp-json\/wp\/v2\/types\/product"}],"replies":[{"embeddable":true,"href":"https:\/\/stoic-curie.212-227-153-4.plesk.page\/hr\/wp-json\/wp\/v2\/comments?post=740318"}],"version-history":[{"count":0,"href":"https:\/\/stoic-curie.212-227-153-4.plesk.page\/hr\/wp-json\/wp\/v2\/product\/740318\/revisions"}],"wp:featuredmedia":[{"embeddable":true,"href":"https:\/\/stoic-curie.212-227-153-4.plesk.page\/hr\/wp-json\/wp\/v2\/media\/5938709"}],"wp:attachment":[{"href":"https:\/\/stoic-curie.212-227-153-4.plesk.page\/hr\/wp-json\/wp\/v2\/media?parent=740318"}],"wp:term":[{"taxonomy":"product_brand","embeddable":true,"href":"https:\/\/stoic-curie.212-227-153-4.plesk.page\/hr\/wp-json\/wp\/v2\/product_brand?post=740318"},{"taxonomy":"product_cat","embeddable":true,"href":"https:\/\/stoic-curie.212-227-153-4.plesk.page\/hr\/wp-json\/wp\/v2\/product_cat?post=740318"},{"taxonomy":"product_tag","embeddable":true,"href":"https:\/\/stoic-curie.212-227-153-4.plesk.page\/hr\/wp-json\/wp\/v2\/product_tag?post=740318"}],"curies":[{"name":"wp","href":"https:\/\/api.w.org\/{rel}","templated":true}]}}