{"id":740320,"date":"2025-03-03T18:07:50","date_gmt":"2025-03-03T17:07:50","guid":{"rendered":"https:\/\/stoic-curie.212-227-153-4.plesk.page\/producto\/grijac-vode-quick-bxr40-40lt\/"},"modified":"2026-02-25T00:00:44","modified_gmt":"2026-02-25T00:00:44","slug":"grijac-vode-quick-bxr40-40lt","status":"publish","type":"product","link":"https:\/\/stoic-curie.212-227-153-4.plesk.page\/hr\/product\/grijac-vode-quick-bxr40-40lt\/","title":{"rendered":"Grija\u010d vode Quick BX 40"},"content":{"rendered":"<p>Grija\u010d vode Quick BX 40 &#8211; <\/p>\n<p style=\"color: rgb(34, 34, 34); font-family: Arial, Helvetica, sans-serif; font-size: small;\">Predstavljamo BX seriju cilindri\u010dnih bojlera, Nautic bojler posebno dizajniran za pomorske primjene.<\/p>\n<p style=\"color: rgb(34, 34, 34); font-family: Arial, Helvetica, sans-serif; font-size: small;\">Ova prilagodljiva jedinica mo\u017ee funkcionirati i na kopnu i s generatorom, koriste\u0107i elektri\u010dni otpor od 1200W, 220V. Opremljena je jedinstvenim izmjenjiva\u010dem topline koji hvata toplinu iz sustava hla\u0111enja motora, osiguravaju\u0107i da va\u0161a voda ostane pitka. Uklju\u010dena je anoda za za\u0161titu od elektrolize.<\/p>\n<p style=\"color: rgb(34, 34, 34); font-family: Arial, Helvetica, sans-serif; font-size: small;\">Izra\u0111ena sa spremnikom od 316 nehr\u0111aju\u0107eg \u010delika i izolacijskom omotom, ovaj bojler dolazi s trogodi\u0161njim jamstvom i zahtijeva kit mije\u0161nog ventila za vrhunske performanse.<\/p>\n<p style=\"color: rgb(34, 34, 34); font-family: Arial, Helvetica, sans-serif; font-size: small;\">Klju\u010dne zna\u010dajke:<\/p>\n<ul style=\"color: rgb(34, 34, 34); font-family: Arial, Helvetica, sans-serif; font-size: small;\">\n<li>Vanjski cilindar: AISI 304 nehr\u0111aju\u0107i \u010delik<\/li>\n<li>Spremnik vode i grijni element: AISI 316L nehr\u0111aju\u0107i \u010delik<\/li>\n<li>Dolazi s nosa\u010dem za montiranje<\/li>\n<li>Mo\u017ee se instalirati okomito ili vodoravno<\/li>\n<\/ul>\n<p style=\"color: rgb(34, 34, 34); font-family: Arial, Helvetica, sans-serif; font-size: small;\">Model: Quick Nautic Boiler BX 40<\/p>\n<ul style=\"color: rgb(34, 34, 34); font-family: Arial, Helvetica, sans-serif; font-size: small;\">\n<li>Kapacitet: 40 litara<\/li>\n<li>Grija\u0107i element: 1200W, 220V<\/li>\n<li>Dimenzije (Promjer x Duljina): 360 x 620 mm<\/li>\n<li>Te\u017eina: 14.7 kg<\/li>\n<\/ul>\n<p style=\"color: rgb(34, 34, 34); font-family: Arial, Helvetica, sans-serif; font-size: small;\">Unaprijedite svoje pomorske avanture s pouzdanim i u\u010dinkovitim BX serijom bojlera.<\/p>\n","protected":false},"excerpt":{"rendered":"<p>Grija\u010d vode Quick BX 40 &#8211; Predstavljamo BX seriju cilindri\u010dnih bojlera, Nautic bojler posebno dizajniran za pomorske primjene. Ova prilagodljiva<\/p>\n","protected":false},"featured_media":5938710,"comment_status":"open","ping_status":"closed","template":"","meta":[],"product_brand":[3281],"product_cat":[1651],"product_tag":[],"class_list":{"0":"post-740320","1":"product","2":"type-product","3":"status-publish","4":"has-post-thumbnail","6":"product_brand-quick-hr","7":"product_cat-grijaci-vode","9":"first","10":"instock","11":"shipping-taxable","12":"purchasable","13":"product-type-simple"},"_links":{"self":[{"href":"https:\/\/stoic-curie.212-227-153-4.plesk.page\/hr\/wp-json\/wp\/v2\/product\/740320","targetHints":{"allow":["GET"]}}],"collection":[{"href":"https:\/\/stoic-curie.212-227-153-4.plesk.page\/hr\/wp-json\/wp\/v2\/product"}],"about":[{"href":"https:\/\/stoic-curie.212-227-153-4.plesk.page\/hr\/wp-json\/wp\/v2\/types\/product"}],"replies":[{"embeddable":true,"href":"https:\/\/stoic-curie.212-227-153-4.plesk.page\/hr\/wp-json\/wp\/v2\/comments?post=740320"}],"version-history":[{"count":0,"href":"https:\/\/stoic-curie.212-227-153-4.plesk.page\/hr\/wp-json\/wp\/v2\/product\/740320\/revisions"}],"wp:featuredmedia":[{"embeddable":true,"href":"https:\/\/stoic-curie.212-227-153-4.plesk.page\/hr\/wp-json\/wp\/v2\/media\/5938710"}],"wp:attachment":[{"href":"https:\/\/stoic-curie.212-227-153-4.plesk.page\/hr\/wp-json\/wp\/v2\/media?parent=740320"}],"wp:term":[{"taxonomy":"product_brand","embeddable":true,"href":"https:\/\/stoic-curie.212-227-153-4.plesk.page\/hr\/wp-json\/wp\/v2\/product_brand?post=740320"},{"taxonomy":"product_cat","embeddable":true,"href":"https:\/\/stoic-curie.212-227-153-4.plesk.page\/hr\/wp-json\/wp\/v2\/product_cat?post=740320"},{"taxonomy":"product_tag","embeddable":true,"href":"https:\/\/stoic-curie.212-227-153-4.plesk.page\/hr\/wp-json\/wp\/v2\/product_tag?post=740320"}],"curies":[{"name":"wp","href":"https:\/\/api.w.org\/{rel}","templated":true}]}}