{"id":740321,"date":"2025-03-03T18:07:50","date_gmt":"2025-03-03T17:07:50","guid":{"rendered":"https:\/\/stoic-curie.212-227-153-4.plesk.page\/producto\/grijac-vode-quick-bxr60-60lt\/"},"modified":"2026-02-25T00:00:44","modified_gmt":"2026-02-25T00:00:44","slug":"grijac-vode-quick-bxr60-60lt","status":"publish","type":"product","link":"https:\/\/stoic-curie.212-227-153-4.plesk.page\/hr\/product\/grijac-vode-quick-bxr60-60lt\/","title":{"rendered":"Grija\u010d vode Quick BX 60"},"content":{"rendered":"<p>Grija\u010d vode Quick BX 60 &#8211; <\/p>\n<p style=\"color: rgb(34, 34, 34); font-family: Arial, Helvetica, sans-serif; font-size: small;\">Brzi model BX je okrugli bojler koji koristi incoloy elektri\u010dni grija\u010d, a isti\u010de se podesivim sigurnosnim bi-termostatom. Ova jedinica uklju\u010duje izmjenjiva\u010d topline izra\u0111en od nehr\u0111aju\u0107eg \u010delika AISI 316L, s kapacitetom koji nadma\u0161uje mnoge druge brendove. Unutra\u0161njost rezervoara izra\u0111ena je od 1,5 mm nehr\u0111aju\u0107eg \u010delika AISI 316, zavarena argonskim za\u0161titnim plinom, \u0161to ga \u010dini izrazito otpornim na koroziju. Vanj\u0161tina je izra\u0111ena od elegantnog nehr\u0111aju\u0107eg \u010delika AISI 304.<\/p>\n<p style=\"color: rgb(34, 34, 34); font-family: Arial, Helvetica, sans-serif; font-size: small;\">Za izvrsnu zadr\u017eavanje topline, jedinica je izolirana pjenom od poliuretana visoke gusto\u0107e, koja je injektirana izme\u0111u poklopca i rezervoara. BX model tako\u0111er uklju\u010duje podesive metalne nosa\u010de, pru\u017eaju\u0107i fleksibilnost za montiranje u uskim prostorima. Ovaj paket dolazi s bojlerom, monta\u017enim nosa\u010dima i \u010detiri mesingana pribora, \u0161to ga \u010dini idealnim za morsku upotrebu.<\/p>\n<p style=\"color: rgb(34, 34, 34); font-family: Arial, Helvetica, sans-serif; font-size: small;\">Nautic bojler radi na obalnoj energiji ili s generatorom, koriste\u0107i elektri\u010dnu otpornost od 1200W-220V. Mo\u017ee tako\u0111er iskoristiti toplinu iz hla\u0111enja motora putem posebnog izmjenjiva\u010da topline, osiguravaju\u0107i da voda ostane pitka. Anoda je uklju\u010dena za za\u0161titu od elektrolize.<\/p>\n<p style=\"color: rgb(34, 34, 34); font-family: Arial, Helvetica, sans-serif; font-size: small;\">Rezervoar i izolacijska ovojnica izra\u0111eni su od 316 nehr\u0111aju\u0107eg \u010delika, a jedinica dolazi s trogodi\u0161njim jamstvom. Preporu\u010duje se zavr\u0161iti instalaciju s kitom za mije\u0161anje ventila.<\/p>\n<p style=\"color: rgb(34, 34, 34); font-family: Arial, Helvetica, sans-serif; font-size: small;\"><strong>Karakteristike BX serije cilindri\u010dnih bojlera za vodu:<\/strong><\/p>\n<ul style=\"color: rgb(34, 34, 34); font-family: Arial, Helvetica, sans-serif; font-size: small;\">\n<li>Vanjski cilindar: AISI 304 nehr\u0111aju\u0107i \u010delik<\/li>\n<li>Rezervoar za vodu i grija\u010di: AISI 316L nehr\u0111aju\u0107i \u010delik<\/li>\n<li>Uklju\u010deno s monta\u017enim nosa\u010dem<\/li>\n<li>Mogu\u0107nosti vertikalnog ili horizontalnog montiranja<\/li>\n<\/ul>\n<p style=\"color: rgb(34, 34, 34); font-family: Arial, Helvetica, sans-serif; font-size: small;\"><strong>Specifikacije Quick Nautic bojlera BX 60:<\/strong><\/p>\n<ul style=\"color: rgb(34, 34, 34); font-family: Arial, Helvetica, sans-serif; font-size: small;\">\n<li>Kapacitet: 60 litara<\/li>\n<li>Grija\u010d: 1200 W &#8211; 220 V<\/li>\n<li>Dimenzije (promjer x du\u017eina): 400 x 715 mm<\/li>\n<li>Te\u017eina: 19,0 kg<\/li>\n<\/ul>\n","protected":false},"excerpt":{"rendered":"<p>Grija\u010d vode Quick BX 60 &#8211; Brzi model BX je okrugli bojler koji koristi incoloy elektri\u010dni grija\u010d, a isti\u010de se<\/p>\n","protected":false},"featured_media":5938710,"comment_status":"open","ping_status":"closed","template":"","meta":[],"product_brand":[3281],"product_cat":[1651],"product_tag":[],"class_list":{"0":"post-740321","1":"product","2":"type-product","3":"status-publish","4":"has-post-thumbnail","6":"product_brand-quick-hr","7":"product_cat-grijaci-vode","9":"first","10":"instock","11":"shipping-taxable","12":"purchasable","13":"product-type-simple"},"_links":{"self":[{"href":"https:\/\/stoic-curie.212-227-153-4.plesk.page\/hr\/wp-json\/wp\/v2\/product\/740321","targetHints":{"allow":["GET"]}}],"collection":[{"href":"https:\/\/stoic-curie.212-227-153-4.plesk.page\/hr\/wp-json\/wp\/v2\/product"}],"about":[{"href":"https:\/\/stoic-curie.212-227-153-4.plesk.page\/hr\/wp-json\/wp\/v2\/types\/product"}],"replies":[{"embeddable":true,"href":"https:\/\/stoic-curie.212-227-153-4.plesk.page\/hr\/wp-json\/wp\/v2\/comments?post=740321"}],"version-history":[{"count":0,"href":"https:\/\/stoic-curie.212-227-153-4.plesk.page\/hr\/wp-json\/wp\/v2\/product\/740321\/revisions"}],"wp:featuredmedia":[{"embeddable":true,"href":"https:\/\/stoic-curie.212-227-153-4.plesk.page\/hr\/wp-json\/wp\/v2\/media\/5938710"}],"wp:attachment":[{"href":"https:\/\/stoic-curie.212-227-153-4.plesk.page\/hr\/wp-json\/wp\/v2\/media?parent=740321"}],"wp:term":[{"taxonomy":"product_brand","embeddable":true,"href":"https:\/\/stoic-curie.212-227-153-4.plesk.page\/hr\/wp-json\/wp\/v2\/product_brand?post=740321"},{"taxonomy":"product_cat","embeddable":true,"href":"https:\/\/stoic-curie.212-227-153-4.plesk.page\/hr\/wp-json\/wp\/v2\/product_cat?post=740321"},{"taxonomy":"product_tag","embeddable":true,"href":"https:\/\/stoic-curie.212-227-153-4.plesk.page\/hr\/wp-json\/wp\/v2\/product_tag?post=740321"}],"curies":[{"name":"wp","href":"https:\/\/api.w.org\/{rel}","templated":true}]}}