{"id":740322,"date":"2025-03-03T18:07:50","date_gmt":"2025-03-03T17:07:50","guid":{"rendered":"https:\/\/stoic-curie.212-227-153-4.plesk.page\/producto\/grijac-vode-quick-bxr80-80lt\/"},"modified":"2026-02-25T00:00:44","modified_gmt":"2026-02-25T00:00:44","slug":"grijac-vode-quick-bxr80-80lt","status":"publish","type":"product","link":"https:\/\/stoic-curie.212-227-153-4.plesk.page\/hr\/product\/grijac-vode-quick-bxr80-80lt\/","title":{"rendered":"Grija\u010d vode Quick BX 80 80lt"},"content":{"rendered":"<p>Grija\u010d vode Quick BX 80 80lt &#8211; <\/p>\n<p style=\"color: rgb(34, 34, 34); font-family: Arial, Helvetica, sans-serif; font-size: small;\">Brzi model BX je cilindri\u010dni grija\u010d vode koji koristi Incoloy elektri\u010dni grija\u010d te sadr\u017ei prilagodljivi sigurnosni bimetalni termostat. Ova jedinica uklju\u010duje izmjenjiva\u010d topline od AISI 316L nehr\u0111aju\u0107eg \u010delika, koji nudi kapacitet znatno ve\u0107i od konkurentskih proizvoda. Unutra\u0161njost spremnika izra\u0111ena je od nehr\u0111aju\u0107eg \u010delika AISI 316 debljine 1,5 mm, zavarena s argonom kao za\u0161titnim plinom, \u0161to pove\u0107ava otpornost na korozivne tvari. Vanj\u0161tina je elegantno dizajnirana od 304 AISI nehr\u0111aju\u0107eg \u010delika.<\/p>\n<p style=\"color: rgb(34, 34, 34); font-family: Arial, Helvetica, sans-serif; font-size: small;\">Kako bi se osigurala optimalna zadr\u017eavanje topline, jedinica je izolirana visokoprobnim poliuretanskim pjenama koje se ubacuju izme\u0111u poklopca i spremnika. Osim toga, BX model uklju\u010duje prilagodljive metalne nosa\u010de koji pru\u017eaju fleksibilnost za instalaciju u uskim prostorima. Paket uklju\u010duje grija\u010d vode, monta\u017ene nosa\u010de i \u010detiri mesingane spojeve.<\/p>\n<p style=\"color: rgb(34, 34, 34); font-family: Arial, Helvetica, sans-serif; font-size: small;\"><strong>BX serija<\/strong><br \/>Cilindri\u010dni grija\u010d vode<\/p>\n<ul style=\"color: rgb(34, 34, 34); font-family: Arial, Helvetica, sans-serif; font-size: small;\">\n<li><strong>Vanjski cilindar:<\/strong>\u00a0Nehr\u0111aju\u0107i \u010delik, AISI 304<\/li>\n<li><strong>Spremnik za vodu i grija\u010d:<\/strong>\u00a0Nehr\u0111aju\u0107i \u010delik, AISI 316L<\/li>\n<li><strong>Dostupno s monta\u017enim nosa\u010dem<\/strong><\/li>\n<li><strong>Monta\u017ene opcije:<\/strong>\u00a0Vertikalno ili horizontalno<\/li>\n<\/ul>\n<p style=\"color: rgb(34, 34, 34); font-family: Arial, Helvetica, sans-serif; font-size: small;\"><strong>Brzi Nautic Boiler BX 80<\/strong><\/p>\n<ul style=\"color: rgb(34, 34, 34); font-family: Arial, Helvetica, sans-serif; font-size: small;\">\n<li><strong>Kapacitet:<\/strong>\u00a080 L<\/li>\n<li><strong>Grija\u010d:<\/strong>\u00a01200 W &#8211; 220 V<\/li>\n<li><strong>Dimenzije (Promjer x Duljina):<\/strong>\u00a0400 x 905 mm<\/li>\n<li><strong>Te\u017eina:<\/strong>\u00a022,7 kg<\/li>\n<\/ul>\n","protected":false},"excerpt":{"rendered":"<p>Grija\u010d vode Quick BX 80 80lt &#8211; Brzi model BX je cilindri\u010dni grija\u010d vode koji koristi Incoloy elektri\u010dni grija\u010d te<\/p>\n","protected":false},"featured_media":5938710,"comment_status":"open","ping_status":"closed","template":"","meta":[],"product_brand":[3281],"product_cat":[1651],"product_tag":[],"class_list":{"0":"post-740322","1":"product","2":"type-product","3":"status-publish","4":"has-post-thumbnail","6":"product_brand-quick-hr","7":"product_cat-grijaci-vode","9":"first","10":"instock","11":"shipping-taxable","12":"purchasable","13":"product-type-simple"},"_links":{"self":[{"href":"https:\/\/stoic-curie.212-227-153-4.plesk.page\/hr\/wp-json\/wp\/v2\/product\/740322","targetHints":{"allow":["GET"]}}],"collection":[{"href":"https:\/\/stoic-curie.212-227-153-4.plesk.page\/hr\/wp-json\/wp\/v2\/product"}],"about":[{"href":"https:\/\/stoic-curie.212-227-153-4.plesk.page\/hr\/wp-json\/wp\/v2\/types\/product"}],"replies":[{"embeddable":true,"href":"https:\/\/stoic-curie.212-227-153-4.plesk.page\/hr\/wp-json\/wp\/v2\/comments?post=740322"}],"version-history":[{"count":0,"href":"https:\/\/stoic-curie.212-227-153-4.plesk.page\/hr\/wp-json\/wp\/v2\/product\/740322\/revisions"}],"wp:featuredmedia":[{"embeddable":true,"href":"https:\/\/stoic-curie.212-227-153-4.plesk.page\/hr\/wp-json\/wp\/v2\/media\/5938710"}],"wp:attachment":[{"href":"https:\/\/stoic-curie.212-227-153-4.plesk.page\/hr\/wp-json\/wp\/v2\/media?parent=740322"}],"wp:term":[{"taxonomy":"product_brand","embeddable":true,"href":"https:\/\/stoic-curie.212-227-153-4.plesk.page\/hr\/wp-json\/wp\/v2\/product_brand?post=740322"},{"taxonomy":"product_cat","embeddable":true,"href":"https:\/\/stoic-curie.212-227-153-4.plesk.page\/hr\/wp-json\/wp\/v2\/product_cat?post=740322"},{"taxonomy":"product_tag","embeddable":true,"href":"https:\/\/stoic-curie.212-227-153-4.plesk.page\/hr\/wp-json\/wp\/v2\/product_tag?post=740322"}],"curies":[{"name":"wp","href":"https:\/\/api.w.org\/{rel}","templated":true}]}}