{"id":740329,"date":"2025-03-03T18:07:52","date_gmt":"2025-03-03T17:07:52","guid":{"rendered":"https:\/\/stoic-curie.212-227-153-4.plesk.page\/producto\/okrugli-sudoper-od-nehrdajuceg-celika-360-x-h150-mm\/"},"modified":"2026-02-25T00:00:44","modified_gmt":"2026-02-25T00:00:44","slug":"okrugli-sudoper-od-nehrdajuceg-celika-360-x-h150-mm","status":"publish","type":"product","link":"https:\/\/stoic-curie.212-227-153-4.plesk.page\/hr\/product\/okrugli-sudoper-od-nehrdajuceg-celika-360-x-h150-mm\/","title":{"rendered":"Okrugli sudoper od nehr\u0111aju\u0107eg \u010delika 360 x H150 mm"},"content":{"rendered":"<p>Okrugli sudoper od nehr\u0111aju\u0107eg \u010delika 360 x H150 mm &#8211; <\/p>\n<p>Okrogla polirana nehr\u0111aju\u0107a \u010deli\u010dna posuda. Treba je dopuniti s odvodnom vezom \u00c3\u00b8 50 mm.<\/p>\n","protected":false},"excerpt":{"rendered":"<p>Okrugli sudoper od nehr\u0111aju\u0107eg \u010delika 360 x H150 mm &#8211; Okrogla polirana nehr\u0111aju\u0107a \u010deli\u010dna posuda. Treba je dopuniti s odvodnom<\/p>\n","protected":false},"featured_media":5938718,"comment_status":"open","ping_status":"closed","template":"","meta":[],"product_brand":[3461],"product_cat":[1663],"product_tag":[],"class_list":{"0":"post-740329","1":"product","2":"type-product","3":"status-publish","4":"has-post-thumbnail","6":"product_brand-techimpex-hr","7":"product_cat-sudoperi-u-kuhinji","9":"first","10":"instock","11":"shipping-taxable","12":"purchasable","13":"product-type-simple"},"_links":{"self":[{"href":"https:\/\/stoic-curie.212-227-153-4.plesk.page\/hr\/wp-json\/wp\/v2\/product\/740329","targetHints":{"allow":["GET"]}}],"collection":[{"href":"https:\/\/stoic-curie.212-227-153-4.plesk.page\/hr\/wp-json\/wp\/v2\/product"}],"about":[{"href":"https:\/\/stoic-curie.212-227-153-4.plesk.page\/hr\/wp-json\/wp\/v2\/types\/product"}],"replies":[{"embeddable":true,"href":"https:\/\/stoic-curie.212-227-153-4.plesk.page\/hr\/wp-json\/wp\/v2\/comments?post=740329"}],"version-history":[{"count":0,"href":"https:\/\/stoic-curie.212-227-153-4.plesk.page\/hr\/wp-json\/wp\/v2\/product\/740329\/revisions"}],"wp:featuredmedia":[{"embeddable":true,"href":"https:\/\/stoic-curie.212-227-153-4.plesk.page\/hr\/wp-json\/wp\/v2\/media\/5938718"}],"wp:attachment":[{"href":"https:\/\/stoic-curie.212-227-153-4.plesk.page\/hr\/wp-json\/wp\/v2\/media?parent=740329"}],"wp:term":[{"taxonomy":"product_brand","embeddable":true,"href":"https:\/\/stoic-curie.212-227-153-4.plesk.page\/hr\/wp-json\/wp\/v2\/product_brand?post=740329"},{"taxonomy":"product_cat","embeddable":true,"href":"https:\/\/stoic-curie.212-227-153-4.plesk.page\/hr\/wp-json\/wp\/v2\/product_cat?post=740329"},{"taxonomy":"product_tag","embeddable":true,"href":"https:\/\/stoic-curie.212-227-153-4.plesk.page\/hr\/wp-json\/wp\/v2\/product_tag?post=740329"}],"curies":[{"name":"wp","href":"https:\/\/api.w.org\/{rel}","templated":true}]}}