{"id":740331,"date":"2025-03-03T18:07:53","date_gmt":"2025-03-03T17:07:53","guid":{"rendered":"https:\/\/stoic-curie.212-227-153-4.plesk.page\/producto\/sudoper-od-nehrdajuceg-celika-cilindricni-285-x-h180-mm\/"},"modified":"2026-02-25T00:00:44","modified_gmt":"2026-02-25T00:00:44","slug":"sudoper-od-nehrdajuceg-celika-cilindricni-285-x-h180-mm","status":"publish","type":"product","link":"https:\/\/stoic-curie.212-227-153-4.plesk.page\/hr\/product\/sudoper-od-nehrdajuceg-celika-cilindricni-285-x-h180-mm\/","title":{"rendered":"Sudoper od nehr\u0111aju\u0107eg \u010delika cilindri\u010dni 285 x h180 mm"},"content":{"rendered":"<p>Sudoper od nehr\u0111aju\u0107eg \u010delika cilindri\u010dni 285 x h180 mm &#8211; <\/p>\n<p>Cilindri\u010dno polirano umivaonik od nehr\u0111aju\u0107eg \u010delika. Treba ga dovr\u0161iti s \u00d8 50 mm odvodnom spojnicom.<\/p>\n","protected":false},"excerpt":{"rendered":"<p>Sudoper od nehr\u0111aju\u0107eg \u010delika cilindri\u010dni 285 x h180 mm &#8211; Cilindri\u010dno polirano umivaonik od nehr\u0111aju\u0107eg \u010delika. Treba ga dovr\u0161iti s<\/p>\n","protected":false},"featured_media":5938720,"comment_status":"open","ping_status":"closed","template":"","meta":[],"product_brand":[3461],"product_cat":[1663],"product_tag":[],"class_list":{"0":"post-740331","1":"product","2":"type-product","3":"status-publish","4":"has-post-thumbnail","6":"product_brand-techimpex-hr","7":"product_cat-sudoperi-u-kuhinji","9":"first","10":"instock","11":"shipping-taxable","12":"purchasable","13":"product-type-simple"},"_links":{"self":[{"href":"https:\/\/stoic-curie.212-227-153-4.plesk.page\/hr\/wp-json\/wp\/v2\/product\/740331","targetHints":{"allow":["GET"]}}],"collection":[{"href":"https:\/\/stoic-curie.212-227-153-4.plesk.page\/hr\/wp-json\/wp\/v2\/product"}],"about":[{"href":"https:\/\/stoic-curie.212-227-153-4.plesk.page\/hr\/wp-json\/wp\/v2\/types\/product"}],"replies":[{"embeddable":true,"href":"https:\/\/stoic-curie.212-227-153-4.plesk.page\/hr\/wp-json\/wp\/v2\/comments?post=740331"}],"version-history":[{"count":0,"href":"https:\/\/stoic-curie.212-227-153-4.plesk.page\/hr\/wp-json\/wp\/v2\/product\/740331\/revisions"}],"wp:featuredmedia":[{"embeddable":true,"href":"https:\/\/stoic-curie.212-227-153-4.plesk.page\/hr\/wp-json\/wp\/v2\/media\/5938720"}],"wp:attachment":[{"href":"https:\/\/stoic-curie.212-227-153-4.plesk.page\/hr\/wp-json\/wp\/v2\/media?parent=740331"}],"wp:term":[{"taxonomy":"product_brand","embeddable":true,"href":"https:\/\/stoic-curie.212-227-153-4.plesk.page\/hr\/wp-json\/wp\/v2\/product_brand?post=740331"},{"taxonomy":"product_cat","embeddable":true,"href":"https:\/\/stoic-curie.212-227-153-4.plesk.page\/hr\/wp-json\/wp\/v2\/product_cat?post=740331"},{"taxonomy":"product_tag","embeddable":true,"href":"https:\/\/stoic-curie.212-227-153-4.plesk.page\/hr\/wp-json\/wp\/v2\/product_tag?post=740331"}],"curies":[{"name":"wp","href":"https:\/\/api.w.org\/{rel}","templated":true}]}}