{"id":740336,"date":"2025-03-03T18:07:54","date_gmt":"2025-03-03T17:07:54","guid":{"rendered":"https:\/\/stoic-curie.212-227-153-4.plesk.page\/producto\/kvadratni-sudoper-od-nehrdajuceg-celika-sa-staklenim-poklopcem-320-x-350-x-h180-mm\/"},"modified":"2026-02-25T00:00:44","modified_gmt":"2026-02-25T00:00:44","slug":"kvadratni-sudoper-od-nehrdajuceg-celika-sa-staklenim-poklopcem-320-x-350-x-h180-mm","status":"publish","type":"product","link":"https:\/\/stoic-curie.212-227-153-4.plesk.page\/hr\/product\/kvadratni-sudoper-od-nehrdajuceg-celika-sa-staklenim-poklopcem-320-x-350-x-h180-mm\/","title":{"rendered":"Kvadratni sudoper od nehr\u0111aju\u0107eg \u010delika sa staklenim poklopcem 320 x 350 x h180 mm"},"content":{"rendered":"<p>Kvadratni sudoper od nehr\u0111aju\u0107eg \u010delika sa staklenim poklopcem 320 x 350 x h180 mm &#8211; <\/p>\n<p>Kvadratna sudopera od nehr\u0111aju\u0107eg \u010delika 18\/8 s poklopcem od kaljenog stakla. Opremljeno rotiraju\u0107om izljevom, za koju je potrebno dovr\u0161iti priklju\u010dak za odvod \u00d8 50 mm.<\/p>\n","protected":false},"excerpt":{"rendered":"<p>Kvadratni sudoper od nehr\u0111aju\u0107eg \u010delika sa staklenim poklopcem 320 x 350 x h180 mm &#8211; Kvadratna sudopera od nehr\u0111aju\u0107eg \u010delika<\/p>\n","protected":false},"featured_media":5938723,"comment_status":"open","ping_status":"closed","template":"","meta":[],"product_brand":[2856],"product_cat":[1663],"product_tag":[],"class_list":{"0":"post-740336","1":"product","2":"type-product","3":"status-publish","4":"has-post-thumbnail","6":"product_brand-can-marine-hr","7":"product_cat-sudoperi-u-kuhinji","9":"first","10":"outofstock","11":"shipping-taxable","12":"purchasable","13":"product-type-simple"},"_links":{"self":[{"href":"https:\/\/stoic-curie.212-227-153-4.plesk.page\/hr\/wp-json\/wp\/v2\/product\/740336","targetHints":{"allow":["GET"]}}],"collection":[{"href":"https:\/\/stoic-curie.212-227-153-4.plesk.page\/hr\/wp-json\/wp\/v2\/product"}],"about":[{"href":"https:\/\/stoic-curie.212-227-153-4.plesk.page\/hr\/wp-json\/wp\/v2\/types\/product"}],"replies":[{"embeddable":true,"href":"https:\/\/stoic-curie.212-227-153-4.plesk.page\/hr\/wp-json\/wp\/v2\/comments?post=740336"}],"version-history":[{"count":0,"href":"https:\/\/stoic-curie.212-227-153-4.plesk.page\/hr\/wp-json\/wp\/v2\/product\/740336\/revisions"}],"wp:featuredmedia":[{"embeddable":true,"href":"https:\/\/stoic-curie.212-227-153-4.plesk.page\/hr\/wp-json\/wp\/v2\/media\/5938723"}],"wp:attachment":[{"href":"https:\/\/stoic-curie.212-227-153-4.plesk.page\/hr\/wp-json\/wp\/v2\/media?parent=740336"}],"wp:term":[{"taxonomy":"product_brand","embeddable":true,"href":"https:\/\/stoic-curie.212-227-153-4.plesk.page\/hr\/wp-json\/wp\/v2\/product_brand?post=740336"},{"taxonomy":"product_cat","embeddable":true,"href":"https:\/\/stoic-curie.212-227-153-4.plesk.page\/hr\/wp-json\/wp\/v2\/product_cat?post=740336"},{"taxonomy":"product_tag","embeddable":true,"href":"https:\/\/stoic-curie.212-227-153-4.plesk.page\/hr\/wp-json\/wp\/v2\/product_tag?post=740336"}],"curies":[{"name":"wp","href":"https:\/\/api.w.org\/{rel}","templated":true}]}}