{"id":740344,"date":"2025-03-03T18:07:56","date_gmt":"2025-03-03T17:07:56","guid":{"rendered":"https:\/\/stoic-curie.212-227-153-4.plesk.page\/producto\/keramicki-stednjak-can-sb-chrystal-2-plamenika-za-kuhanje-i-sudoper-600-x-420-mm\/"},"modified":"2026-02-25T00:00:45","modified_gmt":"2026-02-25T00:00:45","slug":"keramicki-stednjak-can-sb-chrystal-2-plamenika-za-kuhanje-i-sudoper-600-x-420-mm","status":"publish","type":"product","link":"https:\/\/stoic-curie.212-227-153-4.plesk.page\/hr\/product\/keramicki-stednjak-can-sb-chrystal-2-plamenika-za-kuhanje-i-sudoper-600-x-420-mm\/","title":{"rendered":"Keramicki \u0161tednjak CAN-SB chrystal 2 plamenika za kuhanje i sudoper 600 x 420 mm"},"content":{"rendered":"<p>Keramicki \u0161tednjak CAN-SB chrystal 2 plamenika za kuhanje i sudoper 600 x 420 mm &#8211; <\/p>\n<p>Staklena plo\u010da za kuhanje s 2 plamenika i posuda od nehr\u0111aju\u0107eg \u010delika 18\/8. Opremljeno sigurnosnim termoelementima.<\/p>\n","protected":false},"excerpt":{"rendered":"<p>Keramicki \u0161tednjak CAN-SB chrystal 2 plamenika za kuhanje i sudoper 600 x 420 mm &#8211; Staklena plo\u010da za kuhanje s<\/p>\n","protected":false},"featured_media":5938732,"comment_status":"open","ping_status":"closed","template":"","meta":[],"product_brand":[2856],"product_cat":[1641,1663],"product_tag":[],"class_list":{"0":"post-740344","1":"product","2":"type-product","3":"status-publish","4":"has-post-thumbnail","6":"product_brand-can-marine-hr","7":"product_cat-brodski-stednjaci","8":"product_cat-sudoperi-u-kuhinji","10":"first","11":"instock","12":"shipping-taxable","13":"purchasable","14":"product-type-simple"},"_links":{"self":[{"href":"https:\/\/stoic-curie.212-227-153-4.plesk.page\/hr\/wp-json\/wp\/v2\/product\/740344","targetHints":{"allow":["GET"]}}],"collection":[{"href":"https:\/\/stoic-curie.212-227-153-4.plesk.page\/hr\/wp-json\/wp\/v2\/product"}],"about":[{"href":"https:\/\/stoic-curie.212-227-153-4.plesk.page\/hr\/wp-json\/wp\/v2\/types\/product"}],"replies":[{"embeddable":true,"href":"https:\/\/stoic-curie.212-227-153-4.plesk.page\/hr\/wp-json\/wp\/v2\/comments?post=740344"}],"version-history":[{"count":0,"href":"https:\/\/stoic-curie.212-227-153-4.plesk.page\/hr\/wp-json\/wp\/v2\/product\/740344\/revisions"}],"wp:featuredmedia":[{"embeddable":true,"href":"https:\/\/stoic-curie.212-227-153-4.plesk.page\/hr\/wp-json\/wp\/v2\/media\/5938732"}],"wp:attachment":[{"href":"https:\/\/stoic-curie.212-227-153-4.plesk.page\/hr\/wp-json\/wp\/v2\/media?parent=740344"}],"wp:term":[{"taxonomy":"product_brand","embeddable":true,"href":"https:\/\/stoic-curie.212-227-153-4.plesk.page\/hr\/wp-json\/wp\/v2\/product_brand?post=740344"},{"taxonomy":"product_cat","embeddable":true,"href":"https:\/\/stoic-curie.212-227-153-4.plesk.page\/hr\/wp-json\/wp\/v2\/product_cat?post=740344"},{"taxonomy":"product_tag","embeddable":true,"href":"https:\/\/stoic-curie.212-227-153-4.plesk.page\/hr\/wp-json\/wp\/v2\/product_tag?post=740344"}],"curies":[{"name":"wp","href":"https:\/\/api.w.org\/{rel}","templated":true}]}}