{"id":740350,"date":"2025-03-03T18:07:58","date_gmt":"2025-03-03T17:07:58","guid":{"rendered":"https:\/\/stoic-curie.212-227-153-4.plesk.page\/producto\/mjesalica-od-nehrdajuceg-celika-u-kombinaciji-s-tusem-16-m\/"},"modified":"2026-02-25T00:00:45","modified_gmt":"2026-02-25T00:00:45","slug":"mjesalica-od-nehrdajuceg-celika-u-kombinaciji-s-tusem-16-m","status":"publish","type":"product","link":"https:\/\/stoic-curie.212-227-153-4.plesk.page\/hr\/product\/mjesalica-od-nehrdajuceg-celika-u-kombinaciji-s-tusem-16-m\/","title":{"rendered":"Mje\u0161alica od nehr\u0111aju\u0107eg \u010delika u kombinaciji s tu\u0161em 1,6 m"},"content":{"rendered":"<p>Mje\u0161alica od nehr\u0111aju\u0107eg \u010delika u kombinaciji s tu\u0161em 1,6 m &#8211; <\/p>\n<p>Mije\u0161alica za sudoper s izvla\u010dnom tu\u0161em. Fleksibilna crijevo od 1,6 m.<\/p>\n","protected":false},"excerpt":{"rendered":"<p>Mje\u0161alica od nehr\u0111aju\u0107eg \u010delika u kombinaciji s tu\u0161em 1,6 m &#8211; Mije\u0161alica za sudoper s izvla\u010dnom tu\u0161em. Fleksibilna crijevo od<\/p>\n","protected":false},"featured_media":5938746,"comment_status":"open","ping_status":"closed","template":"","meta":[],"product_brand":[3201],"product_cat":[1676,1652],"product_tag":[],"class_list":{"0":"post-740350","1":"product","2":"type-product","3":"status-publish","4":"has-post-thumbnail","6":"product_brand-nobili-hr","7":"product_cat-brodske-slavine","8":"product_cat-brodski-tusevi","10":"first","11":"instock","12":"shipping-taxable","13":"purchasable","14":"product-type-simple"},"_links":{"self":[{"href":"https:\/\/stoic-curie.212-227-153-4.plesk.page\/hr\/wp-json\/wp\/v2\/product\/740350","targetHints":{"allow":["GET"]}}],"collection":[{"href":"https:\/\/stoic-curie.212-227-153-4.plesk.page\/hr\/wp-json\/wp\/v2\/product"}],"about":[{"href":"https:\/\/stoic-curie.212-227-153-4.plesk.page\/hr\/wp-json\/wp\/v2\/types\/product"}],"replies":[{"embeddable":true,"href":"https:\/\/stoic-curie.212-227-153-4.plesk.page\/hr\/wp-json\/wp\/v2\/comments?post=740350"}],"version-history":[{"count":0,"href":"https:\/\/stoic-curie.212-227-153-4.plesk.page\/hr\/wp-json\/wp\/v2\/product\/740350\/revisions"}],"wp:featuredmedia":[{"embeddable":true,"href":"https:\/\/stoic-curie.212-227-153-4.plesk.page\/hr\/wp-json\/wp\/v2\/media\/5938746"}],"wp:attachment":[{"href":"https:\/\/stoic-curie.212-227-153-4.plesk.page\/hr\/wp-json\/wp\/v2\/media?parent=740350"}],"wp:term":[{"taxonomy":"product_brand","embeddable":true,"href":"https:\/\/stoic-curie.212-227-153-4.plesk.page\/hr\/wp-json\/wp\/v2\/product_brand?post=740350"},{"taxonomy":"product_cat","embeddable":true,"href":"https:\/\/stoic-curie.212-227-153-4.plesk.page\/hr\/wp-json\/wp\/v2\/product_cat?post=740350"},{"taxonomy":"product_tag","embeddable":true,"href":"https:\/\/stoic-curie.212-227-153-4.plesk.page\/hr\/wp-json\/wp\/v2\/product_tag?post=740350"}],"curies":[{"name":"wp","href":"https:\/\/api.w.org\/{rel}","templated":true}]}}