{"id":740359,"date":"2025-03-03T18:08:00","date_gmt":"2025-03-03T17:08:00","guid":{"rendered":"https:\/\/stoic-curie.212-227-153-4.plesk.page\/producto\/fleksibilni-spremnik-za-vodu-trokutastog-oblika-100lt\/"},"modified":"2026-02-25T00:00:45","modified_gmt":"2026-02-25T00:00:45","slug":"fleksibilni-spremnik-za-vodu-trokutastog-oblika-100lt","status":"publish","type":"product","link":"https:\/\/stoic-curie.212-227-153-4.plesk.page\/hr\/product\/fleksibilni-spremnik-za-vodu-trokutastog-oblika-100lt\/","title":{"rendered":"Fleksibilni spremnik za vodu trokutastog oblika 100lt"},"content":{"rendered":"<p>Fleksibilni spremnik za vodu trokutastog oblika 100lt &#8211; <\/p>\n<p>Oja\u010dani gumeni materijal fleksibilne trokutaste posude. Kompletne s otvorom i rotiraju\u0107im spojnicama. Ulazna spojka \u00c3\u00b8 40\/50\/60 mm. Izlazna spojka \u00c3\u00b8 12 mm.<\/p>\n","protected":false},"excerpt":{"rendered":"<p>Fleksibilni spremnik za vodu trokutastog oblika 100lt &#8211; Oja\u010dani gumeni materijal fleksibilne trokutaste posude. Kompletne s otvorom i rotiraju\u0107im spojnicama.<\/p>\n","protected":false},"featured_media":5938753,"comment_status":"open","ping_status":"closed","template":"","meta":[],"product_brand":[2856],"product_cat":[1664],"product_tag":[],"class_list":{"0":"post-740359","1":"product","2":"type-product","3":"status-publish","4":"has-post-thumbnail","6":"product_brand-can-marine-hr","7":"product_cat-spremnici-za-vodu","9":"first","10":"instock","11":"shipping-taxable","12":"purchasable","13":"product-type-simple"},"_links":{"self":[{"href":"https:\/\/stoic-curie.212-227-153-4.plesk.page\/hr\/wp-json\/wp\/v2\/product\/740359","targetHints":{"allow":["GET"]}}],"collection":[{"href":"https:\/\/stoic-curie.212-227-153-4.plesk.page\/hr\/wp-json\/wp\/v2\/product"}],"about":[{"href":"https:\/\/stoic-curie.212-227-153-4.plesk.page\/hr\/wp-json\/wp\/v2\/types\/product"}],"replies":[{"embeddable":true,"href":"https:\/\/stoic-curie.212-227-153-4.plesk.page\/hr\/wp-json\/wp\/v2\/comments?post=740359"}],"version-history":[{"count":0,"href":"https:\/\/stoic-curie.212-227-153-4.plesk.page\/hr\/wp-json\/wp\/v2\/product\/740359\/revisions"}],"wp:featuredmedia":[{"embeddable":true,"href":"https:\/\/stoic-curie.212-227-153-4.plesk.page\/hr\/wp-json\/wp\/v2\/media\/5938753"}],"wp:attachment":[{"href":"https:\/\/stoic-curie.212-227-153-4.plesk.page\/hr\/wp-json\/wp\/v2\/media?parent=740359"}],"wp:term":[{"taxonomy":"product_brand","embeddable":true,"href":"https:\/\/stoic-curie.212-227-153-4.plesk.page\/hr\/wp-json\/wp\/v2\/product_brand?post=740359"},{"taxonomy":"product_cat","embeddable":true,"href":"https:\/\/stoic-curie.212-227-153-4.plesk.page\/hr\/wp-json\/wp\/v2\/product_cat?post=740359"},{"taxonomy":"product_tag","embeddable":true,"href":"https:\/\/stoic-curie.212-227-153-4.plesk.page\/hr\/wp-json\/wp\/v2\/product_tag?post=740359"}],"curies":[{"name":"wp","href":"https:\/\/api.w.org\/{rel}","templated":true}]}}