{"id":740361,"date":"2025-03-03T18:08:00","date_gmt":"2025-03-03T17:08:00","guid":{"rendered":"https:\/\/stoic-curie.212-227-153-4.plesk.page\/producto\/spremnik-za-vodu-can-sb-420lt\/"},"modified":"2026-02-25T00:00:45","modified_gmt":"2026-02-25T00:00:45","slug":"spremnik-za-vodu-can-sb-420lt","status":"publish","type":"product","link":"https:\/\/stoic-curie.212-227-153-4.plesk.page\/hr\/product\/spremnik-za-vodu-can-sb-420lt\/","title":{"rendered":"Spremnik za vodu CAN SB 420lt"},"content":{"rendered":"<p>Spremnik za vodu CAN SB 420lt &#8211; <\/p>\n<p style=\"color: rgb(34, 34, 34); font-family: Arial, Helvetica, sans-serif; font-size: small;\">Na\u0161i polietilenski rezervoari, dizajnirani za svje\u017eu i sivu vodu, opremljeni su dvostrukim poklopcem, uronjenom cijevi i 38 mm okretanjem priklju\u010dkom za cijev na crijevo. Izra\u0111eni od polietilena visoke gusto\u0107e, ovi rezervoari su savr\u0161eni za skladi\u0161tenje slatke vode, slane vode, sive vode i crne vode. Polietilen je lagana, netoksi\u010dna tvar koja pokazuje iznimnu otpornost na mehani\u010dke i kemijske stresove.<\/p>\n<p style=\"color: rgb(34, 34, 34); font-family: Arial, Helvetica, sans-serif; font-size: small;\">Jam\u010dimo da su na\u0161i plasti\u010dni rezervoari izra\u0111eni od polietilena koji je siguran za hranu, bez BPA-a, \u0161to jam\u010di da su potpuno sigurni za skladi\u0161tenje pitke vode. Posebno dizajnirani za pohranu prehrambenih proizvoda i pitke vode, kao i za prikupljanje ki\u0161nice ili otpadnih voda, na\u0161i rezervoari udovoljavaju strogoj sigurnosnoj normi.<\/p>\n<p style=\"color: rgb(34, 34, 34); font-family: Arial, Helvetica, sans-serif; font-size: small;\">Proizvedeni od linearnih polietilena, netoksi\u010dnog materijala, na\u0161i rezervoari ispunjavaju va\u017ee\u0107e propise i direktive. Tehnika rotacijskog oblikovanja, zajedno s kori\u0161tenjem polietilena visoke gusto\u0107e, osigurava iznimnu otpornost na udarce i kemijske agense, temperaturne varijacije, neprijateljske vremenske uvjete i UV zra\u010denje.<\/p>\n<p style=\"color: rgb(34, 34, 34); font-family: Arial, Helvetica, sans-serif; font-size: small;\">Osim toga, ovi rezervoari su neprozirni, u\u010dinkovito blokiraju\u0107i sun\u010devu svjetlost koja prodire u skladi\u0161tenu teku\u0107inu, \u010dime se smanjuje potencijal za rast algi.<\/p>\n","protected":false},"excerpt":{"rendered":"<p>Spremnik za vodu CAN SB 420lt &#8211; Na\u0161i polietilenski rezervoari, dizajnirani za svje\u017eu i sivu vodu, opremljeni su dvostrukim poklopcem,<\/p>\n","protected":false},"featured_media":5938758,"comment_status":"open","ping_status":"closed","template":"","meta":[],"product_brand":[2856],"product_cat":[1664],"product_tag":[],"class_list":{"0":"post-740361","1":"product","2":"type-product","3":"status-publish","4":"has-post-thumbnail","6":"product_brand-can-marine-hr","7":"product_cat-spremnici-za-vodu","9":"first","10":"instock","11":"shipping-taxable","12":"purchasable","13":"product-type-simple"},"_links":{"self":[{"href":"https:\/\/stoic-curie.212-227-153-4.plesk.page\/hr\/wp-json\/wp\/v2\/product\/740361","targetHints":{"allow":["GET"]}}],"collection":[{"href":"https:\/\/stoic-curie.212-227-153-4.plesk.page\/hr\/wp-json\/wp\/v2\/product"}],"about":[{"href":"https:\/\/stoic-curie.212-227-153-4.plesk.page\/hr\/wp-json\/wp\/v2\/types\/product"}],"replies":[{"embeddable":true,"href":"https:\/\/stoic-curie.212-227-153-4.plesk.page\/hr\/wp-json\/wp\/v2\/comments?post=740361"}],"version-history":[{"count":0,"href":"https:\/\/stoic-curie.212-227-153-4.plesk.page\/hr\/wp-json\/wp\/v2\/product\/740361\/revisions"}],"wp:featuredmedia":[{"embeddable":true,"href":"https:\/\/stoic-curie.212-227-153-4.plesk.page\/hr\/wp-json\/wp\/v2\/media\/5938758"}],"wp:attachment":[{"href":"https:\/\/stoic-curie.212-227-153-4.plesk.page\/hr\/wp-json\/wp\/v2\/media?parent=740361"}],"wp:term":[{"taxonomy":"product_brand","embeddable":true,"href":"https:\/\/stoic-curie.212-227-153-4.plesk.page\/hr\/wp-json\/wp\/v2\/product_brand?post=740361"},{"taxonomy":"product_cat","embeddable":true,"href":"https:\/\/stoic-curie.212-227-153-4.plesk.page\/hr\/wp-json\/wp\/v2\/product_cat?post=740361"},{"taxonomy":"product_tag","embeddable":true,"href":"https:\/\/stoic-curie.212-227-153-4.plesk.page\/hr\/wp-json\/wp\/v2\/product_tag?post=740361"}],"curies":[{"name":"wp","href":"https:\/\/api.w.org\/{rel}","templated":true}]}}