{"id":740362,"date":"2025-03-03T18:08:01","date_gmt":"2025-03-03T17:08:01","guid":{"rendered":"https:\/\/stoic-curie.212-227-153-4.plesk.page\/producto\/spremnik-za-vodu-can-sb-160lt-desno\/"},"modified":"2026-02-25T00:00:45","modified_gmt":"2026-02-25T00:00:45","slug":"spremnik-za-vodu-can-sb-160lt-desno","status":"publish","type":"product","link":"https:\/\/stoic-curie.212-227-153-4.plesk.page\/hr\/product\/spremnik-za-vodu-can-sb-160lt-desno\/","title":{"rendered":"Spremnik za vodu CAN-SB 160lt (desno)"},"content":{"rendered":"<p>Spremnik za vodu CAN-SB 160lt (desno) &#8211; <\/p>\n<p style=\"color: rgb(34, 34, 34); font-family: Arial, Helvetica, sans-serif; font-size: small;\">Predstavljamo vodu spremnik CAN-SB 160 l (DESNO). Ova svestrana posuda savr\u0161ena je za pohranu i svje\u017ee i sive vode. Opremljen je s dvostrukom kapkom, uronjenim cijevom i 38 mm rotiraju\u0107im spojem za crijevo. Izra\u0111en od polietilena visoke gusto\u0107e, ovaj spremnik pogodan je za pohranu svje\u017ee vode, slane vode, sive vode i crne vode. Polietilen je lagan, netoksi\u010dan materijal poznat po svojoj \u010dvrsto\u0107i i otpornosti na mehani\u010dke i kemijske napetosti.<\/p>\n<p style=\"color: rgb(34, 34, 34); font-family: Arial, Helvetica, sans-serif; font-size: small;\">Na\u0161i spremnici od polietilena visoke gusto\u0107e posebno su dizajnirani za pitku vodu, pohranu hrane i prikupljanje ki\u0161nice ili otpadnih voda. Izra\u0111eni su od sigurnog, netoksi\u010dnog linearni polietilen, ovi spremnici zadovoljavaju sve relevantne propise i standarde. Proces rotacijskog oblikovanja zajedno s visokog gusto\u0107om linearnog polietilena pru\u017ea izvrsnu otpornost na udarce i za\u0161titu od kemijske izlo\u017eenosti, osiguravaju\u0107i izdr\u017eljivost pri ekstremnim temperaturama, lo\u0161im vremenskim uvjetima i UV zra\u010denju.<\/p>\n","protected":false},"excerpt":{"rendered":"<p>Spremnik za vodu CAN-SB 160lt (desno) &#8211; Predstavljamo vodu spremnik CAN-SB 160 l (DESNO). Ova svestrana posuda savr\u0161ena je za<\/p>\n","protected":false},"featured_media":5938762,"comment_status":"open","ping_status":"closed","template":"","meta":[],"product_brand":[2856],"product_cat":[1664],"product_tag":[],"class_list":{"0":"post-740362","1":"product","2":"type-product","3":"status-publish","4":"has-post-thumbnail","6":"product_brand-can-marine-hr","7":"product_cat-spremnici-za-vodu","9":"first","10":"instock","11":"shipping-taxable","12":"purchasable","13":"product-type-simple"},"_links":{"self":[{"href":"https:\/\/stoic-curie.212-227-153-4.plesk.page\/hr\/wp-json\/wp\/v2\/product\/740362","targetHints":{"allow":["GET"]}}],"collection":[{"href":"https:\/\/stoic-curie.212-227-153-4.plesk.page\/hr\/wp-json\/wp\/v2\/product"}],"about":[{"href":"https:\/\/stoic-curie.212-227-153-4.plesk.page\/hr\/wp-json\/wp\/v2\/types\/product"}],"replies":[{"embeddable":true,"href":"https:\/\/stoic-curie.212-227-153-4.plesk.page\/hr\/wp-json\/wp\/v2\/comments?post=740362"}],"version-history":[{"count":0,"href":"https:\/\/stoic-curie.212-227-153-4.plesk.page\/hr\/wp-json\/wp\/v2\/product\/740362\/revisions"}],"wp:featuredmedia":[{"embeddable":true,"href":"https:\/\/stoic-curie.212-227-153-4.plesk.page\/hr\/wp-json\/wp\/v2\/media\/5938762"}],"wp:attachment":[{"href":"https:\/\/stoic-curie.212-227-153-4.plesk.page\/hr\/wp-json\/wp\/v2\/media?parent=740362"}],"wp:term":[{"taxonomy":"product_brand","embeddable":true,"href":"https:\/\/stoic-curie.212-227-153-4.plesk.page\/hr\/wp-json\/wp\/v2\/product_brand?post=740362"},{"taxonomy":"product_cat","embeddable":true,"href":"https:\/\/stoic-curie.212-227-153-4.plesk.page\/hr\/wp-json\/wp\/v2\/product_cat?post=740362"},{"taxonomy":"product_tag","embeddable":true,"href":"https:\/\/stoic-curie.212-227-153-4.plesk.page\/hr\/wp-json\/wp\/v2\/product_tag?post=740362"}],"curies":[{"name":"wp","href":"https:\/\/api.w.org\/{rel}","templated":true}]}}