{"id":740381,"date":"2025-03-03T18:08:07","date_gmt":"2025-03-03T17:08:07","guid":{"rendered":"https:\/\/stoic-curie.212-227-153-4.plesk.page\/producto\/spremnik-za-vodu-zelena-linija-plosnati-60-litara-85-x-39-x-28-cm\/"},"modified":"2026-02-25T00:00:45","modified_gmt":"2026-02-25T00:00:45","slug":"spremnik-za-vodu-zelena-linija-plosnati-60-litara-85-x-39-x-28-cm","status":"publish","type":"product","link":"https:\/\/stoic-curie.212-227-153-4.plesk.page\/hr\/product\/spremnik-za-vodu-zelena-linija-plosnati-60-litara-85-x-39-x-28-cm\/","title":{"rendered":"Spremnik za vodu Zelena linija plosnati 60 litara (85 x 39 x 28 cm)"},"content":{"rendered":"<p>Spremnik za vodu Zelena linija plosnati 60 litara (85 x 39 x 28 cm) &#8211; <\/p>\n<p>Rezervoari od polietilena za svje\u017eu vodu Green Line s utorom za automatsku pumpu za vodu. Dolazi s poklopcem, cijevi za usisavanje, priklju\u010dcima i crijevom za pumpu. Potrebno je dodati automatsku pumpu za vodu po va\u0161em izboru s bazom od 79 x 55 mm.<\/p>\n","protected":false},"excerpt":{"rendered":"<p>Spremnik za vodu Zelena linija plosnati 60 litara (85 x 39 x 28 cm) &#8211; Rezervoari od polietilena za svje\u017eu<\/p>\n","protected":false},"featured_media":5938780,"comment_status":"open","ping_status":"closed","template":"","meta":[],"product_brand":[2856],"product_cat":[1664],"product_tag":[],"class_list":{"0":"post-740381","1":"product","2":"type-product","3":"status-publish","4":"has-post-thumbnail","6":"product_brand-can-marine-hr","7":"product_cat-spremnici-za-vodu","9":"first","10":"instock","11":"shipping-taxable","12":"purchasable","13":"product-type-simple"},"_links":{"self":[{"href":"https:\/\/stoic-curie.212-227-153-4.plesk.page\/hr\/wp-json\/wp\/v2\/product\/740381","targetHints":{"allow":["GET"]}}],"collection":[{"href":"https:\/\/stoic-curie.212-227-153-4.plesk.page\/hr\/wp-json\/wp\/v2\/product"}],"about":[{"href":"https:\/\/stoic-curie.212-227-153-4.plesk.page\/hr\/wp-json\/wp\/v2\/types\/product"}],"replies":[{"embeddable":true,"href":"https:\/\/stoic-curie.212-227-153-4.plesk.page\/hr\/wp-json\/wp\/v2\/comments?post=740381"}],"version-history":[{"count":0,"href":"https:\/\/stoic-curie.212-227-153-4.plesk.page\/hr\/wp-json\/wp\/v2\/product\/740381\/revisions"}],"wp:featuredmedia":[{"embeddable":true,"href":"https:\/\/stoic-curie.212-227-153-4.plesk.page\/hr\/wp-json\/wp\/v2\/media\/5938780"}],"wp:attachment":[{"href":"https:\/\/stoic-curie.212-227-153-4.plesk.page\/hr\/wp-json\/wp\/v2\/media?parent=740381"}],"wp:term":[{"taxonomy":"product_brand","embeddable":true,"href":"https:\/\/stoic-curie.212-227-153-4.plesk.page\/hr\/wp-json\/wp\/v2\/product_brand?post=740381"},{"taxonomy":"product_cat","embeddable":true,"href":"https:\/\/stoic-curie.212-227-153-4.plesk.page\/hr\/wp-json\/wp\/v2\/product_cat?post=740381"},{"taxonomy":"product_tag","embeddable":true,"href":"https:\/\/stoic-curie.212-227-153-4.plesk.page\/hr\/wp-json\/wp\/v2\/product_tag?post=740381"}],"curies":[{"name":"wp","href":"https:\/\/api.w.org\/{rel}","templated":true}]}}