{"id":740383,"date":"2025-03-03T18:08:07","date_gmt":"2025-03-03T17:08:07","guid":{"rendered":"https:\/\/stoic-curie.212-227-153-4.plesk.page\/producto\/spremnik-za-vodu-zelena-linija-standard-67-litara-65-x-39-x-37-cm\/"},"modified":"2026-02-25T00:00:45","modified_gmt":"2026-02-25T00:00:45","slug":"spremnik-za-vodu-zelena-linija-standard-67-litara-65-x-39-x-37-cm","status":"publish","type":"product","link":"https:\/\/stoic-curie.212-227-153-4.plesk.page\/hr\/product\/spremnik-za-vodu-zelena-linija-standard-67-litara-65-x-39-x-37-cm\/","title":{"rendered":"Spremnik za vodu Zelena linija standard 67 litara (65 x 39 x 37 cm)"},"content":{"rendered":"<p>Spremnik za vodu Zelena linija standard 67 litara (65 x 39 x 37 cm) &#8211; <\/p>\n<p>Rezervoari od polietilena zelene linije za svje\u017eu vodu s utorom za automatsku pumpu za vodu. Kompletno s poklopcem, uronjenom cijevi, priklju\u010dcima i crijevom pumpe. Za dovr\u0161etak s automatskom pumpom za vodu po vlastitom izboru s osnovom od 79 x 55 mm me\u0111uosovinskog razmaka.<\/p>\n","protected":false},"excerpt":{"rendered":"<p>Spremnik za vodu Zelena linija standard 67 litara (65 x 39 x 37 cm) &#8211; Rezervoari od polietilena zelene linije<\/p>\n","protected":false},"featured_media":5938780,"comment_status":"open","ping_status":"closed","template":"","meta":[],"product_brand":[2856],"product_cat":[1664],"product_tag":[],"class_list":{"0":"post-740383","1":"product","2":"type-product","3":"status-publish","4":"has-post-thumbnail","6":"product_brand-can-marine-hr","7":"product_cat-spremnici-za-vodu","9":"first","10":"instock","11":"shipping-taxable","12":"purchasable","13":"product-type-simple"},"_links":{"self":[{"href":"https:\/\/stoic-curie.212-227-153-4.plesk.page\/hr\/wp-json\/wp\/v2\/product\/740383","targetHints":{"allow":["GET"]}}],"collection":[{"href":"https:\/\/stoic-curie.212-227-153-4.plesk.page\/hr\/wp-json\/wp\/v2\/product"}],"about":[{"href":"https:\/\/stoic-curie.212-227-153-4.plesk.page\/hr\/wp-json\/wp\/v2\/types\/product"}],"replies":[{"embeddable":true,"href":"https:\/\/stoic-curie.212-227-153-4.plesk.page\/hr\/wp-json\/wp\/v2\/comments?post=740383"}],"version-history":[{"count":0,"href":"https:\/\/stoic-curie.212-227-153-4.plesk.page\/hr\/wp-json\/wp\/v2\/product\/740383\/revisions"}],"wp:featuredmedia":[{"embeddable":true,"href":"https:\/\/stoic-curie.212-227-153-4.plesk.page\/hr\/wp-json\/wp\/v2\/media\/5938780"}],"wp:attachment":[{"href":"https:\/\/stoic-curie.212-227-153-4.plesk.page\/hr\/wp-json\/wp\/v2\/media?parent=740383"}],"wp:term":[{"taxonomy":"product_brand","embeddable":true,"href":"https:\/\/stoic-curie.212-227-153-4.plesk.page\/hr\/wp-json\/wp\/v2\/product_brand?post=740383"},{"taxonomy":"product_cat","embeddable":true,"href":"https:\/\/stoic-curie.212-227-153-4.plesk.page\/hr\/wp-json\/wp\/v2\/product_cat?post=740383"},{"taxonomy":"product_tag","embeddable":true,"href":"https:\/\/stoic-curie.212-227-153-4.plesk.page\/hr\/wp-json\/wp\/v2\/product_tag?post=740383"}],"curies":[{"name":"wp","href":"https:\/\/api.w.org\/{rel}","templated":true}]}}