{"id":740390,"date":"2025-03-03T18:08:09","date_gmt":"2025-03-03T17:08:09","guid":{"rendered":"https:\/\/stoic-curie.212-227-153-4.plesk.page\/producto\/prijenosni-hladnjak-igloo-48qt-650-x-370-mm\/"},"modified":"2026-02-25T00:00:45","modified_gmt":"2026-02-25T00:00:45","slug":"prijenosni-hladnjak-igloo-48qt-650-x-370-mm","status":"publish","type":"product","link":"https:\/\/stoic-curie.212-227-153-4.plesk.page\/hr\/product\/prijenosni-hladnjak-igloo-48qt-650-x-370-mm\/","title":{"rendered":"Prijenosni hladnjak Igloo 48Qt 650 x 370 mm"},"content":{"rendered":"<p>Prijenosni hladnjak Igloo 48Qt 650 x 370 mm &#8211; <\/p>\n<p>Igloo prijenosni hladnjaci dizajnirani za nauti\u010dku upotrebu, idealni za skladi\u0161tenje hrane, ribe ili kao rezervoari za \u017eivi mamac. THERMECOOL pjena izolacija s UV otpornim ABS ku\u0107i\u0161tem i bezmirnim polimernim unutra\u0161njim dijelom. Model 150Q opremljen je s dvostrukim pristupnim vratima.<\/p>\n","protected":false},"excerpt":{"rendered":"<p>Prijenosni hladnjak Igloo 48Qt 650 x 370 mm &#8211; Igloo prijenosni hladnjaci dizajnirani za nauti\u010dku upotrebu, idealni za skladi\u0161tenje hrane,<\/p>\n","protected":false},"featured_media":5938798,"comment_status":"open","ping_status":"closed","template":"","meta":[],"product_brand":[3016],"product_cat":[1646],"product_tag":[],"class_list":{"0":"post-740390","1":"product","2":"type-product","3":"status-publish","4":"has-post-thumbnail","6":"product_brand-igloo-marine-hr","7":"product_cat-cool-box-hladnjaci","9":"first","10":"instock","11":"shipping-taxable","12":"purchasable","13":"product-type-simple"},"_links":{"self":[{"href":"https:\/\/stoic-curie.212-227-153-4.plesk.page\/hr\/wp-json\/wp\/v2\/product\/740390","targetHints":{"allow":["GET"]}}],"collection":[{"href":"https:\/\/stoic-curie.212-227-153-4.plesk.page\/hr\/wp-json\/wp\/v2\/product"}],"about":[{"href":"https:\/\/stoic-curie.212-227-153-4.plesk.page\/hr\/wp-json\/wp\/v2\/types\/product"}],"replies":[{"embeddable":true,"href":"https:\/\/stoic-curie.212-227-153-4.plesk.page\/hr\/wp-json\/wp\/v2\/comments?post=740390"}],"version-history":[{"count":0,"href":"https:\/\/stoic-curie.212-227-153-4.plesk.page\/hr\/wp-json\/wp\/v2\/product\/740390\/revisions"}],"wp:featuredmedia":[{"embeddable":true,"href":"https:\/\/stoic-curie.212-227-153-4.plesk.page\/hr\/wp-json\/wp\/v2\/media\/5938798"}],"wp:attachment":[{"href":"https:\/\/stoic-curie.212-227-153-4.plesk.page\/hr\/wp-json\/wp\/v2\/media?parent=740390"}],"wp:term":[{"taxonomy":"product_brand","embeddable":true,"href":"https:\/\/stoic-curie.212-227-153-4.plesk.page\/hr\/wp-json\/wp\/v2\/product_brand?post=740390"},{"taxonomy":"product_cat","embeddable":true,"href":"https:\/\/stoic-curie.212-227-153-4.plesk.page\/hr\/wp-json\/wp\/v2\/product_cat?post=740390"},{"taxonomy":"product_tag","embeddable":true,"href":"https:\/\/stoic-curie.212-227-153-4.plesk.page\/hr\/wp-json\/wp\/v2\/product_tag?post=740390"}],"curies":[{"name":"wp","href":"https:\/\/api.w.org\/{rel}","templated":true}]}}