{"id":740399,"date":"2025-03-03T18:08:11","date_gmt":"2025-03-03T17:08:11","guid":{"rendered":"https:\/\/stoic-curie.212-227-153-4.plesk.page\/producto\/prijenosni-mini-hladnjak-vitrifrigo-c29m-29lt-12-24v\/"},"modified":"2026-02-25T00:00:45","modified_gmt":"2026-02-25T00:00:45","slug":"prijenosni-mini-hladnjak-vitrifrigo-c29m-29lt-12-24v","status":"publish","type":"product","link":"https:\/\/stoic-curie.212-227-153-4.plesk.page\/hr\/product\/prijenosni-mini-hladnjak-vitrifrigo-c29m-29lt-12-24v\/","title":{"rendered":"Prijenosni mini-hladnjak Vitrifrigo C29M 29lt 12-24v"},"content":{"rendered":"<p>Prijenosni mini-hladnjak Vitrifrigo C29M 29lt 12-24v &#8211; <\/p>\n<p style=\"color: rgb(34, 34, 34); font-family: Arial, Helvetica, sans-serif; font-size: small;\">Sretni smo \u0161to vam mo\u017eemo predstaviti na\u0161 prijenosni hladnjak\/za\u0161titnik, dizajniran s fleksibilnim sustavom dvostrukog napona od 12\/24V ili vi\u0161estrukom naponskom opcijom od 12\/24\/220V, te opremljen pouzdanom Danfoss jedinicom za hla\u0111enje. Mo\u017eete lako prilagoditi unutarnju temperaturu u rasponu od +10\u00b0C do -15\u00b0C koriste\u0107i mehani\u010dki termostat na dugme ili digitalni prikaz, ovisno o odabranom modelu. Ure\u0111aj radi s potro\u0161njom energije od 48W.<\/p>\n<ul style=\"color: rgb(34, 34, 34); font-family: Arial, Helvetica, sans-serif; font-size: small;\">\n<li><strong>C29M<\/strong>: Ova varijanta je opremljena mehani\u010dkim termostatom i radi na 12\/24V dvostrukoj naponskoj napajanju.<\/li>\n<\/ul>\n<p style=\"color: rgb(34, 34, 34); font-family: Arial, Helvetica, sans-serif; font-size: small;\">Klju\u010dne specifikacije su sljede\u0107e:<\/p>\n<ul style=\"color: rgb(34, 34, 34); font-family: Arial, Helvetica, sans-serif; font-size: small;\">\n<li><strong>Ukupni Kapacitet<\/strong>: 29 litara<\/li>\n<li><strong>Neto Te\u017eina<\/strong>: 15 kg<\/li>\n<li><strong>Izvor Napajanja<\/strong>: 12\/24V DC (tako\u0111er dostupno u 12\/24V DC &#8211; 100-240V AC 50\/60Hz). Va\u017eno je napomenuti da je D verzija dostupna samo u 12\/24V DC &#8211; 100-240V AC 50\/60Hz.<\/li>\n<li><strong>Nominna Potro\u0161nja<\/strong>: 48W<\/li>\n<li><strong>Dimenzije<\/strong>:\n<ul>\n<li>\u0160irina: 530 mm<\/li>\n<li>Visina: 390 mm<\/li>\n<li>Dubina: 345 mm<\/li>\n<\/ul>\n<\/li>\n<li><strong>Raspon Unutarnje Temperature<\/strong>: +10\u00b0C do -15\u00b0C<\/li>\n<\/ul>\n<p style=\"color: rgb(34, 34, 34); font-family: Arial, Helvetica, sans-serif; font-size: small;\">Ovaj prijenosni hladnjak\/za\u0161titnik predstavlja izvrsnu opciju za vlasnike brodova u potrazi za pouzdanim i u\u010dinkovitima rje\u0161enjima hla\u0111enja dok u\u017eivaju u svom vremenu na vodi.<\/p>\n","protected":false},"excerpt":{"rendered":"<p>Prijenosni mini-hladnjak Vitrifrigo C29M 29lt 12-24v &#8211; Sretni smo \u0161to vam mo\u017eemo predstaviti na\u0161 prijenosni hladnjak\/za\u0161titnik, dizajniran s fleksibilnim sustavom<\/p>\n","protected":false},"featured_media":5938817,"comment_status":"open","ping_status":"closed","template":"","meta":[],"product_brand":[3526],"product_cat":[1646,1751],"product_tag":[],"class_list":{"0":"post-740399","1":"product","2":"type-product","3":"status-publish","4":"has-post-thumbnail","6":"product_brand-vitrifrigo-hr","7":"product_cat-cool-box-hladnjaci","8":"product_cat-hladnjaci-i-zamrzivaci","10":"first","11":"instock","12":"shipping-taxable","13":"purchasable","14":"product-type-simple"},"_links":{"self":[{"href":"https:\/\/stoic-curie.212-227-153-4.plesk.page\/hr\/wp-json\/wp\/v2\/product\/740399","targetHints":{"allow":["GET"]}}],"collection":[{"href":"https:\/\/stoic-curie.212-227-153-4.plesk.page\/hr\/wp-json\/wp\/v2\/product"}],"about":[{"href":"https:\/\/stoic-curie.212-227-153-4.plesk.page\/hr\/wp-json\/wp\/v2\/types\/product"}],"replies":[{"embeddable":true,"href":"https:\/\/stoic-curie.212-227-153-4.plesk.page\/hr\/wp-json\/wp\/v2\/comments?post=740399"}],"version-history":[{"count":0,"href":"https:\/\/stoic-curie.212-227-153-4.plesk.page\/hr\/wp-json\/wp\/v2\/product\/740399\/revisions"}],"wp:featuredmedia":[{"embeddable":true,"href":"https:\/\/stoic-curie.212-227-153-4.plesk.page\/hr\/wp-json\/wp\/v2\/media\/5938817"}],"wp:attachment":[{"href":"https:\/\/stoic-curie.212-227-153-4.plesk.page\/hr\/wp-json\/wp\/v2\/media?parent=740399"}],"wp:term":[{"taxonomy":"product_brand","embeddable":true,"href":"https:\/\/stoic-curie.212-227-153-4.plesk.page\/hr\/wp-json\/wp\/v2\/product_brand?post=740399"},{"taxonomy":"product_cat","embeddable":true,"href":"https:\/\/stoic-curie.212-227-153-4.plesk.page\/hr\/wp-json\/wp\/v2\/product_cat?post=740399"},{"taxonomy":"product_tag","embeddable":true,"href":"https:\/\/stoic-curie.212-227-153-4.plesk.page\/hr\/wp-json\/wp\/v2\/product_tag?post=740399"}],"curies":[{"name":"wp","href":"https:\/\/api.w.org\/{rel}","templated":true}]}}