{"id":740400,"date":"2025-03-03T18:08:11","date_gmt":"2025-03-03T17:08:11","guid":{"rendered":"https:\/\/stoic-curie.212-227-153-4.plesk.page\/producto\/hladnjak-vitrifrigo-c75lax-en-75lt-12-24v\/"},"modified":"2026-02-25T00:00:45","modified_gmt":"2026-02-25T00:00:45","slug":"hladnjak-vitrifrigo-c75lax-en-75lt-12-24v","status":"publish","type":"product","link":"https:\/\/stoic-curie.212-227-153-4.plesk.page\/hr\/product\/hladnjak-vitrifrigo-c75lax-en-75lt-12-24v\/","title":{"rendered":"Hladnjak Vitrifrigo C75LX"},"content":{"rendered":"<p>Hladnjak Vitrifrigo C75LX &#8211; <\/p>\n<p style=\"color: rgb(34, 34, 34); font-family: Arial, Helvetica, sans-serif; font-size: small;\">Predstavljamo Vitrifrigo C75LX OCX2 hladnjak, premium ure\u0111aj od nehr\u0111aju\u0107eg \u010delika dizajniran za u\u010dinkovitost i prakti\u010dnost. Ovaj model ima vanjsku ku\u0107i\u0161te od nehr\u0111aju\u0107eg \u010delika i opremljen je vanjskom Danfoss jedinicom za hla\u0111enje koja radi na 12\/24V, omogu\u0107uju\u0107i instalaciju do 2 metra udaljenosti. Dizajn vrata koji se mo\u017ee obrnuti uklju\u010duje ventilacijsku poziciju, \u0161to ga \u010dini idealnim za razdoblja ne kori\u0161tenja.<\/p>\n<p style=\"color: rgb(34, 34, 34); font-family: Arial, Helvetica, sans-serif; font-size: small;\">Sa ukupnim kapacitetom od 75 litara, C75LX OCX2 nudi 10,2 litara posve\u0107enih odjeljku za zamrzavanje. Dizajniran je za standardne instalacije i ugradbene aplikacije, sa kliznim profilom za ravnu zavr\u0161nu obradu vrata.<\/p>\n<p style=\"color: rgb(34, 34, 34); font-family: Arial, Helvetica, sans-serif; font-size: small;\">Zna\u010dajke uklju\u010duju zatvaranje vrata s brzim zaklju\u010davanjem kako bi se sprije\u010dila nenamjerna otvaranja i inovativni sustav &#8220;ventilacijske pozicije&#8221; integriran u ru\u010dku. Ovaj sustav omogu\u0107ava djelomi\u010dno otvaranje vrata tijekom ne koriste\u0107i, \u0161to poma\u017ee u sprje\u010davanju rasta plijesni i neugodnih mirisa dok pobolj\u0161ava o\u010duvanje hrane.<\/p>\n<p style=\"color: rgb(34, 34, 34); font-family: Arial, Helvetica, sans-serif; font-size: small;\">Specifikacije:<\/p>\n<ul style=\"color: rgb(34, 34, 34); font-family: Arial, Helvetica, sans-serif; font-size: small;\">\n<li><strong>Zavr\u0161etak vrata:<\/strong>\u00a0Nehr\u0111aju\u0107i \u010delik<\/li>\n<li><strong>Ukupni kapacitet:<\/strong>\u00a075 litara<\/li>\n<li><strong>Visina:<\/strong>\u00a0635 mm<\/li>\n<li><strong>Duljina:<\/strong>\u00a0533 mm<\/li>\n<li><strong>Dubina:<\/strong>\u00a0456 mm<\/li>\n<li><strong>Serija:<\/strong>\u00a0OCX2<\/li>\n<li><strong>Obrnuta vrata:<\/strong>\u00a0Da<\/li>\n<li><strong>Termostat:<\/strong>\u00a0Mehani\u010dki<\/li>\n<li><strong>Tehnologija hla\u0111enja:<\/strong>\u00a0Kompresor<\/li>\n<li><strong>Jedinica za hla\u0111enje:<\/strong>\u00a0Vanjska<\/li>\n<li><strong>Otvaranje vrata:<\/strong>\u00a0Jednokratna prednja vrata<\/li>\n<li><strong>Napon:<\/strong>\u00a012\/24 VDC<\/li>\n<\/ul>\n<p style=\"color: rgb(34, 34, 34); font-family: Arial, Helvetica, sans-serif; font-size: small;\">Vitrifrigo C75LX OCX2 je izvrstan izbor za vlasnike \u010damaca koji tra\u017ee pouzdan i visoko kvalitetan hladnjak-zamrziva\u010d koji zadovoljava njihove potrebe dok osigurava optimalno skladi\u0161tenje i o\u010duvanje hrane.<\/p>\n","protected":false},"excerpt":{"rendered":"<p>Hladnjak Vitrifrigo C75LX &#8211; Predstavljamo Vitrifrigo C75LX OCX2 hladnjak, premium ure\u0111aj od nehr\u0111aju\u0107eg \u010delika dizajniran za u\u010dinkovitost i prakti\u010dnost. Ovaj<\/p>\n","protected":false},"featured_media":5938819,"comment_status":"open","ping_status":"closed","template":"","meta":[],"product_brand":[3526],"product_cat":[1751],"product_tag":[],"class_list":{"0":"post-740400","1":"product","2":"type-product","3":"status-publish","4":"has-post-thumbnail","6":"product_brand-vitrifrigo-hr","7":"product_cat-hladnjaci-i-zamrzivaci","9":"first","10":"instock","11":"shipping-taxable","12":"purchasable","13":"product-type-simple"},"_links":{"self":[{"href":"https:\/\/stoic-curie.212-227-153-4.plesk.page\/hr\/wp-json\/wp\/v2\/product\/740400","targetHints":{"allow":["GET"]}}],"collection":[{"href":"https:\/\/stoic-curie.212-227-153-4.plesk.page\/hr\/wp-json\/wp\/v2\/product"}],"about":[{"href":"https:\/\/stoic-curie.212-227-153-4.plesk.page\/hr\/wp-json\/wp\/v2\/types\/product"}],"replies":[{"embeddable":true,"href":"https:\/\/stoic-curie.212-227-153-4.plesk.page\/hr\/wp-json\/wp\/v2\/comments?post=740400"}],"version-history":[{"count":0,"href":"https:\/\/stoic-curie.212-227-153-4.plesk.page\/hr\/wp-json\/wp\/v2\/product\/740400\/revisions"}],"wp:featuredmedia":[{"embeddable":true,"href":"https:\/\/stoic-curie.212-227-153-4.plesk.page\/hr\/wp-json\/wp\/v2\/media\/5938819"}],"wp:attachment":[{"href":"https:\/\/stoic-curie.212-227-153-4.plesk.page\/hr\/wp-json\/wp\/v2\/media?parent=740400"}],"wp:term":[{"taxonomy":"product_brand","embeddable":true,"href":"https:\/\/stoic-curie.212-227-153-4.plesk.page\/hr\/wp-json\/wp\/v2\/product_brand?post=740400"},{"taxonomy":"product_cat","embeddable":true,"href":"https:\/\/stoic-curie.212-227-153-4.plesk.page\/hr\/wp-json\/wp\/v2\/product_cat?post=740400"},{"taxonomy":"product_tag","embeddable":true,"href":"https:\/\/stoic-curie.212-227-153-4.plesk.page\/hr\/wp-json\/wp\/v2\/product_tag?post=740400"}],"curies":[{"name":"wp","href":"https:\/\/api.w.org\/{rel}","templated":true}]}}