{"id":740409,"date":"2025-03-03T18:08:14","date_gmt":"2025-03-03T17:08:14","guid":{"rendered":"https:\/\/stoic-curie.212-227-153-4.plesk.page\/producto\/isparivac-od-nehrdajuceg-celika-vitifrigo-ac20-325-x-355-x-h70mm\/"},"modified":"2026-02-25T00:00:45","modified_gmt":"2026-02-25T00:00:45","slug":"isparivac-od-nehrdajuceg-celika-vitifrigo-ac20-325-x-355-x-h70mm","status":"publish","type":"product","link":"https:\/\/stoic-curie.212-227-153-4.plesk.page\/hr\/product\/isparivac-od-nehrdajuceg-celika-vitifrigo-ac20-325-x-355-x-h70mm\/","title":{"rendered":"Ispariva\u010d od nehr\u0111aju\u0107eg \u010delika Vitifrigo Ac20 325 x 355 x H70mm"},"content":{"rendered":"<p>Ispariva\u010d od nehr\u0111aju\u0107eg \u010delika Vitifrigo Ac20 325 x 355 x H70mm &#8211; <\/p>\n<p>Izljevaci od nehr\u0111aju\u0107eg \u010delika s hla\u0111enjem zrakom koji \u0161tede energiju s Vitri tipom brzi priklju\u010dci. Savr\u0161eno za jedrilice, gdje je te\u0161ko stalno puniti baterije.<\/p>\n","protected":false},"excerpt":{"rendered":"<p>Ispariva\u010d od nehr\u0111aju\u0107eg \u010delika Vitifrigo Ac20 325 x 355 x H70mm &#8211; Izljevaci od nehr\u0111aju\u0107eg \u010delika s hla\u0111enjem zrakom koji<\/p>\n","protected":false},"featured_media":5938834,"comment_status":"open","ping_status":"closed","template":"","meta":[],"product_brand":[3526],"product_cat":[1751],"product_tag":[],"class_list":{"0":"post-740409","1":"product","2":"type-product","3":"status-publish","4":"has-post-thumbnail","6":"product_brand-vitrifrigo-hr","7":"product_cat-hladnjaci-i-zamrzivaci","9":"first","10":"instock","11":"shipping-taxable","12":"purchasable","13":"product-type-simple"},"_links":{"self":[{"href":"https:\/\/stoic-curie.212-227-153-4.plesk.page\/hr\/wp-json\/wp\/v2\/product\/740409","targetHints":{"allow":["GET"]}}],"collection":[{"href":"https:\/\/stoic-curie.212-227-153-4.plesk.page\/hr\/wp-json\/wp\/v2\/product"}],"about":[{"href":"https:\/\/stoic-curie.212-227-153-4.plesk.page\/hr\/wp-json\/wp\/v2\/types\/product"}],"replies":[{"embeddable":true,"href":"https:\/\/stoic-curie.212-227-153-4.plesk.page\/hr\/wp-json\/wp\/v2\/comments?post=740409"}],"version-history":[{"count":0,"href":"https:\/\/stoic-curie.212-227-153-4.plesk.page\/hr\/wp-json\/wp\/v2\/product\/740409\/revisions"}],"wp:featuredmedia":[{"embeddable":true,"href":"https:\/\/stoic-curie.212-227-153-4.plesk.page\/hr\/wp-json\/wp\/v2\/media\/5938834"}],"wp:attachment":[{"href":"https:\/\/stoic-curie.212-227-153-4.plesk.page\/hr\/wp-json\/wp\/v2\/media?parent=740409"}],"wp:term":[{"taxonomy":"product_brand","embeddable":true,"href":"https:\/\/stoic-curie.212-227-153-4.plesk.page\/hr\/wp-json\/wp\/v2\/product_brand?post=740409"},{"taxonomy":"product_cat","embeddable":true,"href":"https:\/\/stoic-curie.212-227-153-4.plesk.page\/hr\/wp-json\/wp\/v2\/product_cat?post=740409"},{"taxonomy":"product_tag","embeddable":true,"href":"https:\/\/stoic-curie.212-227-153-4.plesk.page\/hr\/wp-json\/wp\/v2\/product_tag?post=740409"}],"curies":[{"name":"wp","href":"https:\/\/api.w.org\/{rel}","templated":true}]}}