{"id":740414,"date":"2025-03-03T18:08:15","date_gmt":"2025-03-03T17:08:15","guid":{"rendered":"https:\/\/stoic-curie.212-227-153-4.plesk.page\/producto\/uflex-elektricni-opruzni-podigac-ulysses-12v-l635\/"},"modified":"2026-02-25T00:00:45","modified_gmt":"2026-02-25T00:00:45","slug":"uflex-elektricni-opruzni-podigac-ulysses-12v-l635","status":"publish","type":"product","link":"https:\/\/stoic-curie.212-227-153-4.plesk.page\/hr\/product\/uflex-elektricni-opruzni-podigac-ulysses-12v-l635\/","title":{"rendered":"Uflex elektri\u010dni opru\u017eni podiga\u010d, Ulysses 12V L635"},"content":{"rendered":"<p>Uflex elektri\u010dni opru\u017eni podiga\u010d, Ulysses 12V L635 &#8211; <\/p>\n<p>Laki linearni elektri\u010dni sustavi podizanja opruga za monta\u017eu kao pojedina\u010dna instalacija. Dizajnirani za otvaranje &#8211; \u010dak i do pola &#8211; poklopaca palube i vrata strojnice. Vodonepropusni IP65 s osovinom od nehr\u0111aju\u0107eg \u010delika. Maksimalno optere\u0107enje 65 kg.<\/p>\n","protected":false},"excerpt":{"rendered":"<p>Uflex elektri\u010dni opru\u017eni podiga\u010d, Ulysses 12V L635 &#8211; Laki linearni elektri\u010dni sustavi podizanja opruga za monta\u017eu kao pojedina\u010dna instalacija. Dizajnirani<\/p>\n","protected":false},"featured_media":5938843,"comment_status":"open","ping_status":"closed","template":"","meta":[],"product_brand":[3501],"product_cat":[1688],"product_tag":[],"class_list":{"0":"post-740414","1":"product","2":"type-product","3":"status-publish","4":"has-post-thumbnail","6":"product_brand-ultraflex-uflex-hr","7":"product_cat-plinske-opruge-za-poklopce","9":"first","10":"instock","11":"shipping-taxable","12":"purchasable","13":"product-type-simple"},"_links":{"self":[{"href":"https:\/\/stoic-curie.212-227-153-4.plesk.page\/hr\/wp-json\/wp\/v2\/product\/740414","targetHints":{"allow":["GET"]}}],"collection":[{"href":"https:\/\/stoic-curie.212-227-153-4.plesk.page\/hr\/wp-json\/wp\/v2\/product"}],"about":[{"href":"https:\/\/stoic-curie.212-227-153-4.plesk.page\/hr\/wp-json\/wp\/v2\/types\/product"}],"replies":[{"embeddable":true,"href":"https:\/\/stoic-curie.212-227-153-4.plesk.page\/hr\/wp-json\/wp\/v2\/comments?post=740414"}],"version-history":[{"count":0,"href":"https:\/\/stoic-curie.212-227-153-4.plesk.page\/hr\/wp-json\/wp\/v2\/product\/740414\/revisions"}],"wp:featuredmedia":[{"embeddable":true,"href":"https:\/\/stoic-curie.212-227-153-4.plesk.page\/hr\/wp-json\/wp\/v2\/media\/5938843"}],"wp:attachment":[{"href":"https:\/\/stoic-curie.212-227-153-4.plesk.page\/hr\/wp-json\/wp\/v2\/media?parent=740414"}],"wp:term":[{"taxonomy":"product_brand","embeddable":true,"href":"https:\/\/stoic-curie.212-227-153-4.plesk.page\/hr\/wp-json\/wp\/v2\/product_brand?post=740414"},{"taxonomy":"product_cat","embeddable":true,"href":"https:\/\/stoic-curie.212-227-153-4.plesk.page\/hr\/wp-json\/wp\/v2\/product_cat?post=740414"},{"taxonomy":"product_tag","embeddable":true,"href":"https:\/\/stoic-curie.212-227-153-4.plesk.page\/hr\/wp-json\/wp\/v2\/product_tag?post=740414"}],"curies":[{"name":"wp","href":"https:\/\/api.w.org\/{rel}","templated":true}]}}