{"id":740416,"date":"2025-03-03T18:08:15","date_gmt":"2025-03-03T17:08:15","guid":{"rendered":"https:\/\/stoic-curie.212-227-153-4.plesk.page\/producto\/uflex-elektricni-opruzni-podigac-av-12v-l677\/"},"modified":"2026-02-25T00:00:45","modified_gmt":"2026-02-25T00:00:45","slug":"uflex-elektricni-opruzni-podigac-av-12v-l677","status":"publish","type":"product","link":"https:\/\/stoic-curie.212-227-153-4.plesk.page\/hr\/product\/uflex-elektricni-opruzni-podigac-av-12v-l677\/","title":{"rendered":"Uflex AV 3012 elektri\u010dni opru\u017eni podiga\u010d 12V L677"},"content":{"rendered":"<p>Uflex AV 3012 elektri\u010dni opru\u017eni podiga\u010d 12V L677 &#8211; <\/p>\n<p style=\"color: rgb(34, 34, 34); font-family: Arial, Helvetica, sans-serif; font-size: small;\">AV podiza\u010di poklopaca su elektro-mehani\u010dki ure\u0111aji posebno dizajnirani za pomorske aplikacije na rekreacijskim plovilima. Omogu\u0107uju jednostavno otvaranje i zatvaranje velikih poklopaca motora, vrhova tankova, grede poklopaca i sli\u010dnih elemenata. Pritiskom na gumb, mo\u017eete prebaciti poklopac iz potpuno zatvorenog u potpuno otvoren polo\u017eaj. Unutarnji samopouzdani mehanizam osigurava da poklopac ostane sigurno na mjestu, spre\u010davaju\u0107i nenamjerno zatvaranje. Ovi lagani linearni elektri\u010dni podiza\u010di poklopaca mogu se instalirati kao samostalne jedinice.<\/p>\n<p style=\"color: rgb(34, 34, 34); font-family: Arial, Helvetica, sans-serif; font-size: small;\">Osobito su u\u010dinkoviti za pristup palubnim poklopcima i vratima strojarnice, omogu\u0107uju\u0107i i djelomi\u010dna otvaranja. S IP65 vodootpornom ocjenom i vratilom od nehr\u0111aju\u0107eg \u010delika, ovi podiza\u010di mogu podnijeti maksimalno optere\u0107enje od 120 kg. Za njihovo funkcioniranje potrebni su relej i prekida\u010d za otvaranje i zatvaranje.<\/p>\n<p style=\"color: rgb(34, 34, 34); font-family: Arial, Helvetica, sans-serif; font-size: small;\">U slu\u010daju nestanka struje, zna\u010dajka hitne pomo\u0107i omogu\u0107ava ru\u010dno upravljanje.<\/p>\n<p style=\"color: rgb(34, 34, 34); font-family: Arial, Helvetica, sans-serif; font-size: small;\"><strong>Tehni\u010dke specifikacije<\/strong><\/p>\n<p style=\"color: rgb(34, 34, 34); font-family: Arial, Helvetica, sans-serif; font-size: small;\">AV podiza\u010d poklopca mo\u017ee se konfigurirati kao samostalna jedinica ili u rasporedu s dva cilindra za te\u017ea optere\u0107enja.<\/p>\n<ul style=\"color: rgb(34, 34, 34); font-family: Arial, Helvetica, sans-serif; font-size: small;\">\n<li>Maksimalno optere\u0107enje za pojedina\u010dne instalacije: 1200N (120 kg \/ 265 lbs)<\/li>\n<li>Maksimalno optere\u0107enje za dualne instalacije: 2400N (240 kg \/ 529 lbs)<\/li>\n<li>Ne prema\u0161ujte navedene limite maksimalnog optere\u0107enja.<\/li>\n<li>Uklju\u010duje svu potrebnu monta\u017enu opremu.<\/li>\n<li>Opremljen je sustavom od nehr\u0111aju\u0107eg \u010delika za ru\u010dno upravljanje tijekom nu\u017ede.<\/li>\n<li>Posjeduje prekida\u010d za za\u0161titu od preoptere\u0107enja i elektroni\u010dku blokadu na oba kraja.<\/li>\n<li>IP65 ocjena za za\u0161titu od pra\u0161ine i vlage.<\/li>\n<li>Brzina: 25 mm\/sec bez optere\u0107enja; 17 mm\/sec pod maksimalnim optere\u0107enjem.<\/li>\n<li>Potrosnja struje za pojedina\u010dne instalacije: 10A na 12V, 5A na 24V.<\/li>\n<li>Potrosnja struje za dualne instalacije: 20A na 12V, 10A na 24V.<\/li>\n<li>Vanjski promjer: 48 mm (1.9&#8243;).<\/li>\n<\/ul>\n<p style=\"color: rgb(34, 34, 34); font-family: Arial, Helvetica, sans-serif; font-size: small;\"><strong>Dostupni modeli<\/strong><\/p>\n<table style=\"color: rgb(34, 34, 34); font-family: Arial, Helvetica, sans-serif; font-size: small; background-color: rgb(255, 255, 255);\">\n<thead>\n<tr>\n<th>Model<\/th>\n<th>SKU<\/th>\n<th>Napon<\/th>\n<th>Duljina hoda<\/th>\n<th>Duljina A (Potpuno zatvoren aktuator)<\/th>\n<th>Vanjski promjer<\/th>\n<\/tr>\n<\/thead>\n<tbody>\n<tr>\n<td style=\"margin: 0px;\">AV 3012<\/td>\n<td style=\"margin: 0px;\">40671C<\/td>\n<td style=\"margin: 0px;\">12V DC<\/td>\n<td style=\"margin: 0px;\">300 mm (12\u201d)<\/td>\n<td style=\"margin: 0px;\">677 mm (26.6\u201d)<\/td>\n<td style=\"margin: 0px;\">48 mm (1.9\u201d)<\/td>\n<\/tr>\n<tr>\n<td style=\"margin: 0px;\">AV 3024<\/td>\n<td style=\"margin: 0px;\">40672E<\/td>\n<td style=\"margin: 0px;\">24V DC<\/td>\n<td style=\"margin: 0px;\">300 mm (12\u201d)<\/td>\n<td style=\"margin: 0px;\">677 mm (26.6\u201d)<\/td>\n<td style=\"margin: 0px;\">48 mm (1.9\u201d)<\/td>\n<\/tr>\n<tr>\n<td style=\"margin: 0px;\">AV 4512<\/td>\n<td style=\"margin: 0px;\">40582D<\/td>\n<td style=\"margin: 0px;\">12V DC<\/td>\n<td style=\"margin: 0px;\">450 mm (18\u201d)<\/td>\n<td style=\"margin: 0px;\">827 mm (32.5\u201d)<\/td>\n<td style=\"margin: 0px;\">48 mm (1.9\u201d)<\/td>\n<\/tr>\n<tr>\n<td style=\"margin: 0px;\">AV 4524<\/td>\n<td style=\"margin: 0px;\">40583F<\/td>\n<td style=\"margin: 0px;\">24V DC<\/td>\n<td style=\"margin: 0px;\">450 mm (18\u201d)<\/td>\n<td style=\"margin: 0px;\">827 mm (32.5\u201d)<\/td>\n<td style=\"margin: 0px;\">48 mm (1.9\u201d)<\/td>\n<\/tr>\n<tr>\n<td style=\"margin: 0px;\">AV 6012<\/td>\n<td style=\"margin: 0px;\">40584H<\/td>\n<td style=\"margin: 0px;\">12V DC<\/td>\n<td style=\"margin: 0px;\">600 mm (24\u201d)<\/td>\n<td style=\"margin: 0px;\">977 mm (38.4\u201d)<\/td>\n<td style=\"margin: 0px;\">48 mm (1.9\u201d)<\/td>\n<\/tr>\n<tr>\n<td style=\"margin: 0px;\">AV 6024<\/td>\n<td style=\"margin: 0px;\">40585K<\/td>\n<td style=\"margin: 0px;\">24V DC<\/td>\n<td style=\"margin: 0px;\">600 mm (24\u201d)<\/td>\n<td style=\"margin: 0px;\">977 mm (38.4\u201d)<\/td>\n<td style=\"margin: 0px;\">48 mm (1.9\u201d)<\/td>\n<\/tr>\n<\/tbody>\n<\/table>\n","protected":false},"excerpt":{"rendered":"<p>Uflex AV 3012 elektri\u010dni opru\u017eni podiga\u010d 12V L677 &#8211; AV podiza\u010di poklopaca su elektro-mehani\u010dki ure\u0111aji posebno dizajnirani za pomorske aplikacije<\/p>\n","protected":false},"featured_media":5938848,"comment_status":"open","ping_status":"closed","template":"","meta":[],"product_brand":[3501],"product_cat":[1688],"product_tag":[],"class_list":{"0":"post-740416","1":"product","2":"type-product","3":"status-publish","4":"has-post-thumbnail","6":"product_brand-ultraflex-uflex-hr","7":"product_cat-plinske-opruge-za-poklopce","9":"first","10":"instock","11":"shipping-taxable","12":"purchasable","13":"product-type-simple"},"_links":{"self":[{"href":"https:\/\/stoic-curie.212-227-153-4.plesk.page\/hr\/wp-json\/wp\/v2\/product\/740416","targetHints":{"allow":["GET"]}}],"collection":[{"href":"https:\/\/stoic-curie.212-227-153-4.plesk.page\/hr\/wp-json\/wp\/v2\/product"}],"about":[{"href":"https:\/\/stoic-curie.212-227-153-4.plesk.page\/hr\/wp-json\/wp\/v2\/types\/product"}],"replies":[{"embeddable":true,"href":"https:\/\/stoic-curie.212-227-153-4.plesk.page\/hr\/wp-json\/wp\/v2\/comments?post=740416"}],"version-history":[{"count":0,"href":"https:\/\/stoic-curie.212-227-153-4.plesk.page\/hr\/wp-json\/wp\/v2\/product\/740416\/revisions"}],"wp:featuredmedia":[{"embeddable":true,"href":"https:\/\/stoic-curie.212-227-153-4.plesk.page\/hr\/wp-json\/wp\/v2\/media\/5938848"}],"wp:attachment":[{"href":"https:\/\/stoic-curie.212-227-153-4.plesk.page\/hr\/wp-json\/wp\/v2\/media?parent=740416"}],"wp:term":[{"taxonomy":"product_brand","embeddable":true,"href":"https:\/\/stoic-curie.212-227-153-4.plesk.page\/hr\/wp-json\/wp\/v2\/product_brand?post=740416"},{"taxonomy":"product_cat","embeddable":true,"href":"https:\/\/stoic-curie.212-227-153-4.plesk.page\/hr\/wp-json\/wp\/v2\/product_cat?post=740416"},{"taxonomy":"product_tag","embeddable":true,"href":"https:\/\/stoic-curie.212-227-153-4.plesk.page\/hr\/wp-json\/wp\/v2\/product_tag?post=740416"}],"curies":[{"name":"wp","href":"https:\/\/api.w.org\/{rel}","templated":true}]}}