{"id":740417,"date":"2025-03-03T18:08:16","date_gmt":"2025-03-03T17:08:16","guid":{"rendered":"https:\/\/stoic-curie.212-227-153-4.plesk.page\/producto\/uflex-elektricni-opruzni-podigac-av-12v-l827\/"},"modified":"2026-02-25T00:00:45","modified_gmt":"2026-02-25T00:00:45","slug":"uflex-elektricni-opruzni-podigac-av-12v-l827","status":"publish","type":"product","link":"https:\/\/stoic-curie.212-227-153-4.plesk.page\/hr\/product\/uflex-elektricni-opruzni-podigac-av-12v-l827\/","title":{"rendered":"Uflex AV 4512 elektri\u010dni opru\u017eni podiga\u010d 12V L827"},"content":{"rendered":"<p>Uflex AV 4512 elektri\u010dni opru\u017eni podiga\u010d 12V L827 &#8211; <\/p>\n<p style=\"color: rgb(34, 34, 34); font-family: Arial, Helvetica, sans-serif; font-size: small;\">AV dizalice za poklopce su elektromehani\u010dki sustavi namijenjeni pomorskoj upotrebi na plovnim objektima. Poma\u017eu u jednostavnom otvaranju i zatvaranju velikih motora, vrhunskih rezervoara, grede poklopaca i sli\u010dnih dijelova. Jednim pritiskom na gumb mo\u017eete pomaknuti poklopac od potpuno zatvorenog do potpuno otvorenog. Unutarnja samolocking zna\u010dajka dr\u017ei poklopac sigurno na mjestu, sprje\u010davaju\u0107i slu\u010dajno zatvaranje. Ovi lagani linearni elektri\u010dni dizalice za poklopce mogu se postaviti kao samostalne jedinice.<\/p>\n<p style=\"color: rgb(34, 34, 34); font-family: Arial, Helvetica, sans-serif; font-size: small;\">Djeluju dobro za pristup palubnim poklopcima i vratima stroja, omogu\u0107uju\u0107i i djelomi\u010dna otvaranja. S IP65 vodootpornom klasifikacijom i osovinom od nehr\u0111aju\u0107eg \u010delika, ovi dizalice mogu podr\u017eati maksimalno optere\u0107enje od 120 kg. Potrebni su relej i prekida\u010d za otvaranje i zatvaranje.<\/p>\n<p style=\"color: rgb(34, 34, 34); font-family: Arial, Helvetica, sans-serif; font-size: small;\">U slu\u010daju nestanka struje, funkcija hitne pomo\u0107i omogu\u0107uje vam ru\u010dno upravljanje njima.<\/p>\n<p style=\"color: rgb(34, 34, 34); font-family: Arial, Helvetica, sans-serif; font-size: small;\"><strong>Tehni\u010dke specifikacije<\/strong><\/p>\n<p style=\"color: rgb(34, 34, 34); font-family: Arial, Helvetica, sans-serif; font-size: small;\">AV dizalice za poklopce mo\u017eete postaviti pojedina\u010dno ili u sustavu s dva cilindra za ve\u0107a optere\u0107enja.<\/p>\n<ul style=\"color: rgb(34, 34, 34); font-family: Arial, Helvetica, sans-serif; font-size: small;\">\n<li>Maksimalno optere\u0107enje za pojedina\u010dne instalacije: 1200N (120 kg \/ 265 lbs)<\/li>\n<li>Maksimalno optere\u0107enje za dvostruke instalacije: 2400N (240 kg \/ 529 lbs)<\/li>\n<li>Ne prelazite maksimalne limite optere\u0107enja.<\/li>\n<li>Dolazi s svom potrebnom monta\u017enom opremom.<\/li>\n<li>Posjeduje osovinu s teleskopom od nehr\u0111aju\u0107eg \u010delika za ru\u010dnu uporabu u hitnim slu\u010dajevima.<\/li>\n<li>Ima sklopku za\u0161titu od preoptere\u0107enja i elektroni\u010dku stanicu na oba kraja.<\/li>\n<li>Ocjena IP65 za za\u0161titu od pra\u0161ine i vlage.<\/li>\n<li>Brzina: 25 mm\/s bez optere\u0107enja; 17 mm\/s pri maksimalnom optere\u0107enju.<\/li>\n<li>Potro\u0161nja struje za pojedina\u010dne instalacije: 10A na 12V, 5A na 24V.<\/li>\n<li>Potro\u0161nja struje za dvostruke instalacije: 20A na 12V, 10A na 24V.<\/li>\n<li>Vanjski promjer: 48 mm (1.9&#8243;).<\/li>\n<\/ul>\n<p style=\"color: rgb(34, 34, 34); font-family: Arial, Helvetica, sans-serif; font-size: small;\"><strong>Dostupni modeli<\/strong><\/p>\n<table style=\"color: rgb(34, 34, 34); font-family: Arial, Helvetica, sans-serif; font-size: small; background-color: rgb(255, 255, 255);\">\n<thead>\n<tr>\n<th>Model<\/th>\n<th>SKU<\/th>\n<th>Napon<\/th>\n<th>Duljina hoda<\/th>\n<th>Duljina A (Potpuno zatvoren aktuator)<\/th>\n<th>Vanjski promjer<\/th>\n<\/tr>\n<\/thead>\n<tbody>\n<tr>\n<td style=\"margin: 0px;\">AV 3012<\/td>\n<td style=\"margin: 0px;\">40671C<\/td>\n<td style=\"margin: 0px;\">12V DC<\/td>\n<td style=\"margin: 0px;\">300 mm (12\u201d)<\/td>\n<td style=\"margin: 0px;\">677 mm (26.6\u201d)<\/td>\n<td style=\"margin: 0px;\">48 mm (1.9\u201d)<\/td>\n<\/tr>\n<tr>\n<td style=\"margin: 0px;\">AV 3024<\/td>\n<td style=\"margin: 0px;\">40672E<\/td>\n<td style=\"margin: 0px;\">24V DC<\/td>\n<td style=\"margin: 0px;\">300 mm (12\u201d)<\/td>\n<td style=\"margin: 0px;\">677 mm (26.6\u201d)<\/td>\n<td style=\"margin: 0px;\">48 mm (1.9\u201d)<\/td>\n<\/tr>\n<tr>\n<td style=\"margin: 0px;\">AV 4512<\/td>\n<td style=\"margin: 0px;\">40582D<\/td>\n<td style=\"margin: 0px;\">12V DC<\/td>\n<td style=\"margin: 0px;\">450 mm (18\u201d)<\/td>\n<td style=\"margin: 0px;\">827 mm (32.5\u201d)<\/td>\n<td style=\"margin: 0px;\">48 mm (1.9\u201d)<\/td>\n<\/tr>\n<tr>\n<td style=\"margin: 0px;\">AV 4524<\/td>\n<td style=\"margin: 0px;\">40583F<\/td>\n<td style=\"margin: 0px;\">24V DC<\/td>\n<td style=\"margin: 0px;\">450 mm (18\u201d)<\/td>\n<td style=\"margin: 0px;\">827 mm (32.5\u201d)<\/td>\n<td style=\"margin: 0px;\">48 mm (1.9\u201d)<\/td>\n<\/tr>\n<tr>\n<td style=\"margin: 0px;\">AV 6012<\/td>\n<td style=\"margin: 0px;\">40584H<\/td>\n<td style=\"margin: 0px;\">12V DC<\/td>\n<td style=\"margin: 0px;\">600 mm (24\u201d)<\/td>\n<td style=\"margin: 0px;\">977 mm (38.4\u201d)<\/td>\n<td style=\"margin: 0px;\">48 mm (1.9\u201d)<\/td>\n<\/tr>\n<tr>\n<td style=\"margin: 0px;\">AV 6024<\/td>\n<td style=\"margin: 0px;\">40585K<\/td>\n<td style=\"margin: 0px;\">24V DC<\/td>\n<td style=\"margin: 0px;\">600 mm (24\u201d)<\/td>\n<td style=\"margin: 0px;\">977 mm (38.4\u201d)<\/td>\n<td style=\"margin: 0px;\">48 mm (1.9\u201d)<\/td>\n<\/tr>\n<\/tbody>\n<\/table>\n","protected":false},"excerpt":{"rendered":"<p>Uflex AV 4512 elektri\u010dni opru\u017eni podiga\u010d 12V L827 &#8211; AV dizalice za poklopce su elektromehani\u010dki sustavi namijenjeni pomorskoj upotrebi na<\/p>\n","protected":false},"featured_media":5938848,"comment_status":"open","ping_status":"closed","template":"","meta":[],"product_brand":[3501],"product_cat":[1688],"product_tag":[],"class_list":{"0":"post-740417","1":"product","2":"type-product","3":"status-publish","4":"has-post-thumbnail","6":"product_brand-ultraflex-uflex-hr","7":"product_cat-plinske-opruge-za-poklopce","9":"first","10":"instock","11":"shipping-taxable","12":"purchasable","13":"product-type-simple"},"_links":{"self":[{"href":"https:\/\/stoic-curie.212-227-153-4.plesk.page\/hr\/wp-json\/wp\/v2\/product\/740417","targetHints":{"allow":["GET"]}}],"collection":[{"href":"https:\/\/stoic-curie.212-227-153-4.plesk.page\/hr\/wp-json\/wp\/v2\/product"}],"about":[{"href":"https:\/\/stoic-curie.212-227-153-4.plesk.page\/hr\/wp-json\/wp\/v2\/types\/product"}],"replies":[{"embeddable":true,"href":"https:\/\/stoic-curie.212-227-153-4.plesk.page\/hr\/wp-json\/wp\/v2\/comments?post=740417"}],"version-history":[{"count":0,"href":"https:\/\/stoic-curie.212-227-153-4.plesk.page\/hr\/wp-json\/wp\/v2\/product\/740417\/revisions"}],"wp:featuredmedia":[{"embeddable":true,"href":"https:\/\/stoic-curie.212-227-153-4.plesk.page\/hr\/wp-json\/wp\/v2\/media\/5938848"}],"wp:attachment":[{"href":"https:\/\/stoic-curie.212-227-153-4.plesk.page\/hr\/wp-json\/wp\/v2\/media?parent=740417"}],"wp:term":[{"taxonomy":"product_brand","embeddable":true,"href":"https:\/\/stoic-curie.212-227-153-4.plesk.page\/hr\/wp-json\/wp\/v2\/product_brand?post=740417"},{"taxonomy":"product_cat","embeddable":true,"href":"https:\/\/stoic-curie.212-227-153-4.plesk.page\/hr\/wp-json\/wp\/v2\/product_cat?post=740417"},{"taxonomy":"product_tag","embeddable":true,"href":"https:\/\/stoic-curie.212-227-153-4.plesk.page\/hr\/wp-json\/wp\/v2\/product_tag?post=740417"}],"curies":[{"name":"wp","href":"https:\/\/api.w.org\/{rel}","templated":true}]}}