{"id":740419,"date":"2025-03-03T18:08:16","date_gmt":"2025-03-03T17:08:16","guid":{"rendered":"https:\/\/stoic-curie.212-227-153-4.plesk.page\/producto\/uflex-elektricni-opruzni-podigac-av-24v-l827\/"},"modified":"2026-02-25T00:00:45","modified_gmt":"2026-02-25T00:00:45","slug":"uflex-elektricni-opruzni-podigac-av-24v-l827","status":"publish","type":"product","link":"https:\/\/stoic-curie.212-227-153-4.plesk.page\/hr\/product\/uflex-elektricni-opruzni-podigac-av-24v-l827\/","title":{"rendered":"Uflex AV 4524 elektri\u010dni opru\u017eni podiga\u010d 24V L827"},"content":{"rendered":"<p>Uflex AV 4524 elektri\u010dni opru\u017eni podiga\u010d 24V L827 &#8211; <\/p>\n<p style=\"color: rgb(34, 34, 34); font-family: Arial, Helvetica, sans-serif; font-size: small;\">AV dizalice za poklopce su elektromehani\u010dki sustavi posebno dizajnirani za pomorske aplikacije na plovilima za slobodno vrijeme. Omogu\u0107uju jednostavno otvaranje i zatvaranje velikih poklopaca motora, vrhova rezervoara, grede poklopaca i drugih sli\u010dnih komponenti. Jednostavnim pritiskom gumba mo\u017eete prilagoditi poklopac od potpuno zatvorenog do potpuno otvorenog. Unutarnja funkcija samoprivezivanja osigurava da poklopac ostane sigurno postavljen, sprje\u010davaju\u0107i nepo\u017eeljno zatvaranje. Ove lagane linearne elektri\u010dne dizalice mogu se instalirati kao samostalne jedinice.<\/p>\n<p style=\"color: rgb(34, 34, 34); font-family: Arial, Helvetica, sans-serif; font-size: small;\">Osobito su pogodne za pristup poklopcima palube i vratima strojarnice, \u010dak omogu\u0107uju\u0107i djelomi\u010dna otvaranja. S IP65 vodootpornom klasifikacijom i osovinom od nehr\u0111aju\u0107eg \u010delika, ove dizalice mogu podnijeti maksimalno optere\u0107enje od 120 kg. Za rad im je potrebna relejna jedinica i prekida\u010d za otvaranje i zatvaranje.<\/p>\n<p style=\"color: rgb(34, 34, 34); font-family: Arial, Helvetica, sans-serif; font-size: small;\">U slu\u010daju prekida napajanja, funkcija za hitne slu\u010dajeve omogu\u0107uje ru\u010dnu upotrebu.<\/p>\n<p style=\"color: rgb(34, 34, 34); font-family: Arial, Helvetica, sans-serif; font-size: small;\"><strong>Tehni\u010dke specifikacije<\/strong><\/p>\n<p style=\"color: rgb(34, 34, 34); font-family: Arial, Helvetica, sans-serif; font-size: small;\">Ovisno o va\u0161im potrebama za optere\u0107enjem, AV dizalicu mo\u017eete postaviti pojedina\u010dno ili u dvocilindarskoj konfiguraciji za ve\u0107a optere\u0107enja.<\/p>\n<ul style=\"color: rgb(34, 34, 34); font-family: Arial, Helvetica, sans-serif; font-size: small;\">\n<li>Maksimalno optere\u0107enje za pojedina\u010dne instalacije: 1200N (120 kg \/ 265 lbs)<\/li>\n<li>Maksimalno optere\u0107enje za dvostruke instalacije: 2400N (240 kg \/ 529 lbs)<\/li>\n<li>Ne prema\u0161ujte navedene maksimalne limite optere\u0107enja.<\/li>\n<li>Uklju\u010duje svu potrebnu monta\u017enu hardver.<\/li>\n<li>Posjeduje teleskopski ram od nehr\u0111aju\u0107eg \u010delika za ru\u010dnu operaciju tijekom hitnih slu\u010dajeva.<\/li>\n<li>Opremljena prekida\u010dem za struju kako bi se sprije\u010dilo nenamjerno preoptere\u0107enje i elektroni\u010dko zaustavljanje u potpuno zatvorenim i potpuno otvorenim polo\u017eajima.<\/li>\n<li>Ocjenjena IP65 za za\u0161titu od pra\u0161ine i vlage.<\/li>\n<li>Brzina: 25 mm\/sec bez optere\u0107enja; 17 mm\/sec pod maksimalnim optere\u0107enjem.<\/li>\n<li>Struja za pojedina\u010dne instalacije: 10A pri 12V, 5A pri 24V.<\/li>\n<li>Struja za dvostruke instalacije: 20A pri 12V, 10A pri 24V.<\/li>\n<li>Vanjski promjer: 48 mm (1.9\u201d).<\/li>\n<\/ul>\n<p style=\"color: rgb(34, 34, 34); font-family: Arial, Helvetica, sans-serif; font-size: small;\"><strong>Dostupni modeli<\/strong><\/p>\n<table style=\"color: rgb(34, 34, 34); font-family: Arial, Helvetica, sans-serif; font-size: small;\">\n<thead>\n<tr>\n<th>Model<\/th>\n<th>SKU<\/th>\n<th>Napon<\/th>\n<th>Duljina hoda<\/th>\n<th>Duljina A (potpuno zatvoren aktuator)<\/th>\n<th>Vanjski promjer<\/th>\n<\/tr>\n<\/thead>\n<tbody>\n<tr>\n<td style=\"margin: 0px;\">AV 3012<\/td>\n<td style=\"margin: 0px;\">40671C<\/td>\n<td style=\"margin: 0px;\">12V DC<\/td>\n<td style=\"margin: 0px;\">300 mm (12\u201d)<\/td>\n<td style=\"margin: 0px;\">677 mm (26.6\u201d)<\/td>\n<td style=\"margin: 0px;\">48 mm (1.9\u201d)<\/td>\n<\/tr>\n<tr>\n<td style=\"margin: 0px;\">AV 3024<\/td>\n<td style=\"margin: 0px;\">40672E<\/td>\n<td style=\"margin: 0px;\">24V DC<\/td>\n<td style=\"margin: 0px;\">300 mm (12\u201d)<\/td>\n<td style=\"margin: 0px;\">677 mm (26.6\u201d)<\/td>\n<td style=\"margin: 0px;\">48 mm (1.9\u201d)<\/td>\n<\/tr>\n<tr>\n<td style=\"margin: 0px;\">AV 4512<\/td>\n<td style=\"margin: 0px;\">40582D<\/td>\n<td style=\"margin: 0px;\">12V DC<\/td>\n<td style=\"margin: 0px;\">450 mm (18\u201d)<\/td>\n<td style=\"margin: 0px;\">827 mm (32.5\u201d)<\/td>\n<td style=\"margin: 0px;\">48 mm (1.9\u201d)<\/td>\n<\/tr>\n<tr>\n<td style=\"margin: 0px;\">AV 4524<\/td>\n<td style=\"margin: 0px;\">40583F<\/td>\n<td style=\"margin: 0px;\">24V DC<\/td>\n<td style=\"margin: 0px;\">450 mm (18\u201d)<\/td>\n<td style=\"margin: 0px;\">827 mm (32.5\u201d)<\/td>\n<td style=\"margin: 0px;\">48 mm (1.9\u201d)<\/td>\n<\/tr>\n<tr>\n<td style=\"margin: 0px;\">AV 6012<\/td>\n<td style=\"margin: 0px;\">40584H<\/td>\n<td style=\"margin: 0px;\">12V DC<\/td>\n<td style=\"margin: 0px;\">600 mm (24\u201d)<\/td>\n<td style=\"margin: 0px;\">977 mm (38.4\u201d)<\/td>\n<td style=\"margin: 0px;\">48 mm (1.9\u201d)<\/td>\n<\/tr>\n<tr>\n<td style=\"margin: 0px;\">AV 6024<\/td>\n<td style=\"margin: 0px;\">40585K<\/td>\n<td style=\"margin: 0px;\">24V DC<\/td>\n<td style=\"margin: 0px;\">600 mm (24\u201d)<\/td>\n<td style=\"margin: 0px;\">977 mm (38.4\u201d)<\/td>\n<td style=\"margin: 0px;\">48 mm (1.9\u201d)<\/td>\n<\/tr>\n<\/tbody>\n<\/table>\n","protected":false},"excerpt":{"rendered":"<p>Uflex AV 4524 elektri\u010dni opru\u017eni podiga\u010d 24V L827 &#8211; AV dizalice za poklopce su elektromehani\u010dki sustavi posebno dizajnirani za pomorske<\/p>\n","protected":false},"featured_media":5938848,"comment_status":"open","ping_status":"closed","template":"","meta":[],"product_brand":[3501],"product_cat":[1688],"product_tag":[],"class_list":{"0":"post-740419","1":"product","2":"type-product","3":"status-publish","4":"has-post-thumbnail","6":"product_brand-ultraflex-uflex-hr","7":"product_cat-plinske-opruge-za-poklopce","9":"first","10":"instock","11":"shipping-taxable","12":"purchasable","13":"product-type-simple"},"_links":{"self":[{"href":"https:\/\/stoic-curie.212-227-153-4.plesk.page\/hr\/wp-json\/wp\/v2\/product\/740419","targetHints":{"allow":["GET"]}}],"collection":[{"href":"https:\/\/stoic-curie.212-227-153-4.plesk.page\/hr\/wp-json\/wp\/v2\/product"}],"about":[{"href":"https:\/\/stoic-curie.212-227-153-4.plesk.page\/hr\/wp-json\/wp\/v2\/types\/product"}],"replies":[{"embeddable":true,"href":"https:\/\/stoic-curie.212-227-153-4.plesk.page\/hr\/wp-json\/wp\/v2\/comments?post=740419"}],"version-history":[{"count":0,"href":"https:\/\/stoic-curie.212-227-153-4.plesk.page\/hr\/wp-json\/wp\/v2\/product\/740419\/revisions"}],"wp:featuredmedia":[{"embeddable":true,"href":"https:\/\/stoic-curie.212-227-153-4.plesk.page\/hr\/wp-json\/wp\/v2\/media\/5938848"}],"wp:attachment":[{"href":"https:\/\/stoic-curie.212-227-153-4.plesk.page\/hr\/wp-json\/wp\/v2\/media?parent=740419"}],"wp:term":[{"taxonomy":"product_brand","embeddable":true,"href":"https:\/\/stoic-curie.212-227-153-4.plesk.page\/hr\/wp-json\/wp\/v2\/product_brand?post=740419"},{"taxonomy":"product_cat","embeddable":true,"href":"https:\/\/stoic-curie.212-227-153-4.plesk.page\/hr\/wp-json\/wp\/v2\/product_cat?post=740419"},{"taxonomy":"product_tag","embeddable":true,"href":"https:\/\/stoic-curie.212-227-153-4.plesk.page\/hr\/wp-json\/wp\/v2\/product_tag?post=740419"}],"curies":[{"name":"wp","href":"https:\/\/api.w.org\/{rel}","templated":true}]}}