{"id":740420,"date":"2025-03-03T18:08:16","date_gmt":"2025-03-03T17:08:16","guid":{"rendered":"https:\/\/stoic-curie.212-227-153-4.plesk.page\/producto\/uflex-elektricni-opruzni-podigac-av-24v-l977\/"},"modified":"2026-02-25T00:00:45","modified_gmt":"2026-02-25T00:00:45","slug":"uflex-elektricni-opruzni-podigac-av-24v-l977","status":"publish","type":"product","link":"https:\/\/stoic-curie.212-227-153-4.plesk.page\/hr\/product\/uflex-elektricni-opruzni-podigac-av-24v-l977\/","title":{"rendered":"Uflex elektri\u010dni opru\u017eni podiga\u010d, Uflex AV 6024 24V L977"},"content":{"rendered":"<p>Uflex elektri\u010dni opru\u017eni podiga\u010d, Uflex AV 6024 24V L977 &#8211; <\/p>\n<p style=\"color: rgb(34, 34, 34); font-family: Arial, Helvetica, sans-serif; font-size: small;\">AV podiza\u010di poklopaca su elektromehani\u010dki ure\u0111aji dizajnirani za maritimnu upotrebu na rekreativnim \u010damcima. Omogu\u0107uju jednostavno otvaranje i zatvaranje te\u0161kih poklopaca motora, rezervoara i drugih poklopaca. Jednim pritiskom na gumb mo\u017eete postaviti poklopac u bilo kojem polo\u017eaju, od potpuno zatvorenog do potpuno otvorenog. Unutarnji samosprije\u010davaju\u0107i mehanizam dr\u017ei poklopac sigurno na mjestu, spre\u010davaju\u0107i slu\u010dajna zatvaranja. Ovi lagani linearni elektri\u010dni podiza\u010di poklopaca mogu se instalirati pojedina\u010dno.<\/p>\n<p style=\"color: rgb(34, 34, 34); font-family: Arial, Helvetica, sans-serif; font-size: small;\">Idealni su za otvaranje poklopaca palube i vrata strojarnice, \u010dak i na pola. Sa IP65 vodootpornom klasom i vratilom od nehr\u0111aju\u0107eg \u010delika, ovi podiza\u010di mogu podr\u017eati maksimalno optere\u0107enje od 120 kg. Za rad im je potreban relej i prekida\u010d za otvaranje i zatvaranje.<\/p>\n<p style=\"color: rgb(34, 34, 34); font-family: Arial, Helvetica, sans-serif; font-size: small;\">U slu\u010daju nestanka struje, hitna funkcija omogu\u0107ava ru\u010dno upravljanje.<\/p>\n<p style=\"color: rgb(34, 34, 34); font-family: Arial, Helvetica, sans-serif; font-size: small;\"><strong>Tehni\u010dke karakteristike<\/strong><\/p>\n<p style=\"color: rgb(34, 34, 34); font-family: Arial, Helvetica, sans-serif; font-size: small;\">Ovisno o va\u0161im potrebama za optere\u0107enjem, AV podiza\u010d poklopca mo\u017ee se instalirati pojedina\u010dno ili u postavci s dva cilindra za te\u017ea optere\u0107enja.<\/p>\n<ul style=\"color: rgb(34, 34, 34); font-family: Arial, Helvetica, sans-serif; font-size: small;\">\n<li>Maksimalno optere\u0107enje za pojedina\u010dne instalacije: 1200N (120 kg \/ 265 lbs)<\/li>\n<li>Maksimalno optere\u0107enje za dualne instalacije: 2400N (240 kg \/ 529 lbs)<\/li>\n<li>Ne prelazite maksimalne limite optere\u0107enja.<\/li>\n<li>Dolazi sa svom potrebnom instalacijskom opremom.<\/li>\n<li>Posjeduje vratilo od nehr\u0111aju\u0107eg \u010delika za ru\u010dno otvaranje u hitnim situacijama.<\/li>\n<li>Uklju\u010duje automatski prekida\u010d kako bi sprije\u010dio slu\u010dajno preoptere\u0107enje i elektroni\u010dka zaustavljanja u zatvorenom i potpuno otvorenom polo\u017eaju.<\/li>\n<li>Ocjena IP65 za za\u0161titu od pra\u0161ine i vode.<\/li>\n<li>Brzina: 25 mm\/sec bez optere\u0107enja; 17 mm\/sec pod maksimalnim optere\u0107enjem.<\/li>\n<li>Struja za pojedina\u010dne instalacije: 10A na 12V, 5A na 24V.<\/li>\n<li>Struja za dualne instalacije: 20A na 12V, 10A na 24V.<\/li>\n<li>Vanjski promjer: 48 mm (1.9&#8243;).<\/li>\n<\/ul>\n<p style=\"color: rgb(34, 34, 34); font-family: Arial, Helvetica, sans-serif; font-size: small;\"><strong>Modeli<\/strong><\/p>\n<table style=\"color: rgb(34, 34, 34); font-family: Arial, Helvetica, sans-serif; font-size: small;\">\n<thead>\n<tr>\n<th>Model<\/th>\n<th>SKU<\/th>\n<th>Napon<\/th>\n<th>Duljina Hoda<\/th>\n<th>Duljina A (Potpuno zatvoren aktuator)<\/th>\n<th>Vanjski promjer<\/th>\n<\/tr>\n<\/thead>\n<tbody>\n<tr>\n<td style=\"margin: 0px;\">AV 3012<\/td>\n<td style=\"margin: 0px;\">40671C<\/td>\n<td style=\"margin: 0px;\">12V DC<\/td>\n<td style=\"margin: 0px;\">300 mm (12\u201d)<\/td>\n<td style=\"margin: 0px;\">677 mm (26.6\u201d)<\/td>\n<td style=\"margin: 0px;\">48 mm (1.9\u201d)<\/td>\n<\/tr>\n<tr>\n<td style=\"margin: 0px;\">AV 3024<\/td>\n<td style=\"margin: 0px;\">40672E<\/td>\n<td style=\"margin: 0px;\">24V DC<\/td>\n<td style=\"margin: 0px;\">300 mm (12\u201d)<\/td>\n<td style=\"margin: 0px;\">677 mm (26.6\u201d)<\/td>\n<td style=\"margin: 0px;\">48 mm (1.9\u201d)<\/td>\n<\/tr>\n<tr>\n<td style=\"margin: 0px;\">AV 4512<\/td>\n<td style=\"margin: 0px;\">40582D<\/td>\n<td style=\"margin: 0px;\">12V DC<\/td>\n<td style=\"margin: 0px;\">450 mm (18\u201d)<\/td>\n<td style=\"margin: 0px;\">827 mm (32.5\u201d)<\/td>\n<td style=\"margin: 0px;\">48 mm (1.9\u201d)<\/td>\n<\/tr>\n<tr>\n<td style=\"margin: 0px;\">AV 4524<\/td>\n<td style=\"margin: 0px;\">40583F<\/td>\n<td style=\"margin: 0px;\">24V DC<\/td>\n<td style=\"margin: 0px;\">450 mm (18\u201d)<\/td>\n<td style=\"margin: 0px;\">827 mm (32.5\u201d)<\/td>\n<td style=\"margin: 0px;\">48 mm (1.9\u201d)<\/td>\n<\/tr>\n<tr>\n<td style=\"margin: 0px;\">AV 6012<\/td>\n<td style=\"margin: 0px;\">40584H<\/td>\n<td style=\"margin: 0px;\">12V DC<\/td>\n<td style=\"margin: 0px;\">600 mm (24\u201d)<\/td>\n<td style=\"margin: 0px;\">977 mm (38.4\u201d)<\/td>\n<td style=\"margin: 0px;\">48 mm (1.9\u201d)<\/td>\n<\/tr>\n<tr>\n<td style=\"margin: 0px;\">AV 6024<\/td>\n<td style=\"margin: 0px;\">40585K<\/td>\n<td style=\"margin: 0px;\">24V DC<\/td>\n<td style=\"margin: 0px;\">600 mm (24\u201d)<\/td>\n<td style=\"margin: 0px;\">977 mm (38.4\u201d)<\/td>\n<td style=\"margin: 0px;\">48 mm (1.9\u201d)<\/td>\n<\/tr>\n<\/tbody>\n<\/table>\n","protected":false},"excerpt":{"rendered":"<p>Uflex elektri\u010dni opru\u017eni podiga\u010d, Uflex AV 6024 24V L977 &#8211; AV podiza\u010di poklopaca su elektromehani\u010dki ure\u0111aji dizajnirani za maritimnu upotrebu<\/p>\n","protected":false},"featured_media":5938848,"comment_status":"open","ping_status":"closed","template":"","meta":[],"product_brand":[3501],"product_cat":[1688],"product_tag":[],"class_list":{"0":"post-740420","1":"product","2":"type-product","3":"status-publish","4":"has-post-thumbnail","6":"product_brand-ultraflex-uflex-hr","7":"product_cat-plinske-opruge-za-poklopce","9":"first","10":"instock","11":"shipping-taxable","12":"purchasable","13":"product-type-simple"},"_links":{"self":[{"href":"https:\/\/stoic-curie.212-227-153-4.plesk.page\/hr\/wp-json\/wp\/v2\/product\/740420","targetHints":{"allow":["GET"]}}],"collection":[{"href":"https:\/\/stoic-curie.212-227-153-4.plesk.page\/hr\/wp-json\/wp\/v2\/product"}],"about":[{"href":"https:\/\/stoic-curie.212-227-153-4.plesk.page\/hr\/wp-json\/wp\/v2\/types\/product"}],"replies":[{"embeddable":true,"href":"https:\/\/stoic-curie.212-227-153-4.plesk.page\/hr\/wp-json\/wp\/v2\/comments?post=740420"}],"version-history":[{"count":0,"href":"https:\/\/stoic-curie.212-227-153-4.plesk.page\/hr\/wp-json\/wp\/v2\/product\/740420\/revisions"}],"wp:featuredmedia":[{"embeddable":true,"href":"https:\/\/stoic-curie.212-227-153-4.plesk.page\/hr\/wp-json\/wp\/v2\/media\/5938848"}],"wp:attachment":[{"href":"https:\/\/stoic-curie.212-227-153-4.plesk.page\/hr\/wp-json\/wp\/v2\/media?parent=740420"}],"wp:term":[{"taxonomy":"product_brand","embeddable":true,"href":"https:\/\/stoic-curie.212-227-153-4.plesk.page\/hr\/wp-json\/wp\/v2\/product_brand?post=740420"},{"taxonomy":"product_cat","embeddable":true,"href":"https:\/\/stoic-curie.212-227-153-4.plesk.page\/hr\/wp-json\/wp\/v2\/product_cat?post=740420"},{"taxonomy":"product_tag","embeddable":true,"href":"https:\/\/stoic-curie.212-227-153-4.plesk.page\/hr\/wp-json\/wp\/v2\/product_tag?post=740420"}],"curies":[{"name":"wp","href":"https:\/\/api.w.org\/{rel}","templated":true}]}}