{"id":740441,"date":"2025-03-03T18:08:21","date_gmt":"2025-03-03T17:08:21","guid":{"rendered":"https:\/\/stoic-curie.212-227-153-4.plesk.page\/producto\/kaljuzna-pumpa-johnson-ultima-600-gph-12v-32-47258-008\/"},"modified":"2026-02-25T00:00:45","modified_gmt":"2026-02-25T00:00:45","slug":"kaljuzna-pumpa-johnson-ultima-600-gph-12v-32-47258-008","status":"publish","type":"product","link":"https:\/\/stoic-curie.212-227-153-4.plesk.page\/hr\/product\/kaljuzna-pumpa-johnson-ultima-600-gph-12v-32-47258-008\/","title":{"rendered":"Kalju\u017ena pumpa Johnson Ultima 600 GPH 12V 32-47258-008"},"content":{"rendered":"<p>Kalju\u017ena pumpa Johnson Ultima 600 GPH 12V 32-47258-008 &#8211; <\/p>\n<p>Automatska potopna pumpa za vodu Johnson Ultima Bilge s ugra\u0111enim prekida\u010dem razine. Aktivira se automatski kada se otkrije voda u kalju\u017ei.<\/p>\n","protected":false},"excerpt":{"rendered":"<p>Kalju\u017ena pumpa Johnson Ultima 600 GPH 12V 32-47258-008 &#8211; Automatska potopna pumpa za vodu Johnson Ultima Bilge s ugra\u0111enim prekida\u010dem<\/p>\n","protected":false},"featured_media":5938992,"comment_status":"open","ping_status":"closed","template":"","meta":[],"product_brand":[3046],"product_cat":[1659],"product_tag":[],"class_list":{"0":"post-740441","1":"product","2":"type-product","3":"status-publish","4":"has-post-thumbnail","6":"product_brand-johnson-marine-hr","7":"product_cat-elektricne-kaljuzne-pumpe","9":"first","10":"instock","11":"shipping-taxable","12":"purchasable","13":"product-type-simple"},"_links":{"self":[{"href":"https:\/\/stoic-curie.212-227-153-4.plesk.page\/hr\/wp-json\/wp\/v2\/product\/740441","targetHints":{"allow":["GET"]}}],"collection":[{"href":"https:\/\/stoic-curie.212-227-153-4.plesk.page\/hr\/wp-json\/wp\/v2\/product"}],"about":[{"href":"https:\/\/stoic-curie.212-227-153-4.plesk.page\/hr\/wp-json\/wp\/v2\/types\/product"}],"replies":[{"embeddable":true,"href":"https:\/\/stoic-curie.212-227-153-4.plesk.page\/hr\/wp-json\/wp\/v2\/comments?post=740441"}],"version-history":[{"count":0,"href":"https:\/\/stoic-curie.212-227-153-4.plesk.page\/hr\/wp-json\/wp\/v2\/product\/740441\/revisions"}],"wp:featuredmedia":[{"embeddable":true,"href":"https:\/\/stoic-curie.212-227-153-4.plesk.page\/hr\/wp-json\/wp\/v2\/media\/5938992"}],"wp:attachment":[{"href":"https:\/\/stoic-curie.212-227-153-4.plesk.page\/hr\/wp-json\/wp\/v2\/media?parent=740441"}],"wp:term":[{"taxonomy":"product_brand","embeddable":true,"href":"https:\/\/stoic-curie.212-227-153-4.plesk.page\/hr\/wp-json\/wp\/v2\/product_brand?post=740441"},{"taxonomy":"product_cat","embeddable":true,"href":"https:\/\/stoic-curie.212-227-153-4.plesk.page\/hr\/wp-json\/wp\/v2\/product_cat?post=740441"},{"taxonomy":"product_tag","embeddable":true,"href":"https:\/\/stoic-curie.212-227-153-4.plesk.page\/hr\/wp-json\/wp\/v2\/product_tag?post=740441"}],"curies":[{"name":"wp","href":"https:\/\/api.w.org\/{rel}","templated":true}]}}