{"id":740442,"date":"2025-03-03T18:08:22","date_gmt":"2025-03-03T17:08:22","guid":{"rendered":"https:\/\/stoic-curie.212-227-153-4.plesk.page\/producto\/automatska-kaljuzna-pumpa-jhonson-ultima-combo-800-gph-12v\/"},"modified":"2026-02-25T00:00:45","modified_gmt":"2026-02-25T00:00:45","slug":"automatska-kaljuzna-pumpa-jhonson-ultima-combo-800-gph-12v","status":"publish","type":"product","link":"https:\/\/stoic-curie.212-227-153-4.plesk.page\/hr\/product\/automatska-kaljuzna-pumpa-jhonson-ultima-combo-800-gph-12v\/","title":{"rendered":"Automatska kalju\u017ena pumpa Jhonson Ultima Combo 800 GPH 12V"},"content":{"rendered":"<p>Automatska kalju\u017ena pumpa Jhonson Ultima Combo 800 GPH 12V &#8211; <\/p>\n<p>Automatska podvodna pumpa Johnson Ultima Bilge s ugra\u0111enim prekida\u010dem razine. Aktivira se automatski kada se voda detektira u dnu broda.<\/p>\n","protected":false},"excerpt":{"rendered":"<p>Automatska kalju\u017ena pumpa Jhonson Ultima Combo 800 GPH 12V &#8211; Automatska podvodna pumpa Johnson Ultima Bilge s ugra\u0111enim prekida\u010dem razine.<\/p>\n","protected":false},"featured_media":5938992,"comment_status":"open","ping_status":"closed","template":"","meta":[],"product_brand":[3046],"product_cat":[1659],"product_tag":[],"class_list":{"0":"post-740442","1":"product","2":"type-product","3":"status-publish","4":"has-post-thumbnail","6":"product_brand-johnson-marine-hr","7":"product_cat-elektricne-kaljuzne-pumpe","9":"first","10":"instock","11":"shipping-taxable","12":"purchasable","13":"product-type-simple"},"_links":{"self":[{"href":"https:\/\/stoic-curie.212-227-153-4.plesk.page\/hr\/wp-json\/wp\/v2\/product\/740442","targetHints":{"allow":["GET"]}}],"collection":[{"href":"https:\/\/stoic-curie.212-227-153-4.plesk.page\/hr\/wp-json\/wp\/v2\/product"}],"about":[{"href":"https:\/\/stoic-curie.212-227-153-4.plesk.page\/hr\/wp-json\/wp\/v2\/types\/product"}],"replies":[{"embeddable":true,"href":"https:\/\/stoic-curie.212-227-153-4.plesk.page\/hr\/wp-json\/wp\/v2\/comments?post=740442"}],"version-history":[{"count":0,"href":"https:\/\/stoic-curie.212-227-153-4.plesk.page\/hr\/wp-json\/wp\/v2\/product\/740442\/revisions"}],"wp:featuredmedia":[{"embeddable":true,"href":"https:\/\/stoic-curie.212-227-153-4.plesk.page\/hr\/wp-json\/wp\/v2\/media\/5938992"}],"wp:attachment":[{"href":"https:\/\/stoic-curie.212-227-153-4.plesk.page\/hr\/wp-json\/wp\/v2\/media?parent=740442"}],"wp:term":[{"taxonomy":"product_brand","embeddable":true,"href":"https:\/\/stoic-curie.212-227-153-4.plesk.page\/hr\/wp-json\/wp\/v2\/product_brand?post=740442"},{"taxonomy":"product_cat","embeddable":true,"href":"https:\/\/stoic-curie.212-227-153-4.plesk.page\/hr\/wp-json\/wp\/v2\/product_cat?post=740442"},{"taxonomy":"product_tag","embeddable":true,"href":"https:\/\/stoic-curie.212-227-153-4.plesk.page\/hr\/wp-json\/wp\/v2\/product_tag?post=740442"}],"curies":[{"name":"wp","href":"https:\/\/api.w.org\/{rel}","templated":true}]}}